{"id":39193,"date":"2021-05-18T09:58:28","date_gmt":"2021-05-18T07:58:28","guid":{"rendered":"https:\/\/www.hoogstra-autosport.nl\/?post_type=product&#038;p=39193"},"modified":"2025-12-02T15:20:40","modified_gmt":"2025-12-02T14:20:40","slug":"hjs-uitlaatdemper-incl-katalysator-70mm","status":"publish","type":"product","link":"https:\/\/www.hoogstra-autosport.nl\/de\/produkt\/hjs-uitlaatdemper-incl-katalysator-70mm\/","title":{"rendered":"HJS Auspufftopf mit Katalysator 70MM"},"content":{"rendered":"<p>HJS-Schalld\u00e4mpfer mit integriertem Katalysator<\/p>\n<p>alles in 1 ideal und super funktionierend<\/p>\n<p><span class=\"goog-text-highlight\">Die kompakte Bauweise erm\u00f6glicht den Einbau auch in Fahrzeuge mit geringer Bodenfreiheit.<\/span><\/p>\n<p><span class=\"goog-text-highlight\"><br \/>\n<\/span>Die Kombination aus Schalld\u00e4mpfer und\u00a0<a title=\"PE-Katalysatoren\" href=\"http:\/\/www.hjs-motorsport.de\/products\/motorsport\/catalysts\/pe-catalysts.html\">PE-Katalysator<\/a>\u00a0bietet erhebliche Gewichtseinsparungen.<\/p>\n<p>Die austauschbare PE-Katalysatoreinheit garantiert einen kosteng\u00fcnstigen Austausch.<\/p>\n<p>Gr\u00f6\u00dfen: 70 mm Anschl\u00fcsse k\u00f6nnen durch Konus bis 76 MM , 142 Durchmesser, 425 mm lang<\/p>\n<p>Zulassung: FIA WRC 112\/10 PE DMSB-Zertifikat<\/p>\n<p>&nbsp;<\/p>","protected":false},"excerpt":{"rendered":"<p>HJS uitlaatdemper inclusief ge\u00efntegreerde katalysator alles in 1 ideaal en super werkend De compacte constructie maakt de installatie ook in voertuigen met een lage bodemvrijheid. De combinatie van geluiddemper en\u00a0PE katalysator\u00a0zorgt voor een aanzienlijke gewichtsbesparing. De verwisselbare PE katalysator unit staat garant voor kosteneffectieve vervanging. Maten: 70 mm aansluitingen kan door konus naar 76 MM\u00a0 [&hellip;]<\/p>\n","protected":false},"featured_media":94381,"template":"","meta":{"_acf_changed":false},"product_brand":[],"product_cat":[3876,3879],"product_tag":[],"class_list":{"0":"post-39193","1":"product","2":"type-product","3":"status-publish","4":"has-post-thumbnail","6":"product_cat-katalysator","7":"product_cat-uitlaatdemper-bochten-70-mm","8":"product_shipping_class-4016","10":"first","11":"instock","12":"taxable","13":"shipping-taxable","14":"purchasable","15":"product-type-simple"},"acf":[],"yoast_head":"<!-- This site is optimized with the Yoast SEO plugin v27.1.1 - https:\/\/yoast.com\/product\/yoast-seo-wordpress\/ -->\n<title>HJS Uitlaatdemper incl katalysator 70MM - Hoogstra Autosport<\/title>\n<meta name=\"robots\" content=\"index, follow, max-snippet:-1, max-image-preview:large, max-video-preview:-1\" \/>\n<link rel=\"canonical\" href=\"https:\/\/www.hoogstra-autosport.nl\/de\/produkt\/hjs-uitlaatdemper-incl-katalysator-70mm\/\" \/>\n<meta property=\"og:locale\" content=\"de_DE\" \/>\n<meta property=\"og:type\" content=\"article\" \/>\n<meta property=\"og:title\" content=\"HJS Uitlaatdemper incl katalysator 70MM - Hoogstra Autosport\" \/>\n<meta property=\"og:description\" content=\"HJS uitlaatdemper inclusief ge\u00efntegreerde katalysator alles in 1 ideaal en super werkend De compacte constructie maakt de installatie ook in voertuigen met een lage bodemvrijheid. De combinatie van geluiddemper en\u00a0PE katalysator\u00a0zorgt voor een aanzienlijke gewichtsbesparing. De verwisselbare PE katalysator unit staat garant voor kosteneffectieve vervanging. Maten: 70 mm aansluitingen kan door konus naar 76 MM\u00a0 [&hellip;]\" \/>\n<meta property=\"og:url\" content=\"https:\/\/www.hoogstra-autosport.nl\/de\/produkt\/hjs-uitlaatdemper-incl-katalysator-70mm\/\" \/>\n<meta property=\"og:site_name\" content=\"Hoogstra Autosport\" \/>\n<meta property=\"article:modified_time\" content=\"2025-12-02T14:20:40+00:00\" \/>\n<meta property=\"og:image\" content=\"https:\/\/www.hoogstra-autosport.nl\/teamkoen\/wp-content\/uploads\/2021\/05\/Untitled-Project-2025-12-02T152016.614.jpg\" \/>\n\t<meta property=\"og:image:width\" content=\"1080\" \/>\n\t<meta property=\"og:image:height\" content=\"1080\" \/>\n\t<meta property=\"og:image:type\" content=\"image\/jpeg\" \/>\n<meta name=\"twitter:card\" content=\"summary_large_image\" \/>\n<meta name=\"twitter:label1\" content=\"Gesch\u00e4tzte Lesezeit\" \/>\n\t<meta name=\"twitter:data1\" content=\"1\u00a0Minute\" \/>\n<script type=\"application\/ld+json\" class=\"yoast-schema-graph\">{\"@context\":\"https:\/\/schema.org\",\"@graph\":[{\"@type\":\"WebPage\",\"@id\":\"https:\/\/www.hoogstra-autosport.nl\/product\/hjs-uitlaatdemper-incl-katalysator-70mm\/\",\"url\":\"https:\/\/www.hoogstra-autosport.nl\/product\/hjs-uitlaatdemper-incl-katalysator-70mm\/\",\"name\":\"HJS Uitlaatdemper incl katalysator 70MM - Hoogstra Autosport\",\"isPartOf\":{\"@id\":\"https:\/\/www.hoogstra-autosport.nl\/#website\"},\"primaryImageOfPage\":{\"@id\":\"https:\/\/www.hoogstra-autosport.nl\/product\/hjs-uitlaatdemper-incl-katalysator-70mm\/#primaryimage\"},\"image\":{\"@id\":\"https:\/\/www.hoogstra-autosport.nl\/product\/hjs-uitlaatdemper-incl-katalysator-70mm\/#primaryimage\"},\"thumbnailUrl\":\"https:\/\/www.hoogstra-autosport.nl\/teamkoen\/wp-content\/uploads\/2021\/05\/Untitled-Project-2025-12-02T152016.614.jpg\",\"datePublished\":\"2021-05-18T07:58:28+00:00\",\"dateModified\":\"2025-12-02T14:20:40+00:00\",\"breadcrumb\":{\"@id\":\"https:\/\/www.hoogstra-autosport.nl\/product\/hjs-uitlaatdemper-incl-katalysator-70mm\/#breadcrumb\"},\"inLanguage\":\"de\",\"potentialAction\":[{\"@type\":\"ReadAction\",\"target\":[\"https:\/\/www.hoogstra-autosport.nl\/product\/hjs-uitlaatdemper-incl-katalysator-70mm\/\"]}]},{\"@type\":\"ImageObject\",\"inLanguage\":\"de\",\"@id\":\"https:\/\/www.hoogstra-autosport.nl\/product\/hjs-uitlaatdemper-incl-katalysator-70mm\/#primaryimage\",\"url\":\"https:\/\/www.hoogstra-autosport.nl\/teamkoen\/wp-content\/uploads\/2021\/05\/Untitled-Project-2025-12-02T152016.614.jpg\",\"contentUrl\":\"https:\/\/www.hoogstra-autosport.nl\/teamkoen\/wp-content\/uploads\/2021\/05\/Untitled-Project-2025-12-02T152016.614.jpg\",\"width\":1080,\"height\":1080},{\"@type\":\"BreadcrumbList\",\"@id\":\"https:\/\/www.hoogstra-autosport.nl\/product\/hjs-uitlaatdemper-incl-katalysator-70mm\/#breadcrumb\",\"itemListElement\":[{\"@type\":\"ListItem\",\"position\":1,\"name\":\"Home\",\"item\":\"https:\/\/www.hoogstra-autosport.nl\/\"},{\"@type\":\"ListItem\",\"position\":2,\"name\":\"Motorisch\",\"item\":\"https:\/\/www.hoogstra-autosport.nl\/product-categorie\/auto-techniek\/\"},{\"@type\":\"ListItem\",\"position\":3,\"name\":\"Uitlaten &amp; Isolatie &amp; Motor\",\"item\":\"https:\/\/www.hoogstra-autosport.nl\/product-categorie\/auto-techniek\/motoren-techniek-inlaat-uitlaat\/\"},{\"@type\":\"ListItem\",\"position\":4,\"name\":\"Dempers &amp; Katalysatoren\",\"item\":\"https:\/\/www.hoogstra-autosport.nl\/product-categorie\/auto-techniek\/motoren-techniek-inlaat-uitlaat\/uitlaten-en-dempers\/\"},{\"@type\":\"ListItem\",\"position\":5,\"name\":\"Uitlaatdempers 70 MM\",\"item\":\"https:\/\/www.hoogstra-autosport.nl\/product-categorie\/auto-techniek\/motoren-techniek-inlaat-uitlaat\/uitlaten-en-dempers\/uitlaatdemper-bochten-70-mm\/\"},{\"@type\":\"ListItem\",\"position\":6,\"name\":\"HJS Uitlaatdemper incl katalysator 70MM\"}]},{\"@type\":\"WebSite\",\"@id\":\"https:\/\/www.hoogstra-autosport.nl\/#website\",\"url\":\"https:\/\/www.hoogstra-autosport.nl\/\",\"name\":\"Hoogstra Autosport\",\"description\":\"Performance Autosport Parts!\",\"potentialAction\":[{\"@type\":\"SearchAction\",\"target\":{\"@type\":\"EntryPoint\",\"urlTemplate\":\"https:\/\/www.hoogstra-autosport.nl\/?s={search_term_string}\"},\"query-input\":{\"@type\":\"PropertyValueSpecification\",\"valueRequired\":true,\"valueName\":\"search_term_string\"}}],\"inLanguage\":\"de\"}]}<\/script>\n<!-- \/ Yoast SEO plugin. -->","yoast_head_json":{"title":"HJS Uitlaatdemper incl katalysator 70MM - Hoogstra Autosport","robots":{"index":"index","follow":"follow","max-snippet":"max-snippet:-1","max-image-preview":"max-image-preview:large","max-video-preview":"max-video-preview:-1"},"canonical":"https:\/\/www.hoogstra-autosport.nl\/de\/produkt\/hjs-uitlaatdemper-incl-katalysator-70mm\/","og_locale":"de_DE","og_type":"article","og_title":"HJS Uitlaatdemper incl katalysator 70MM - Hoogstra Autosport","og_description":"HJS uitlaatdemper inclusief ge\u00efntegreerde katalysator alles in 1 ideaal en super werkend De compacte constructie maakt de installatie ook in voertuigen met een lage bodemvrijheid. De combinatie van geluiddemper en\u00a0PE katalysator\u00a0zorgt voor een aanzienlijke gewichtsbesparing. De verwisselbare PE katalysator unit staat garant voor kosteneffectieve vervanging. Maten: 70 mm aansluitingen kan door konus naar 76 MM\u00a0 [&hellip;]","og_url":"https:\/\/www.hoogstra-autosport.nl\/de\/produkt\/hjs-uitlaatdemper-incl-katalysator-70mm\/","og_site_name":"Hoogstra Autosport","article_modified_time":"2025-12-02T14:20:40+00:00","og_image":[{"width":1080,"height":1080,"url":"https:\/\/www.hoogstra-autosport.nl\/teamkoen\/wp-content\/uploads\/2021\/05\/Untitled-Project-2025-12-02T152016.614.jpg","type":"image\/jpeg"}],"twitter_card":"summary_large_image","twitter_misc":{"Gesch\u00e4tzte Lesezeit":"1\u00a0Minute"},"schema":{"@context":"https:\/\/schema.org","@graph":[{"@type":"WebPage","@id":"https:\/\/www.hoogstra-autosport.nl\/product\/hjs-uitlaatdemper-incl-katalysator-70mm\/","url":"https:\/\/www.hoogstra-autosport.nl\/product\/hjs-uitlaatdemper-incl-katalysator-70mm\/","name":"HJS Uitlaatdemper incl katalysator 70MM - Hoogstra Autosport","isPartOf":{"@id":"https:\/\/www.hoogstra-autosport.nl\/#website"},"primaryImageOfPage":{"@id":"https:\/\/www.hoogstra-autosport.nl\/product\/hjs-uitlaatdemper-incl-katalysator-70mm\/#primaryimage"},"image":{"@id":"https:\/\/www.hoogstra-autosport.nl\/product\/hjs-uitlaatdemper-incl-katalysator-70mm\/#primaryimage"},"thumbnailUrl":"https:\/\/www.hoogstra-autosport.nl\/teamkoen\/wp-content\/uploads\/2021\/05\/Untitled-Project-2025-12-02T152016.614.jpg","datePublished":"2021-05-18T07:58:28+00:00","dateModified":"2025-12-02T14:20:40+00:00","breadcrumb":{"@id":"https:\/\/www.hoogstra-autosport.nl\/product\/hjs-uitlaatdemper-incl-katalysator-70mm\/#breadcrumb"},"inLanguage":"de","potentialAction":[{"@type":"ReadAction","target":["https:\/\/www.hoogstra-autosport.nl\/product\/hjs-uitlaatdemper-incl-katalysator-70mm\/"]}]},{"@type":"ImageObject","inLanguage":"de","@id":"https:\/\/www.hoogstra-autosport.nl\/product\/hjs-uitlaatdemper-incl-katalysator-70mm\/#primaryimage","url":"https:\/\/www.hoogstra-autosport.nl\/teamkoen\/wp-content\/uploads\/2021\/05\/Untitled-Project-2025-12-02T152016.614.jpg","contentUrl":"https:\/\/www.hoogstra-autosport.nl\/teamkoen\/wp-content\/uploads\/2021\/05\/Untitled-Project-2025-12-02T152016.614.jpg","width":1080,"height":1080},{"@type":"BreadcrumbList","@id":"https:\/\/www.hoogstra-autosport.nl\/product\/hjs-uitlaatdemper-incl-katalysator-70mm\/#breadcrumb","itemListElement":[{"@type":"ListItem","position":1,"name":"Home","item":"https:\/\/www.hoogstra-autosport.nl\/"},{"@type":"ListItem","position":2,"name":"Motorisch","item":"https:\/\/www.hoogstra-autosport.nl\/product-categorie\/auto-techniek\/"},{"@type":"ListItem","position":3,"name":"Uitlaten &amp; Isolatie &amp; Motor","item":"https:\/\/www.hoogstra-autosport.nl\/product-categorie\/auto-techniek\/motoren-techniek-inlaat-uitlaat\/"},{"@type":"ListItem","position":4,"name":"Dempers &amp; Katalysatoren","item":"https:\/\/www.hoogstra-autosport.nl\/product-categorie\/auto-techniek\/motoren-techniek-inlaat-uitlaat\/uitlaten-en-dempers\/"},{"@type":"ListItem","position":5,"name":"Uitlaatdempers 70 MM","item":"https:\/\/www.hoogstra-autosport.nl\/product-categorie\/auto-techniek\/motoren-techniek-inlaat-uitlaat\/uitlaten-en-dempers\/uitlaatdemper-bochten-70-mm\/"},{"@type":"ListItem","position":6,"name":"HJS Uitlaatdemper incl katalysator 70MM"}]},{"@type":"WebSite","@id":"https:\/\/www.hoogstra-autosport.nl\/#website","url":"https:\/\/www.hoogstra-autosport.nl\/","name":"Hoogstra Autosport","description":"Performance Autosport Parts!","potentialAction":[{"@type":"SearchAction","target":{"@type":"EntryPoint","urlTemplate":"https:\/\/www.hoogstra-autosport.nl\/?s={search_term_string}"},"query-input":{"@type":"PropertyValueSpecification","valueRequired":true,"valueName":"search_term_string"}}],"inLanguage":"de"}]}},"tiered_pricing_type":"fixed","tiered_pricing_fixed_rules":[],"tiered_pricing_product_settings":{"layout":"default","base_unit_name":{"singular":null,"plural":null},"default_variation":null},"tiered_pricing_minimum_quantity":null,"tiered_pricing_roles_data":[],"tiered_pricing_percentage_rules":[],"tiered_pricing_maximum_quantity":null,"tiered_pricing_quantity_step":null,"_links":{"self":[{"href":"https:\/\/www.hoogstra-autosport.nl\/de\/wp-json\/wp\/v2\/product\/39193","targetHints":{"allow":["GET"]}}],"collection":[{"href":"https:\/\/www.hoogstra-autosport.nl\/de\/wp-json\/wp\/v2\/product"}],"about":[{"href":"https:\/\/www.hoogstra-autosport.nl\/de\/wp-json\/wp\/v2\/types\/product"}],"wp:featuredmedia":[{"embeddable":true,"href":"https:\/\/www.hoogstra-autosport.nl\/de\/wp-json\/wp\/v2\/media\/94381"}],"wp:attachment":[{"href":"https:\/\/www.hoogstra-autosport.nl\/de\/wp-json\/wp\/v2\/media?parent=39193"}],"wp:term":[{"taxonomy":"product_brand","embeddable":true,"href":"https:\/\/www.hoogstra-autosport.nl\/de\/wp-json\/wp\/v2\/product_brand?post=39193"},{"taxonomy":"product_cat","embeddable":true,"href":"https:\/\/www.hoogstra-autosport.nl\/de\/wp-json\/wp\/v2\/product_cat?post=39193"},{"taxonomy":"product_tag","embeddable":true,"href":"https:\/\/www.hoogstra-autosport.nl\/de\/wp-json\/wp\/v2\/product_tag?post=39193"}],"curies":[{"name":"wp","href":"https:\/\/api.w.org\/{rel}","templated":true}]}}