{"id":37141,"date":"2021-01-26T19:32:17","date_gmt":"2021-01-26T18:32:17","guid":{"rendered":"https:\/\/www.hoogstra-autosport.nl\/?post_type=product&#038;p=37141"},"modified":"2024-01-22T11:37:56","modified_gmt":"2024-01-22T10:37:56","slug":"sparco-tide-handschoenen-fia-wit","status":"publish","type":"product","link":"https:\/\/www.hoogstra-autosport.nl\/de\/produkt\/sparco-tide-handschoenen-fia-wit\/","title":{"rendered":"Sparco Tide Handschuhe FIA Wei\u00df"},"content":{"rendered":"<p>Revolution\u00e4r, innovativ und praktisch sind die Begriffe, die die charakteristischen Merkmale des Sparco TIDE Handschuhs am besten beschreiben. Ergonomisch vorgeformte Innenhand und Au\u00dfenn\u00e4hte sorgen f\u00fcr hervorragenden Komfort. Die mit feinsten saugnapf\u00e4hnlichen Stollen \u00fcberzogene Handfl\u00e4che aus speziellem 3D-HTX-Material sorgt f\u00fcr optimalen Grip und absorbiert St\u00f6\u00dfe und Vibrationen am Lenker, die w\u00e4hrend eines Rennens oder einer Rallye auftreten.<\/p>","protected":false},"excerpt":{"rendered":"<p>Revolutionair, innovatief en praktisch zijn de termen die de karakteristieke eigenschappen van de Sparco TIDE handschoen het beste omschrijven. Ergonomisch voorgevormde handpalm en externe naden zorgen voor een zeer goed draagcomfort. De handpalm, bekleed met de fijnste zuignapachtige noppen, gemaakt van speciaal HTX-materiaal in 3D, zorgt voor optimale grip en absorbeert schokken en trillingen op [&hellip;]<\/p>\n","protected":false},"featured_media":37144,"template":"","meta":{"_acf_changed":false},"product_brand":[],"product_cat":[3943],"product_tag":[],"class_list":{"0":"post-37141","1":"product","2":"type-product","3":"status-publish","4":"has-post-thumbnail","6":"product_cat-sparco-handschoenen-fia","7":"product_shipping_class-4016","9":"first","10":"instock","11":"taxable","12":"shipping-taxable","13":"purchasable","14":"product-type-variable"},"acf":[],"yoast_head":"<!-- This site is optimized with the Yoast SEO plugin v27.1.1 - https:\/\/yoast.com\/product\/yoast-seo-wordpress\/ -->\n<title>Sparco Tide Handschoenen FIA Wit - Hoogstra Autosport<\/title>\n<meta name=\"robots\" content=\"index, follow, max-snippet:-1, max-image-preview:large, max-video-preview:-1\" \/>\n<link rel=\"canonical\" href=\"https:\/\/www.hoogstra-autosport.nl\/de\/produkt\/sparco-tide-handschoenen-fia-wit\/\" \/>\n<meta property=\"og:locale\" content=\"de_DE\" \/>\n<meta property=\"og:type\" content=\"article\" \/>\n<meta property=\"og:title\" content=\"Sparco Tide Handschoenen FIA Wit - Hoogstra Autosport\" \/>\n<meta property=\"og:description\" content=\"Revolutionair, innovatief en praktisch zijn de termen die de karakteristieke eigenschappen van de Sparco TIDE handschoen het beste omschrijven. Ergonomisch voorgevormde handpalm en externe naden zorgen voor een zeer goed draagcomfort. De handpalm, bekleed met de fijnste zuignapachtige noppen, gemaakt van speciaal HTX-materiaal in 3D, zorgt voor optimale grip en absorbeert schokken en trillingen op [&hellip;]\" \/>\n<meta property=\"og:url\" content=\"https:\/\/www.hoogstra-autosport.nl\/de\/produkt\/sparco-tide-handschoenen-fia-wit\/\" \/>\n<meta property=\"og:site_name\" content=\"Hoogstra Autosport\" \/>\n<meta property=\"article:modified_time\" content=\"2024-01-22T10:37:56+00:00\" \/>\n<meta property=\"og:image\" content=\"https:\/\/www.hoogstra-autosport.nl\/teamkoen\/content\/uploads\/2021\/01\/thumbnail_IMG_1994.jpg\" \/>\n\t<meta property=\"og:image:width\" content=\"750\" \/>\n\t<meta property=\"og:image:height\" content=\"750\" \/>\n\t<meta property=\"og:image:type\" content=\"image\/jpeg\" \/>\n<meta name=\"twitter:card\" content=\"summary_large_image\" \/>\n<meta name=\"twitter:label1\" content=\"Gesch\u00e4tzte Lesezeit\" \/>\n\t<meta name=\"twitter:data1\" content=\"1\u00a0Minute\" \/>\n<script type=\"application\/ld+json\" class=\"yoast-schema-graph\">{\"@context\":\"https:\/\/schema.org\",\"@graph\":[{\"@type\":\"WebPage\",\"@id\":\"https:\/\/www.hoogstra-autosport.nl\/product\/sparco-tide-handschoenen-fia-wit\/\",\"url\":\"https:\/\/www.hoogstra-autosport.nl\/product\/sparco-tide-handschoenen-fia-wit\/\",\"name\":\"Sparco Tide Handschoenen FIA Wit - Hoogstra Autosport\",\"isPartOf\":{\"@id\":\"https:\/\/www.hoogstra-autosport.nl\/#website\"},\"primaryImageOfPage\":{\"@id\":\"https:\/\/www.hoogstra-autosport.nl\/product\/sparco-tide-handschoenen-fia-wit\/#primaryimage\"},\"image\":{\"@id\":\"https:\/\/www.hoogstra-autosport.nl\/product\/sparco-tide-handschoenen-fia-wit\/#primaryimage\"},\"thumbnailUrl\":\"https:\/\/www.hoogstra-autosport.nl\/teamkoen\/wp-content\/uploads\/2021\/01\/thumbnail_IMG_1994.jpg\",\"datePublished\":\"2021-01-26T18:32:17+00:00\",\"dateModified\":\"2024-01-22T10:37:56+00:00\",\"breadcrumb\":{\"@id\":\"https:\/\/www.hoogstra-autosport.nl\/product\/sparco-tide-handschoenen-fia-wit\/#breadcrumb\"},\"inLanguage\":\"de\",\"potentialAction\":[{\"@type\":\"ReadAction\",\"target\":[\"https:\/\/www.hoogstra-autosport.nl\/product\/sparco-tide-handschoenen-fia-wit\/\"]}]},{\"@type\":\"ImageObject\",\"inLanguage\":\"de\",\"@id\":\"https:\/\/www.hoogstra-autosport.nl\/product\/sparco-tide-handschoenen-fia-wit\/#primaryimage\",\"url\":\"https:\/\/www.hoogstra-autosport.nl\/teamkoen\/wp-content\/uploads\/2021\/01\/thumbnail_IMG_1994.jpg\",\"contentUrl\":\"https:\/\/www.hoogstra-autosport.nl\/teamkoen\/wp-content\/uploads\/2021\/01\/thumbnail_IMG_1994.jpg\",\"width\":750,\"height\":750},{\"@type\":\"BreadcrumbList\",\"@id\":\"https:\/\/www.hoogstra-autosport.nl\/product\/sparco-tide-handschoenen-fia-wit\/#breadcrumb\",\"itemListElement\":[{\"@type\":\"ListItem\",\"position\":1,\"name\":\"Home\",\"item\":\"https:\/\/www.hoogstra-autosport.nl\/\"},{\"@type\":\"ListItem\",\"position\":2,\"name\":\"Uitrusting\",\"item\":\"https:\/\/www.hoogstra-autosport.nl\/product-categorie\/autosport-kleding-helmen\/\"},{\"@type\":\"ListItem\",\"position\":3,\"name\":\"Autosport Kleding\",\"item\":\"https:\/\/www.hoogstra-autosport.nl\/product-categorie\/autosport-kleding-helmen\/autosport-kleding\/\"},{\"@type\":\"ListItem\",\"position\":4,\"name\":\"Handschoenen\",\"item\":\"https:\/\/www.hoogstra-autosport.nl\/product-categorie\/autosport-kleding-helmen\/autosport-kleding\/handschoenen-2\/\"},{\"@type\":\"ListItem\",\"position\":5,\"name\":\"FIA Handschoenen Sparco\",\"item\":\"https:\/\/www.hoogstra-autosport.nl\/product-categorie\/autosport-kleding-helmen\/autosport-kleding\/handschoenen-2\/sparco-handschoenen-fia\/\"},{\"@type\":\"ListItem\",\"position\":6,\"name\":\"Sparco Tide Handschoenen FIA Wit\"}]},{\"@type\":\"WebSite\",\"@id\":\"https:\/\/www.hoogstra-autosport.nl\/#website\",\"url\":\"https:\/\/www.hoogstra-autosport.nl\/\",\"name\":\"Hoogstra Autosport\",\"description\":\"Performance Autosport Parts!\",\"potentialAction\":[{\"@type\":\"SearchAction\",\"target\":{\"@type\":\"EntryPoint\",\"urlTemplate\":\"https:\/\/www.hoogstra-autosport.nl\/?s={search_term_string}\"},\"query-input\":{\"@type\":\"PropertyValueSpecification\",\"valueRequired\":true,\"valueName\":\"search_term_string\"}}],\"inLanguage\":\"de\"}]}<\/script>\n<!-- \/ Yoast SEO plugin. -->","yoast_head_json":{"title":"Sparco Tide Handschoenen FIA Wit - Hoogstra Autosport","robots":{"index":"index","follow":"follow","max-snippet":"max-snippet:-1","max-image-preview":"max-image-preview:large","max-video-preview":"max-video-preview:-1"},"canonical":"https:\/\/www.hoogstra-autosport.nl\/de\/produkt\/sparco-tide-handschoenen-fia-wit\/","og_locale":"de_DE","og_type":"article","og_title":"Sparco Tide Handschoenen FIA Wit - Hoogstra Autosport","og_description":"Revolutionair, innovatief en praktisch zijn de termen die de karakteristieke eigenschappen van de Sparco TIDE handschoen het beste omschrijven. Ergonomisch voorgevormde handpalm en externe naden zorgen voor een zeer goed draagcomfort. De handpalm, bekleed met de fijnste zuignapachtige noppen, gemaakt van speciaal HTX-materiaal in 3D, zorgt voor optimale grip en absorbeert schokken en trillingen op [&hellip;]","og_url":"https:\/\/www.hoogstra-autosport.nl\/de\/produkt\/sparco-tide-handschoenen-fia-wit\/","og_site_name":"Hoogstra Autosport","article_modified_time":"2024-01-22T10:37:56+00:00","og_image":[{"width":750,"height":750,"url":"https:\/\/www.hoogstra-autosport.nl\/teamkoen\/content\/uploads\/2021\/01\/thumbnail_IMG_1994.jpg","type":"image\/jpeg"}],"twitter_card":"summary_large_image","twitter_misc":{"Gesch\u00e4tzte Lesezeit":"1\u00a0Minute"},"schema":{"@context":"https:\/\/schema.org","@graph":[{"@type":"WebPage","@id":"https:\/\/www.hoogstra-autosport.nl\/product\/sparco-tide-handschoenen-fia-wit\/","url":"https:\/\/www.hoogstra-autosport.nl\/product\/sparco-tide-handschoenen-fia-wit\/","name":"Sparco Tide Handschoenen FIA Wit - Hoogstra Autosport","isPartOf":{"@id":"https:\/\/www.hoogstra-autosport.nl\/#website"},"primaryImageOfPage":{"@id":"https:\/\/www.hoogstra-autosport.nl\/product\/sparco-tide-handschoenen-fia-wit\/#primaryimage"},"image":{"@id":"https:\/\/www.hoogstra-autosport.nl\/product\/sparco-tide-handschoenen-fia-wit\/#primaryimage"},"thumbnailUrl":"https:\/\/www.hoogstra-autosport.nl\/teamkoen\/wp-content\/uploads\/2021\/01\/thumbnail_IMG_1994.jpg","datePublished":"2021-01-26T18:32:17+00:00","dateModified":"2024-01-22T10:37:56+00:00","breadcrumb":{"@id":"https:\/\/www.hoogstra-autosport.nl\/product\/sparco-tide-handschoenen-fia-wit\/#breadcrumb"},"inLanguage":"de","potentialAction":[{"@type":"ReadAction","target":["https:\/\/www.hoogstra-autosport.nl\/product\/sparco-tide-handschoenen-fia-wit\/"]}]},{"@type":"ImageObject","inLanguage":"de","@id":"https:\/\/www.hoogstra-autosport.nl\/product\/sparco-tide-handschoenen-fia-wit\/#primaryimage","url":"https:\/\/www.hoogstra-autosport.nl\/teamkoen\/wp-content\/uploads\/2021\/01\/thumbnail_IMG_1994.jpg","contentUrl":"https:\/\/www.hoogstra-autosport.nl\/teamkoen\/wp-content\/uploads\/2021\/01\/thumbnail_IMG_1994.jpg","width":750,"height":750},{"@type":"BreadcrumbList","@id":"https:\/\/www.hoogstra-autosport.nl\/product\/sparco-tide-handschoenen-fia-wit\/#breadcrumb","itemListElement":[{"@type":"ListItem","position":1,"name":"Home","item":"https:\/\/www.hoogstra-autosport.nl\/"},{"@type":"ListItem","position":2,"name":"Uitrusting","item":"https:\/\/www.hoogstra-autosport.nl\/product-categorie\/autosport-kleding-helmen\/"},{"@type":"ListItem","position":3,"name":"Autosport Kleding","item":"https:\/\/www.hoogstra-autosport.nl\/product-categorie\/autosport-kleding-helmen\/autosport-kleding\/"},{"@type":"ListItem","position":4,"name":"Handschoenen","item":"https:\/\/www.hoogstra-autosport.nl\/product-categorie\/autosport-kleding-helmen\/autosport-kleding\/handschoenen-2\/"},{"@type":"ListItem","position":5,"name":"FIA Handschoenen Sparco","item":"https:\/\/www.hoogstra-autosport.nl\/product-categorie\/autosport-kleding-helmen\/autosport-kleding\/handschoenen-2\/sparco-handschoenen-fia\/"},{"@type":"ListItem","position":6,"name":"Sparco Tide Handschoenen FIA Wit"}]},{"@type":"WebSite","@id":"https:\/\/www.hoogstra-autosport.nl\/#website","url":"https:\/\/www.hoogstra-autosport.nl\/","name":"Hoogstra Autosport","description":"Performance Autosport Parts!","potentialAction":[{"@type":"SearchAction","target":{"@type":"EntryPoint","urlTemplate":"https:\/\/www.hoogstra-autosport.nl\/?s={search_term_string}"},"query-input":{"@type":"PropertyValueSpecification","valueRequired":true,"valueName":"search_term_string"}}],"inLanguage":"de"}]}},"tiered_pricing_type":"fixed","tiered_pricing_fixed_rules":[],"tiered_pricing_product_settings":{"layout":"default","base_unit_name":{"singular":null,"plural":null},"default_variation":null},"tiered_pricing_minimum_quantity":null,"tiered_pricing_roles_data":[],"tiered_pricing_percentage_rules":[],"tiered_pricing_maximum_quantity":null,"tiered_pricing_quantity_step":null,"_links":{"self":[{"href":"https:\/\/www.hoogstra-autosport.nl\/de\/wp-json\/wp\/v2\/product\/37141","targetHints":{"allow":["GET"]}}],"collection":[{"href":"https:\/\/www.hoogstra-autosport.nl\/de\/wp-json\/wp\/v2\/product"}],"about":[{"href":"https:\/\/www.hoogstra-autosport.nl\/de\/wp-json\/wp\/v2\/types\/product"}],"wp:featuredmedia":[{"embeddable":true,"href":"https:\/\/www.hoogstra-autosport.nl\/de\/wp-json\/wp\/v2\/media\/37144"}],"wp:attachment":[{"href":"https:\/\/www.hoogstra-autosport.nl\/de\/wp-json\/wp\/v2\/media?parent=37141"}],"wp:term":[{"taxonomy":"product_brand","embeddable":true,"href":"https:\/\/www.hoogstra-autosport.nl\/de\/wp-json\/wp\/v2\/product_brand?post=37141"},{"taxonomy":"product_cat","embeddable":true,"href":"https:\/\/www.hoogstra-autosport.nl\/de\/wp-json\/wp\/v2\/product_cat?post=37141"},{"taxonomy":"product_tag","embeddable":true,"href":"https:\/\/www.hoogstra-autosport.nl\/de\/wp-json\/wp\/v2\/product_tag?post=37141"}],"curies":[{"name":"wp","href":"https:\/\/api.w.org\/{rel}","templated":true}]}}