{"id":37088,"date":"2021-01-26T18:57:40","date_gmt":"2021-01-26T17:57:40","guid":{"rendered":"https:\/\/www.hoogstra-autosport.nl\/?post_type=product&#038;p=37088"},"modified":"2026-01-08T16:03:36","modified_gmt":"2026-01-08T15:03:36","slug":"sparco-land-handschoenen-fia-geel","status":"publish","type":"product","link":"https:\/\/www.hoogstra-autosport.nl\/de\/produkt\/sparco-land-handschoenen-fia-geel\/","title":{"rendered":"Sparco Land Handschuhe FIA Gelb"},"content":{"rendered":"<p>Mit seinem schlanken Schnitt und dem hochelastischen Material umschlie\u00dft der LAND die Hand fest und bequem, so dass ein zus\u00e4tzlicher Verschluss nicht notwendig ist. Der Handschuh ist angenehm leicht und bietet einen sehr direkten Kontakt zum Lenkrad. Die Innenseite ist ergonomisch mit weichem, rutschfestem Kunstleder ausgekleidet.<\/p>\n<p><span class=\"sku\"><span class=\"jCAhz ChMk0b\"><span class=\"ryNqvb\">FIA homologierte Handschuhe <\/span><\/span><span class=\"jCAhz ChMk0b\"><span class=\"ryNqvb\">Motorsport-Handschuhe des Herstellers Sparco bieten ihrem Tr\u00e4ger zwei Vorteile: Sie bieten perfekten Halt bei der Arbeit am Lenker mit bestm\u00f6glichem Grip und h\u00f6chstem Komfort und sind gleichzeitig ein unverzichtbarer Sicherheitsfaktor.<\/span><\/span> <span class=\"jCAhz ChMk0b\"><span class=\"ryNqvb\">Die aus Nomex gefertigten und damit feuerfesten Qualit\u00e4tsprodukte aus Italien \u00fcberzeugen zudem durch ihr dynamisches Design, hochwertige Materialien, au\u00dfenliegende N\u00e4hte, sinnvoll platzierte Polsterungen und spezielle Beschichtungen auf der Innenhand, wie das revolution\u00e4re, von Sparco patentierte HTX.<\/span><\/span><\/span><\/p>","protected":false},"excerpt":{"rendered":"<p>Met zijn slanke snit en een zeer rekbaar materiaal omsluit de LAND de hand strak en comfortabel, waardoor een extra sluiting overbodig is. De handschoen is aangenaam licht en zorgt voor een zeer direct contact met het stuurwiel. De binnenkant is ergonomisch bekleed met zacht, antislip imitatieleer. FIA gehomologeerde handschoenen Motorsporthandschoenen van de fabrikant Sparco [&hellip;]<\/p>\n","protected":false},"featured_media":80311,"template":"","meta":{"_acf_changed":false},"product_brand":[],"product_cat":[3943],"product_tag":[],"class_list":{"0":"post-37088","1":"product","2":"type-product","3":"status-publish","4":"has-post-thumbnail","6":"product_cat-sparco-handschoenen-fia","7":"product_shipping_class-4016","9":"first","10":"instock","11":"taxable","12":"shipping-taxable","13":"purchasable","14":"product-type-variable"},"acf":[],"yoast_head":"<!-- This site is optimized with the Yoast SEO plugin v27.1.1 - https:\/\/yoast.com\/product\/yoast-seo-wordpress\/ -->\n<title>Sparco Land Handschoenen FIA Geel - Hoogstra Autosport<\/title>\n<meta name=\"robots\" content=\"index, follow, max-snippet:-1, max-image-preview:large, max-video-preview:-1\" \/>\n<link rel=\"canonical\" href=\"https:\/\/www.hoogstra-autosport.nl\/de\/produkt\/sparco-land-handschoenen-fia-geel\/\" \/>\n<meta property=\"og:locale\" content=\"de_DE\" \/>\n<meta property=\"og:type\" content=\"article\" \/>\n<meta property=\"og:title\" content=\"Sparco Land Handschoenen FIA Geel - Hoogstra Autosport\" \/>\n<meta property=\"og:description\" content=\"Met zijn slanke snit en een zeer rekbaar materiaal omsluit de LAND de hand strak en comfortabel, waardoor een extra sluiting overbodig is. De handschoen is aangenaam licht en zorgt voor een zeer direct contact met het stuurwiel. De binnenkant is ergonomisch bekleed met zacht, antislip imitatieleer. FIA gehomologeerde handschoenen Motorsporthandschoenen van de fabrikant Sparco [&hellip;]\" \/>\n<meta property=\"og:url\" content=\"https:\/\/www.hoogstra-autosport.nl\/de\/produkt\/sparco-land-handschoenen-fia-geel\/\" \/>\n<meta property=\"og:site_name\" content=\"Hoogstra Autosport\" \/>\n<meta property=\"article:modified_time\" content=\"2026-01-08T15:03:36+00:00\" \/>\n<meta property=\"og:image\" content=\"https:\/\/www.hoogstra-autosport.nl\/teamkoen\/wp-content\/uploads\/2021\/01\/land-geel.jpg\" \/>\n\t<meta property=\"og:image:width\" content=\"1179\" \/>\n\t<meta property=\"og:image:height\" content=\"1179\" \/>\n\t<meta property=\"og:image:type\" content=\"image\/jpeg\" \/>\n<meta name=\"twitter:card\" content=\"summary_large_image\" \/>\n<meta name=\"twitter:label1\" content=\"Gesch\u00e4tzte Lesezeit\" \/>\n\t<meta name=\"twitter:data1\" content=\"1\u00a0Minute\" \/>\n<script type=\"application\/ld+json\" class=\"yoast-schema-graph\">{\"@context\":\"https:\/\/schema.org\",\"@graph\":[{\"@type\":\"WebPage\",\"@id\":\"https:\/\/www.hoogstra-autosport.nl\/product\/sparco-land-handschoenen-fia-geel\/\",\"url\":\"https:\/\/www.hoogstra-autosport.nl\/product\/sparco-land-handschoenen-fia-geel\/\",\"name\":\"Sparco Land Handschoenen FIA Geel - Hoogstra Autosport\",\"isPartOf\":{\"@id\":\"https:\/\/www.hoogstra-autosport.nl\/#website\"},\"primaryImageOfPage\":{\"@id\":\"https:\/\/www.hoogstra-autosport.nl\/product\/sparco-land-handschoenen-fia-geel\/#primaryimage\"},\"image\":{\"@id\":\"https:\/\/www.hoogstra-autosport.nl\/product\/sparco-land-handschoenen-fia-geel\/#primaryimage\"},\"thumbnailUrl\":\"https:\/\/www.hoogstra-autosport.nl\/teamkoen\/wp-content\/uploads\/2021\/01\/land-geel.jpg\",\"datePublished\":\"2021-01-26T17:57:40+00:00\",\"dateModified\":\"2026-01-08T15:03:36+00:00\",\"breadcrumb\":{\"@id\":\"https:\/\/www.hoogstra-autosport.nl\/product\/sparco-land-handschoenen-fia-geel\/#breadcrumb\"},\"inLanguage\":\"de\",\"potentialAction\":[{\"@type\":\"ReadAction\",\"target\":[\"https:\/\/www.hoogstra-autosport.nl\/product\/sparco-land-handschoenen-fia-geel\/\"]}]},{\"@type\":\"ImageObject\",\"inLanguage\":\"de\",\"@id\":\"https:\/\/www.hoogstra-autosport.nl\/product\/sparco-land-handschoenen-fia-geel\/#primaryimage\",\"url\":\"https:\/\/www.hoogstra-autosport.nl\/teamkoen\/wp-content\/uploads\/2021\/01\/land-geel.jpg\",\"contentUrl\":\"https:\/\/www.hoogstra-autosport.nl\/teamkoen\/wp-content\/uploads\/2021\/01\/land-geel.jpg\",\"width\":1179,\"height\":1179,\"caption\":\"Screenshot\"},{\"@type\":\"BreadcrumbList\",\"@id\":\"https:\/\/www.hoogstra-autosport.nl\/product\/sparco-land-handschoenen-fia-geel\/#breadcrumb\",\"itemListElement\":[{\"@type\":\"ListItem\",\"position\":1,\"name\":\"Home\",\"item\":\"https:\/\/www.hoogstra-autosport.nl\/\"},{\"@type\":\"ListItem\",\"position\":2,\"name\":\"Uitrusting\",\"item\":\"https:\/\/www.hoogstra-autosport.nl\/product-categorie\/autosport-kleding-helmen\/\"},{\"@type\":\"ListItem\",\"position\":3,\"name\":\"Autosport Kleding\",\"item\":\"https:\/\/www.hoogstra-autosport.nl\/product-categorie\/autosport-kleding-helmen\/autosport-kleding\/\"},{\"@type\":\"ListItem\",\"position\":4,\"name\":\"Handschoenen\",\"item\":\"https:\/\/www.hoogstra-autosport.nl\/product-categorie\/autosport-kleding-helmen\/autosport-kleding\/handschoenen-2\/\"},{\"@type\":\"ListItem\",\"position\":5,\"name\":\"FIA Handschoenen Sparco\",\"item\":\"https:\/\/www.hoogstra-autosport.nl\/product-categorie\/autosport-kleding-helmen\/autosport-kleding\/handschoenen-2\/sparco-handschoenen-fia\/\"},{\"@type\":\"ListItem\",\"position\":6,\"name\":\"Sparco Land Handschoenen FIA Geel\"}]},{\"@type\":\"WebSite\",\"@id\":\"https:\/\/www.hoogstra-autosport.nl\/#website\",\"url\":\"https:\/\/www.hoogstra-autosport.nl\/\",\"name\":\"Hoogstra Autosport\",\"description\":\"Performance Autosport Parts!\",\"potentialAction\":[{\"@type\":\"SearchAction\",\"target\":{\"@type\":\"EntryPoint\",\"urlTemplate\":\"https:\/\/www.hoogstra-autosport.nl\/?s={search_term_string}\"},\"query-input\":{\"@type\":\"PropertyValueSpecification\",\"valueRequired\":true,\"valueName\":\"search_term_string\"}}],\"inLanguage\":\"de\"}]}<\/script>\n<!-- \/ Yoast SEO plugin. -->","yoast_head_json":{"title":"Sparco Land Handschoenen FIA Geel - Hoogstra Autosport","robots":{"index":"index","follow":"follow","max-snippet":"max-snippet:-1","max-image-preview":"max-image-preview:large","max-video-preview":"max-video-preview:-1"},"canonical":"https:\/\/www.hoogstra-autosport.nl\/de\/produkt\/sparco-land-handschoenen-fia-geel\/","og_locale":"de_DE","og_type":"article","og_title":"Sparco Land Handschoenen FIA Geel - Hoogstra Autosport","og_description":"Met zijn slanke snit en een zeer rekbaar materiaal omsluit de LAND de hand strak en comfortabel, waardoor een extra sluiting overbodig is. De handschoen is aangenaam licht en zorgt voor een zeer direct contact met het stuurwiel. De binnenkant is ergonomisch bekleed met zacht, antislip imitatieleer. FIA gehomologeerde handschoenen Motorsporthandschoenen van de fabrikant Sparco [&hellip;]","og_url":"https:\/\/www.hoogstra-autosport.nl\/de\/produkt\/sparco-land-handschoenen-fia-geel\/","og_site_name":"Hoogstra Autosport","article_modified_time":"2026-01-08T15:03:36+00:00","og_image":[{"width":1179,"height":1179,"url":"https:\/\/www.hoogstra-autosport.nl\/teamkoen\/wp-content\/uploads\/2021\/01\/land-geel.jpg","type":"image\/jpeg"}],"twitter_card":"summary_large_image","twitter_misc":{"Gesch\u00e4tzte Lesezeit":"1\u00a0Minute"},"schema":{"@context":"https:\/\/schema.org","@graph":[{"@type":"WebPage","@id":"https:\/\/www.hoogstra-autosport.nl\/product\/sparco-land-handschoenen-fia-geel\/","url":"https:\/\/www.hoogstra-autosport.nl\/product\/sparco-land-handschoenen-fia-geel\/","name":"Sparco Land Handschoenen FIA Geel - Hoogstra Autosport","isPartOf":{"@id":"https:\/\/www.hoogstra-autosport.nl\/#website"},"primaryImageOfPage":{"@id":"https:\/\/www.hoogstra-autosport.nl\/product\/sparco-land-handschoenen-fia-geel\/#primaryimage"},"image":{"@id":"https:\/\/www.hoogstra-autosport.nl\/product\/sparco-land-handschoenen-fia-geel\/#primaryimage"},"thumbnailUrl":"https:\/\/www.hoogstra-autosport.nl\/teamkoen\/wp-content\/uploads\/2021\/01\/land-geel.jpg","datePublished":"2021-01-26T17:57:40+00:00","dateModified":"2026-01-08T15:03:36+00:00","breadcrumb":{"@id":"https:\/\/www.hoogstra-autosport.nl\/product\/sparco-land-handschoenen-fia-geel\/#breadcrumb"},"inLanguage":"de","potentialAction":[{"@type":"ReadAction","target":["https:\/\/www.hoogstra-autosport.nl\/product\/sparco-land-handschoenen-fia-geel\/"]}]},{"@type":"ImageObject","inLanguage":"de","@id":"https:\/\/www.hoogstra-autosport.nl\/product\/sparco-land-handschoenen-fia-geel\/#primaryimage","url":"https:\/\/www.hoogstra-autosport.nl\/teamkoen\/wp-content\/uploads\/2021\/01\/land-geel.jpg","contentUrl":"https:\/\/www.hoogstra-autosport.nl\/teamkoen\/wp-content\/uploads\/2021\/01\/land-geel.jpg","width":1179,"height":1179,"caption":"Screenshot"},{"@type":"BreadcrumbList","@id":"https:\/\/www.hoogstra-autosport.nl\/product\/sparco-land-handschoenen-fia-geel\/#breadcrumb","itemListElement":[{"@type":"ListItem","position":1,"name":"Home","item":"https:\/\/www.hoogstra-autosport.nl\/"},{"@type":"ListItem","position":2,"name":"Uitrusting","item":"https:\/\/www.hoogstra-autosport.nl\/product-categorie\/autosport-kleding-helmen\/"},{"@type":"ListItem","position":3,"name":"Autosport Kleding","item":"https:\/\/www.hoogstra-autosport.nl\/product-categorie\/autosport-kleding-helmen\/autosport-kleding\/"},{"@type":"ListItem","position":4,"name":"Handschoenen","item":"https:\/\/www.hoogstra-autosport.nl\/product-categorie\/autosport-kleding-helmen\/autosport-kleding\/handschoenen-2\/"},{"@type":"ListItem","position":5,"name":"FIA Handschoenen Sparco","item":"https:\/\/www.hoogstra-autosport.nl\/product-categorie\/autosport-kleding-helmen\/autosport-kleding\/handschoenen-2\/sparco-handschoenen-fia\/"},{"@type":"ListItem","position":6,"name":"Sparco Land Handschoenen FIA Geel"}]},{"@type":"WebSite","@id":"https:\/\/www.hoogstra-autosport.nl\/#website","url":"https:\/\/www.hoogstra-autosport.nl\/","name":"Hoogstra Autosport","description":"Performance Autosport Parts!","potentialAction":[{"@type":"SearchAction","target":{"@type":"EntryPoint","urlTemplate":"https:\/\/www.hoogstra-autosport.nl\/?s={search_term_string}"},"query-input":{"@type":"PropertyValueSpecification","valueRequired":true,"valueName":"search_term_string"}}],"inLanguage":"de"}]}},"tiered_pricing_type":"fixed","tiered_pricing_fixed_rules":[],"tiered_pricing_product_settings":{"layout":"default","base_unit_name":{"singular":null,"plural":null},"default_variation":null},"tiered_pricing_minimum_quantity":null,"tiered_pricing_roles_data":[],"tiered_pricing_percentage_rules":[],"tiered_pricing_maximum_quantity":null,"tiered_pricing_quantity_step":null,"_links":{"self":[{"href":"https:\/\/www.hoogstra-autosport.nl\/de\/wp-json\/wp\/v2\/product\/37088","targetHints":{"allow":["GET"]}}],"collection":[{"href":"https:\/\/www.hoogstra-autosport.nl\/de\/wp-json\/wp\/v2\/product"}],"about":[{"href":"https:\/\/www.hoogstra-autosport.nl\/de\/wp-json\/wp\/v2\/types\/product"}],"wp:featuredmedia":[{"embeddable":true,"href":"https:\/\/www.hoogstra-autosport.nl\/de\/wp-json\/wp\/v2\/media\/80311"}],"wp:attachment":[{"href":"https:\/\/www.hoogstra-autosport.nl\/de\/wp-json\/wp\/v2\/media?parent=37088"}],"wp:term":[{"taxonomy":"product_brand","embeddable":true,"href":"https:\/\/www.hoogstra-autosport.nl\/de\/wp-json\/wp\/v2\/product_brand?post=37088"},{"taxonomy":"product_cat","embeddable":true,"href":"https:\/\/www.hoogstra-autosport.nl\/de\/wp-json\/wp\/v2\/product_cat?post=37088"},{"taxonomy":"product_tag","embeddable":true,"href":"https:\/\/www.hoogstra-autosport.nl\/de\/wp-json\/wp\/v2\/product_tag?post=37088"}],"curies":[{"name":"wp","href":"https:\/\/api.w.org\/{rel}","templated":true}]}}