{"id":37025,"date":"2021-01-26T15:51:14","date_gmt":"2021-01-26T14:51:14","guid":{"rendered":"https:\/\/www.hoogstra-autosport.nl\/?post_type=product&#038;p=37025"},"modified":"2025-11-15T12:06:32","modified_gmt":"2025-11-15T11:06:32","slug":"sparco-slalom-suede-schoenen-fia-blauw","status":"publish","type":"product","link":"https:\/\/www.hoogstra-autosport.nl\/de\/produkt\/sparco-slalom-suede-schoenen-fia-blauw\/","title":{"rendered":"Sparco Slalom+ Suede Schoen Blauw"},"content":{"rendered":"<p>Sportlicher Sparco SLALOM+-Reiterschuh aus perforiertem Wildleder. Besonders leicht und bequem am Fu\u00df, mit schmalem Schnitt und einer feinen, flexiblen Sohle aus Naturkautschuk mit separaten Griffzonen. Der verst\u00e4rkte Fersenbereich aus Leder sorgt f\u00fcr bessere Abriebfestigkeit und lange Haltbarkeit.<\/p>\n<p>FIA-Inspektion<\/p>\n<p>Vollst\u00e4ndig aus Wildleder.<\/p>","protected":false},"excerpt":{"rendered":"<p>Sportieve Sparco SLALOM+ rijdersschoen van geperforeerd su\u00e8de. Bijzonder licht en comfortabel aan de voet, met een smalle snit en een fijne, flexibele zool van natuurrubber met aparte gripzones. Het versterkte lederen hielgedeelte zorgt voor een betere slijtvastheid en langdurige duurzaamheid. FIA Keuring Volledig in su\u00e8de.<\/p>","protected":false},"featured_media":93292,"template":"","meta":{"_acf_changed":false},"product_brand":[],"product_cat":[3978],"product_tag":[],"class_list":{"0":"post-37025","1":"product","2":"type-product","3":"status-publish","4":"has-post-thumbnail","6":"product_cat-sparco-schoenen-fia-sparco-schoenen-fia","7":"product_shipping_class-4016","9":"first","10":"instock","11":"taxable","12":"shipping-taxable","13":"purchasable","14":"product-type-variable"},"acf":[],"yoast_head":"<!-- This site is optimized with the Yoast SEO plugin v27.1.1 - https:\/\/yoast.com\/product\/yoast-seo-wordpress\/ -->\n<title>Sparco Slalom+ Suede Schoen Blauw - Hoogstra Autosport<\/title>\n<meta name=\"robots\" content=\"index, follow, max-snippet:-1, max-image-preview:large, max-video-preview:-1\" \/>\n<link rel=\"canonical\" href=\"https:\/\/www.hoogstra-autosport.nl\/de\/produkt\/sparco-slalom-suede-schoenen-fia-blauw\/\" \/>\n<meta property=\"og:locale\" content=\"de_DE\" \/>\n<meta property=\"og:type\" content=\"article\" \/>\n<meta property=\"og:title\" content=\"Sparco Slalom+ Suede Schoen Blauw - Hoogstra Autosport\" \/>\n<meta property=\"og:description\" content=\"Sportieve Sparco SLALOM+ rijdersschoen van geperforeerd su\u00e8de. Bijzonder licht en comfortabel aan de voet, met een smalle snit en een fijne, flexibele zool van natuurrubber met aparte gripzones. Het versterkte lederen hielgedeelte zorgt voor een betere slijtvastheid en langdurige duurzaamheid. FIA Keuring Volledig in su\u00e8de.\" \/>\n<meta property=\"og:url\" content=\"https:\/\/www.hoogstra-autosport.nl\/de\/produkt\/sparco-slalom-suede-schoenen-fia-blauw\/\" \/>\n<meta property=\"og:site_name\" content=\"Hoogstra Autosport\" \/>\n<meta property=\"article:modified_time\" content=\"2025-11-15T11:06:32+00:00\" \/>\n<meta property=\"og:image\" content=\"https:\/\/www.hoogstra-autosport.nl\/teamkoen\/wp-content\/uploads\/2021\/01\/Sparco-slalom-schoen-blauw.jpg\" \/>\n\t<meta property=\"og:image:width\" content=\"1080\" \/>\n\t<meta property=\"og:image:height\" content=\"1080\" \/>\n\t<meta property=\"og:image:type\" content=\"image\/jpeg\" \/>\n<meta name=\"twitter:card\" content=\"summary_large_image\" \/>\n<meta name=\"twitter:label1\" content=\"Gesch\u00e4tzte Lesezeit\" \/>\n\t<meta name=\"twitter:data1\" content=\"1\u00a0Minute\" \/>\n<script type=\"application\/ld+json\" class=\"yoast-schema-graph\">{\"@context\":\"https:\/\/schema.org\",\"@graph\":[{\"@type\":\"WebPage\",\"@id\":\"https:\/\/www.hoogstra-autosport.nl\/product\/sparco-slalom-suede-schoenen-fia-blauw\/\",\"url\":\"https:\/\/www.hoogstra-autosport.nl\/product\/sparco-slalom-suede-schoenen-fia-blauw\/\",\"name\":\"Sparco Slalom+ Suede Schoen Blauw - Hoogstra Autosport\",\"isPartOf\":{\"@id\":\"https:\/\/www.hoogstra-autosport.nl\/#website\"},\"primaryImageOfPage\":{\"@id\":\"https:\/\/www.hoogstra-autosport.nl\/product\/sparco-slalom-suede-schoenen-fia-blauw\/#primaryimage\"},\"image\":{\"@id\":\"https:\/\/www.hoogstra-autosport.nl\/product\/sparco-slalom-suede-schoenen-fia-blauw\/#primaryimage\"},\"thumbnailUrl\":\"https:\/\/www.hoogstra-autosport.nl\/teamkoen\/wp-content\/uploads\/2021\/01\/Sparco-slalom-schoen-blauw.jpg\",\"datePublished\":\"2021-01-26T14:51:14+00:00\",\"dateModified\":\"2025-11-15T11:06:32+00:00\",\"breadcrumb\":{\"@id\":\"https:\/\/www.hoogstra-autosport.nl\/product\/sparco-slalom-suede-schoenen-fia-blauw\/#breadcrumb\"},\"inLanguage\":\"de\",\"potentialAction\":[{\"@type\":\"ReadAction\",\"target\":[\"https:\/\/www.hoogstra-autosport.nl\/product\/sparco-slalom-suede-schoenen-fia-blauw\/\"]}]},{\"@type\":\"ImageObject\",\"inLanguage\":\"de\",\"@id\":\"https:\/\/www.hoogstra-autosport.nl\/product\/sparco-slalom-suede-schoenen-fia-blauw\/#primaryimage\",\"url\":\"https:\/\/www.hoogstra-autosport.nl\/teamkoen\/wp-content\/uploads\/2021\/01\/Sparco-slalom-schoen-blauw.jpg\",\"contentUrl\":\"https:\/\/www.hoogstra-autosport.nl\/teamkoen\/wp-content\/uploads\/2021\/01\/Sparco-slalom-schoen-blauw.jpg\",\"width\":1080,\"height\":1080},{\"@type\":\"BreadcrumbList\",\"@id\":\"https:\/\/www.hoogstra-autosport.nl\/product\/sparco-slalom-suede-schoenen-fia-blauw\/#breadcrumb\",\"itemListElement\":[{\"@type\":\"ListItem\",\"position\":1,\"name\":\"Home\",\"item\":\"https:\/\/www.hoogstra-autosport.nl\/\"},{\"@type\":\"ListItem\",\"position\":2,\"name\":\"Uitrusting\",\"item\":\"https:\/\/www.hoogstra-autosport.nl\/product-categorie\/autosport-kleding-helmen\/\"},{\"@type\":\"ListItem\",\"position\":3,\"name\":\"Autosport Kleding\",\"item\":\"https:\/\/www.hoogstra-autosport.nl\/product-categorie\/autosport-kleding-helmen\/autosport-kleding\/\"},{\"@type\":\"ListItem\",\"position\":4,\"name\":\"Schoenen\",\"item\":\"https:\/\/www.hoogstra-autosport.nl\/product-categorie\/autosport-kleding-helmen\/autosport-kleding\/schoenen\/\"},{\"@type\":\"ListItem\",\"position\":5,\"name\":\"Sparco Schoenen\",\"item\":\"https:\/\/www.hoogstra-autosport.nl\/product-categorie\/autosport-kleding-helmen\/autosport-kleding\/schoenen\/sparco-schoenen-fia\/\"},{\"@type\":\"ListItem\",\"position\":6,\"name\":\"Sparco Schoenen Fia\",\"item\":\"https:\/\/www.hoogstra-autosport.nl\/product-categorie\/autosport-kleding-helmen\/autosport-kleding\/schoenen\/sparco-schoenen-fia\/sparco-schoenen-fia-sparco-schoenen-fia\/\"},{\"@type\":\"ListItem\",\"position\":7,\"name\":\"Sparco Slalom+ Suede Schoen Blauw\"}]},{\"@type\":\"WebSite\",\"@id\":\"https:\/\/www.hoogstra-autosport.nl\/#website\",\"url\":\"https:\/\/www.hoogstra-autosport.nl\/\",\"name\":\"Hoogstra Autosport\",\"description\":\"Performance Autosport Parts!\",\"potentialAction\":[{\"@type\":\"SearchAction\",\"target\":{\"@type\":\"EntryPoint\",\"urlTemplate\":\"https:\/\/www.hoogstra-autosport.nl\/?s={search_term_string}\"},\"query-input\":{\"@type\":\"PropertyValueSpecification\",\"valueRequired\":true,\"valueName\":\"search_term_string\"}}],\"inLanguage\":\"de\"}]}<\/script>\n<!-- \/ Yoast SEO plugin. -->","yoast_head_json":{"title":"Sparco Slalom+ Suede Schoen Blauw - Hoogstra Autosport","robots":{"index":"index","follow":"follow","max-snippet":"max-snippet:-1","max-image-preview":"max-image-preview:large","max-video-preview":"max-video-preview:-1"},"canonical":"https:\/\/www.hoogstra-autosport.nl\/de\/produkt\/sparco-slalom-suede-schoenen-fia-blauw\/","og_locale":"de_DE","og_type":"article","og_title":"Sparco Slalom+ Suede Schoen Blauw - Hoogstra Autosport","og_description":"Sportieve Sparco SLALOM+ rijdersschoen van geperforeerd su\u00e8de. Bijzonder licht en comfortabel aan de voet, met een smalle snit en een fijne, flexibele zool van natuurrubber met aparte gripzones. Het versterkte lederen hielgedeelte zorgt voor een betere slijtvastheid en langdurige duurzaamheid. FIA Keuring Volledig in su\u00e8de.","og_url":"https:\/\/www.hoogstra-autosport.nl\/de\/produkt\/sparco-slalom-suede-schoenen-fia-blauw\/","og_site_name":"Hoogstra Autosport","article_modified_time":"2025-11-15T11:06:32+00:00","og_image":[{"width":1080,"height":1080,"url":"https:\/\/www.hoogstra-autosport.nl\/teamkoen\/wp-content\/uploads\/2021\/01\/Sparco-slalom-schoen-blauw.jpg","type":"image\/jpeg"}],"twitter_card":"summary_large_image","twitter_misc":{"Gesch\u00e4tzte Lesezeit":"1\u00a0Minute"},"schema":{"@context":"https:\/\/schema.org","@graph":[{"@type":"WebPage","@id":"https:\/\/www.hoogstra-autosport.nl\/product\/sparco-slalom-suede-schoenen-fia-blauw\/","url":"https:\/\/www.hoogstra-autosport.nl\/product\/sparco-slalom-suede-schoenen-fia-blauw\/","name":"Sparco Slalom+ Suede Schoen Blauw - Hoogstra Autosport","isPartOf":{"@id":"https:\/\/www.hoogstra-autosport.nl\/#website"},"primaryImageOfPage":{"@id":"https:\/\/www.hoogstra-autosport.nl\/product\/sparco-slalom-suede-schoenen-fia-blauw\/#primaryimage"},"image":{"@id":"https:\/\/www.hoogstra-autosport.nl\/product\/sparco-slalom-suede-schoenen-fia-blauw\/#primaryimage"},"thumbnailUrl":"https:\/\/www.hoogstra-autosport.nl\/teamkoen\/wp-content\/uploads\/2021\/01\/Sparco-slalom-schoen-blauw.jpg","datePublished":"2021-01-26T14:51:14+00:00","dateModified":"2025-11-15T11:06:32+00:00","breadcrumb":{"@id":"https:\/\/www.hoogstra-autosport.nl\/product\/sparco-slalom-suede-schoenen-fia-blauw\/#breadcrumb"},"inLanguage":"de","potentialAction":[{"@type":"ReadAction","target":["https:\/\/www.hoogstra-autosport.nl\/product\/sparco-slalom-suede-schoenen-fia-blauw\/"]}]},{"@type":"ImageObject","inLanguage":"de","@id":"https:\/\/www.hoogstra-autosport.nl\/product\/sparco-slalom-suede-schoenen-fia-blauw\/#primaryimage","url":"https:\/\/www.hoogstra-autosport.nl\/teamkoen\/wp-content\/uploads\/2021\/01\/Sparco-slalom-schoen-blauw.jpg","contentUrl":"https:\/\/www.hoogstra-autosport.nl\/teamkoen\/wp-content\/uploads\/2021\/01\/Sparco-slalom-schoen-blauw.jpg","width":1080,"height":1080},{"@type":"BreadcrumbList","@id":"https:\/\/www.hoogstra-autosport.nl\/product\/sparco-slalom-suede-schoenen-fia-blauw\/#breadcrumb","itemListElement":[{"@type":"ListItem","position":1,"name":"Home","item":"https:\/\/www.hoogstra-autosport.nl\/"},{"@type":"ListItem","position":2,"name":"Uitrusting","item":"https:\/\/www.hoogstra-autosport.nl\/product-categorie\/autosport-kleding-helmen\/"},{"@type":"ListItem","position":3,"name":"Autosport Kleding","item":"https:\/\/www.hoogstra-autosport.nl\/product-categorie\/autosport-kleding-helmen\/autosport-kleding\/"},{"@type":"ListItem","position":4,"name":"Schoenen","item":"https:\/\/www.hoogstra-autosport.nl\/product-categorie\/autosport-kleding-helmen\/autosport-kleding\/schoenen\/"},{"@type":"ListItem","position":5,"name":"Sparco Schoenen","item":"https:\/\/www.hoogstra-autosport.nl\/product-categorie\/autosport-kleding-helmen\/autosport-kleding\/schoenen\/sparco-schoenen-fia\/"},{"@type":"ListItem","position":6,"name":"Sparco Schoenen Fia","item":"https:\/\/www.hoogstra-autosport.nl\/product-categorie\/autosport-kleding-helmen\/autosport-kleding\/schoenen\/sparco-schoenen-fia\/sparco-schoenen-fia-sparco-schoenen-fia\/"},{"@type":"ListItem","position":7,"name":"Sparco Slalom+ Suede Schoen Blauw"}]},{"@type":"WebSite","@id":"https:\/\/www.hoogstra-autosport.nl\/#website","url":"https:\/\/www.hoogstra-autosport.nl\/","name":"Hoogstra Autosport","description":"Performance Autosport Parts!","potentialAction":[{"@type":"SearchAction","target":{"@type":"EntryPoint","urlTemplate":"https:\/\/www.hoogstra-autosport.nl\/?s={search_term_string}"},"query-input":{"@type":"PropertyValueSpecification","valueRequired":true,"valueName":"search_term_string"}}],"inLanguage":"de"}]}},"tiered_pricing_type":"fixed","tiered_pricing_fixed_rules":[],"tiered_pricing_product_settings":{"layout":"default","base_unit_name":{"singular":null,"plural":null},"default_variation":null},"tiered_pricing_minimum_quantity":null,"tiered_pricing_roles_data":[],"tiered_pricing_percentage_rules":[],"tiered_pricing_maximum_quantity":null,"tiered_pricing_quantity_step":null,"_links":{"self":[{"href":"https:\/\/www.hoogstra-autosport.nl\/de\/wp-json\/wp\/v2\/product\/37025","targetHints":{"allow":["GET"]}}],"collection":[{"href":"https:\/\/www.hoogstra-autosport.nl\/de\/wp-json\/wp\/v2\/product"}],"about":[{"href":"https:\/\/www.hoogstra-autosport.nl\/de\/wp-json\/wp\/v2\/types\/product"}],"wp:featuredmedia":[{"embeddable":true,"href":"https:\/\/www.hoogstra-autosport.nl\/de\/wp-json\/wp\/v2\/media\/93292"}],"wp:attachment":[{"href":"https:\/\/www.hoogstra-autosport.nl\/de\/wp-json\/wp\/v2\/media?parent=37025"}],"wp:term":[{"taxonomy":"product_brand","embeddable":true,"href":"https:\/\/www.hoogstra-autosport.nl\/de\/wp-json\/wp\/v2\/product_brand?post=37025"},{"taxonomy":"product_cat","embeddable":true,"href":"https:\/\/www.hoogstra-autosport.nl\/de\/wp-json\/wp\/v2\/product_cat?post=37025"},{"taxonomy":"product_tag","embeddable":true,"href":"https:\/\/www.hoogstra-autosport.nl\/de\/wp-json\/wp\/v2\/product_tag?post=37025"}],"curies":[{"name":"wp","href":"https:\/\/api.w.org\/{rel}","templated":true}]}}