{"id":36711,"date":"2021-01-19T13:52:44","date_gmt":"2021-01-19T12:52:44","guid":{"rendered":"https:\/\/www.hoogstra-autosport.nl\/?post_type=product&#038;p=36711"},"modified":"2024-02-29T11:59:33","modified_gmt":"2024-02-29T10:59:33","slug":"kenny-performance-lv4-dubbel-glas-yellow","status":"publish","type":"product","link":"https:\/\/www.hoogstra-autosport.nl\/de\/produkt\/kenny-performance-lv4-dubbel-glas-yellow\/","title":{"rendered":"Kenny Performance Lv4 Doppelglas Gelb"},"content":{"rendered":"<p>PERFORMANCE Stufe 4:<\/p>\n<p>Diese neue PERFORMANCE Brille kommt direkt von VENTURY. Als VENTURY-Brille bietet sie mit ihrem Panorama-Sichtfeld optimalen Komfort f\u00fcr den Fahrer und sorgt f\u00fcr eine gute Antizipation des Fahrers.<\/p>\n<p>Er verf\u00fcgt \u00fcber einen geformten, hochaufl\u00f6senden, gespritzten Bildschirm, der eine hohe Sto\u00dffestigkeit bietet, sowie \u00fcber einen flexiblen und ergonomischen Rahmen. Der Rahmen ist au\u00dferdem mit absorbierendem Schaumstoff mit dreifacher Dichte ausgestattet.<\/p>\n<p>Das ultrabreite Silikon-Kopfband l\u00e4sst sich mit einem einzigen Klick per CLIP SYSTEM\u00ae abnehmen und wieder anbringen. Die Brille ist serienm\u00e4\u00dfig mit einem abnehmbaren Nasenschutz ausgestattet und verf\u00fcgt au\u00dferdem \u00fcber eine Klarsichtscheibe.<\/p>\n<p>Reines Design, reine Technologie, reine PERFORMANCE. Die Performance Roll-Off ist serienm\u00e4\u00dfig mit einer klaren Scheibe mit hohem Anti-Fog-Koeffizienten und einem XL-Roll-Off-System der Marke Rip 'n' Roll ausgestattet.<\/p>\n<p>Ein Modell, das speziell f\u00fcr den Einsatz unter schwierigen und extremen Bedingungen entwickelt wurde.<\/p>","protected":false},"excerpt":{"rendered":"<p>PERFORMANCE Level 4: Deze nieuwe PERFORMANCE-bril is rechtstreeks afkomstig van VENTURY. Als VENTURY-bril biedt zijn panoramische gezichtsveld optimaal comfort voor de rijder en geeft hij de rijder een goede anticipatie. Hij heeft een voorgevormd, ge\u00efnjecteerd scherm met hoge resolutie dat een superieure slagvastheid biedt, met een flexibel en ergonomisch frame. Het frame is ook uitgerust [&hellip;]<\/p>\n","protected":false},"featured_media":36712,"template":"","meta":{"_acf_changed":false},"product_brand":[],"product_cat":[4080,4178],"product_tag":[],"class_list":{"0":"post-36711","1":"product","2":"type-product","3":"status-publish","4":"has-post-thumbnail","6":"product_cat-kenny","7":"product_cat-kenny-brillen-delen","8":"product_shipping_class-4016","10":"first","11":"instock","12":"taxable","13":"shipping-taxable","14":"purchasable","15":"product-type-simple"},"acf":[],"yoast_head":"<!-- This site is optimized with the Yoast SEO plugin v27.1.1 - https:\/\/yoast.com\/product\/yoast-seo-wordpress\/ -->\n<title>Kenny Performance Lv4 Dubbel Glas Yellow - Hoogstra Autosport<\/title>\n<meta name=\"robots\" content=\"index, follow, max-snippet:-1, max-image-preview:large, max-video-preview:-1\" \/>\n<link rel=\"canonical\" href=\"https:\/\/www.hoogstra-autosport.nl\/de\/produkt\/kenny-performance-lv4-dubbel-glas-yellow\/\" \/>\n<meta property=\"og:locale\" content=\"de_DE\" \/>\n<meta property=\"og:type\" content=\"article\" \/>\n<meta property=\"og:title\" content=\"Kenny Performance Lv4 Dubbel Glas Yellow - Hoogstra Autosport\" \/>\n<meta property=\"og:description\" content=\"PERFORMANCE Level 4: Deze nieuwe PERFORMANCE-bril is rechtstreeks afkomstig van VENTURY. Als VENTURY-bril biedt zijn panoramische gezichtsveld optimaal comfort voor de rijder en geeft hij de rijder een goede anticipatie. Hij heeft een voorgevormd, ge\u00efnjecteerd scherm met hoge resolutie dat een superieure slagvastheid biedt, met een flexibel en ergonomisch frame. Het frame is ook uitgerust [&hellip;]\" \/>\n<meta property=\"og:url\" content=\"https:\/\/www.hoogstra-autosport.nl\/de\/produkt\/kenny-performance-lv4-dubbel-glas-yellow\/\" \/>\n<meta property=\"og:site_name\" content=\"Hoogstra Autosport\" \/>\n<meta property=\"article:modified_time\" content=\"2024-02-29T10:59:33+00:00\" \/>\n<meta property=\"og:image\" content=\"https:\/\/hoogstra-autosport.nl\/teamkoen\/content\/uploads\/2021\/01\/thumbnail_IMG_1783.jpg\" \/>\n\t<meta property=\"og:image:width\" content=\"750\" \/>\n\t<meta property=\"og:image:height\" content=\"750\" \/>\n\t<meta property=\"og:image:type\" content=\"image\/jpeg\" \/>\n<meta name=\"twitter:card\" content=\"summary_large_image\" \/>\n<meta name=\"twitter:label1\" content=\"Gesch\u00e4tzte Lesezeit\" \/>\n\t<meta name=\"twitter:data1\" content=\"1\u00a0Minute\" \/>\n<script type=\"application\/ld+json\" class=\"yoast-schema-graph\">{\"@context\":\"https:\/\/schema.org\",\"@graph\":[{\"@type\":\"WebPage\",\"@id\":\"https:\/\/www.hoogstra-autosport.nl\/product\/kenny-performance-lv4-dubbel-glas-yellow\/\",\"url\":\"https:\/\/www.hoogstra-autosport.nl\/product\/kenny-performance-lv4-dubbel-glas-yellow\/\",\"name\":\"Kenny Performance Lv4 Dubbel Glas Yellow - Hoogstra Autosport\",\"isPartOf\":{\"@id\":\"https:\/\/www.hoogstra-autosport.nl\/#website\"},\"primaryImageOfPage\":{\"@id\":\"https:\/\/www.hoogstra-autosport.nl\/product\/kenny-performance-lv4-dubbel-glas-yellow\/#primaryimage\"},\"image\":{\"@id\":\"https:\/\/www.hoogstra-autosport.nl\/product\/kenny-performance-lv4-dubbel-glas-yellow\/#primaryimage\"},\"thumbnailUrl\":\"https:\/\/www.hoogstra-autosport.nl\/teamkoen\/wp-content\/uploads\/2021\/01\/thumbnail_IMG_1783.jpg\",\"datePublished\":\"2021-01-19T12:52:44+00:00\",\"dateModified\":\"2024-02-29T10:59:33+00:00\",\"breadcrumb\":{\"@id\":\"https:\/\/www.hoogstra-autosport.nl\/product\/kenny-performance-lv4-dubbel-glas-yellow\/#breadcrumb\"},\"inLanguage\":\"de\",\"potentialAction\":[{\"@type\":\"ReadAction\",\"target\":[\"https:\/\/www.hoogstra-autosport.nl\/product\/kenny-performance-lv4-dubbel-glas-yellow\/\"]}]},{\"@type\":\"ImageObject\",\"inLanguage\":\"de\",\"@id\":\"https:\/\/www.hoogstra-autosport.nl\/product\/kenny-performance-lv4-dubbel-glas-yellow\/#primaryimage\",\"url\":\"https:\/\/www.hoogstra-autosport.nl\/teamkoen\/wp-content\/uploads\/2021\/01\/thumbnail_IMG_1783.jpg\",\"contentUrl\":\"https:\/\/www.hoogstra-autosport.nl\/teamkoen\/wp-content\/uploads\/2021\/01\/thumbnail_IMG_1783.jpg\",\"width\":750,\"height\":750},{\"@type\":\"BreadcrumbList\",\"@id\":\"https:\/\/www.hoogstra-autosport.nl\/product\/kenny-performance-lv4-dubbel-glas-yellow\/#breadcrumb\",\"itemListElement\":[{\"@type\":\"ListItem\",\"position\":1,\"name\":\"Home\",\"item\":\"https:\/\/www.hoogstra-autosport.nl\/\"},{\"@type\":\"ListItem\",\"position\":2,\"name\":\"Uitrusting\",\"item\":\"https:\/\/www.hoogstra-autosport.nl\/product-categorie\/autosport-kleding-helmen\/\"},{\"@type\":\"ListItem\",\"position\":3,\"name\":\"Crossbrillen\",\"item\":\"https:\/\/www.hoogstra-autosport.nl\/product-categorie\/autosport-kleding-helmen\/crossbrillen\/\"},{\"@type\":\"ListItem\",\"position\":4,\"name\":\"Kenny Brillen &amp; Delen\",\"item\":\"https:\/\/www.hoogstra-autosport.nl\/product-categorie\/autosport-kleding-helmen\/crossbrillen\/kenny-brillen-delen\/\"},{\"@type\":\"ListItem\",\"position\":5,\"name\":\"Kenny Performance Lv4 Dubbel Glas Yellow\"}]},{\"@type\":\"WebSite\",\"@id\":\"https:\/\/www.hoogstra-autosport.nl\/#website\",\"url\":\"https:\/\/www.hoogstra-autosport.nl\/\",\"name\":\"Hoogstra Autosport\",\"description\":\"Performance Autosport Parts!\",\"potentialAction\":[{\"@type\":\"SearchAction\",\"target\":{\"@type\":\"EntryPoint\",\"urlTemplate\":\"https:\/\/www.hoogstra-autosport.nl\/?s={search_term_string}\"},\"query-input\":{\"@type\":\"PropertyValueSpecification\",\"valueRequired\":true,\"valueName\":\"search_term_string\"}}],\"inLanguage\":\"de\"}]}<\/script>\n<!-- \/ Yoast SEO plugin. -->","yoast_head_json":{"title":"Kenny Performance Lv4 Dubbel Glas Yellow - Hoogstra Autosport","robots":{"index":"index","follow":"follow","max-snippet":"max-snippet:-1","max-image-preview":"max-image-preview:large","max-video-preview":"max-video-preview:-1"},"canonical":"https:\/\/www.hoogstra-autosport.nl\/de\/produkt\/kenny-performance-lv4-dubbel-glas-yellow\/","og_locale":"de_DE","og_type":"article","og_title":"Kenny Performance Lv4 Dubbel Glas Yellow - Hoogstra Autosport","og_description":"PERFORMANCE Level 4: Deze nieuwe PERFORMANCE-bril is rechtstreeks afkomstig van VENTURY. Als VENTURY-bril biedt zijn panoramische gezichtsveld optimaal comfort voor de rijder en geeft hij de rijder een goede anticipatie. Hij heeft een voorgevormd, ge\u00efnjecteerd scherm met hoge resolutie dat een superieure slagvastheid biedt, met een flexibel en ergonomisch frame. Het frame is ook uitgerust [&hellip;]","og_url":"https:\/\/www.hoogstra-autosport.nl\/de\/produkt\/kenny-performance-lv4-dubbel-glas-yellow\/","og_site_name":"Hoogstra Autosport","article_modified_time":"2024-02-29T10:59:33+00:00","og_image":[{"width":750,"height":750,"url":"https:\/\/hoogstra-autosport.nl\/teamkoen\/content\/uploads\/2021\/01\/thumbnail_IMG_1783.jpg","type":"image\/jpeg"}],"twitter_card":"summary_large_image","twitter_misc":{"Gesch\u00e4tzte Lesezeit":"1\u00a0Minute"},"schema":{"@context":"https:\/\/schema.org","@graph":[{"@type":"WebPage","@id":"https:\/\/www.hoogstra-autosport.nl\/product\/kenny-performance-lv4-dubbel-glas-yellow\/","url":"https:\/\/www.hoogstra-autosport.nl\/product\/kenny-performance-lv4-dubbel-glas-yellow\/","name":"Kenny Performance Lv4 Dubbel Glas Yellow - Hoogstra Autosport","isPartOf":{"@id":"https:\/\/www.hoogstra-autosport.nl\/#website"},"primaryImageOfPage":{"@id":"https:\/\/www.hoogstra-autosport.nl\/product\/kenny-performance-lv4-dubbel-glas-yellow\/#primaryimage"},"image":{"@id":"https:\/\/www.hoogstra-autosport.nl\/product\/kenny-performance-lv4-dubbel-glas-yellow\/#primaryimage"},"thumbnailUrl":"https:\/\/www.hoogstra-autosport.nl\/teamkoen\/wp-content\/uploads\/2021\/01\/thumbnail_IMG_1783.jpg","datePublished":"2021-01-19T12:52:44+00:00","dateModified":"2024-02-29T10:59:33+00:00","breadcrumb":{"@id":"https:\/\/www.hoogstra-autosport.nl\/product\/kenny-performance-lv4-dubbel-glas-yellow\/#breadcrumb"},"inLanguage":"de","potentialAction":[{"@type":"ReadAction","target":["https:\/\/www.hoogstra-autosport.nl\/product\/kenny-performance-lv4-dubbel-glas-yellow\/"]}]},{"@type":"ImageObject","inLanguage":"de","@id":"https:\/\/www.hoogstra-autosport.nl\/product\/kenny-performance-lv4-dubbel-glas-yellow\/#primaryimage","url":"https:\/\/www.hoogstra-autosport.nl\/teamkoen\/wp-content\/uploads\/2021\/01\/thumbnail_IMG_1783.jpg","contentUrl":"https:\/\/www.hoogstra-autosport.nl\/teamkoen\/wp-content\/uploads\/2021\/01\/thumbnail_IMG_1783.jpg","width":750,"height":750},{"@type":"BreadcrumbList","@id":"https:\/\/www.hoogstra-autosport.nl\/product\/kenny-performance-lv4-dubbel-glas-yellow\/#breadcrumb","itemListElement":[{"@type":"ListItem","position":1,"name":"Home","item":"https:\/\/www.hoogstra-autosport.nl\/"},{"@type":"ListItem","position":2,"name":"Uitrusting","item":"https:\/\/www.hoogstra-autosport.nl\/product-categorie\/autosport-kleding-helmen\/"},{"@type":"ListItem","position":3,"name":"Crossbrillen","item":"https:\/\/www.hoogstra-autosport.nl\/product-categorie\/autosport-kleding-helmen\/crossbrillen\/"},{"@type":"ListItem","position":4,"name":"Kenny Brillen &amp; Delen","item":"https:\/\/www.hoogstra-autosport.nl\/product-categorie\/autosport-kleding-helmen\/crossbrillen\/kenny-brillen-delen\/"},{"@type":"ListItem","position":5,"name":"Kenny Performance Lv4 Dubbel Glas Yellow"}]},{"@type":"WebSite","@id":"https:\/\/www.hoogstra-autosport.nl\/#website","url":"https:\/\/www.hoogstra-autosport.nl\/","name":"Hoogstra Autosport","description":"Performance Autosport Parts!","potentialAction":[{"@type":"SearchAction","target":{"@type":"EntryPoint","urlTemplate":"https:\/\/www.hoogstra-autosport.nl\/?s={search_term_string}"},"query-input":{"@type":"PropertyValueSpecification","valueRequired":true,"valueName":"search_term_string"}}],"inLanguage":"de"}]}},"tiered_pricing_type":"fixed","tiered_pricing_fixed_rules":[],"tiered_pricing_product_settings":{"layout":"default","base_unit_name":{"singular":null,"plural":null},"default_variation":null},"tiered_pricing_minimum_quantity":null,"tiered_pricing_roles_data":[],"tiered_pricing_percentage_rules":[],"tiered_pricing_maximum_quantity":null,"tiered_pricing_quantity_step":null,"_links":{"self":[{"href":"https:\/\/www.hoogstra-autosport.nl\/de\/wp-json\/wp\/v2\/product\/36711","targetHints":{"allow":["GET"]}}],"collection":[{"href":"https:\/\/www.hoogstra-autosport.nl\/de\/wp-json\/wp\/v2\/product"}],"about":[{"href":"https:\/\/www.hoogstra-autosport.nl\/de\/wp-json\/wp\/v2\/types\/product"}],"wp:featuredmedia":[{"embeddable":true,"href":"https:\/\/www.hoogstra-autosport.nl\/de\/wp-json\/wp\/v2\/media\/36712"}],"wp:attachment":[{"href":"https:\/\/www.hoogstra-autosport.nl\/de\/wp-json\/wp\/v2\/media?parent=36711"}],"wp:term":[{"taxonomy":"product_brand","embeddable":true,"href":"https:\/\/www.hoogstra-autosport.nl\/de\/wp-json\/wp\/v2\/product_brand?post=36711"},{"taxonomy":"product_cat","embeddable":true,"href":"https:\/\/www.hoogstra-autosport.nl\/de\/wp-json\/wp\/v2\/product_cat?post=36711"},{"taxonomy":"product_tag","embeddable":true,"href":"https:\/\/www.hoogstra-autosport.nl\/de\/wp-json\/wp\/v2\/product_tag?post=36711"}],"curies":[{"name":"wp","href":"https:\/\/api.w.org\/{rel}","templated":true}]}}