{"id":35266,"date":"2020-11-26T21:10:17","date_gmt":"2020-11-26T20:10:17","guid":{"rendered":"https:\/\/www.hoogstra-autosport.nl\/?post_type=product&#038;p=35266"},"modified":"2024-01-20T13:08:08","modified_gmt":"2024-01-20T12:08:08","slug":"aim-mxp-logger-display-6","status":"publish","type":"product","link":"https:\/\/www.hoogstra-autosport.nl\/de\/produkt\/aim-mxp-logger-display-6\/","title":{"rendered":"AIM MXP Logger Anzeige 6\u2032"},"content":{"rendered":"<p>Der AIM MXP ist ein sehr robuster Dash\/Data Logger mit einem 6\u2033 TFT-Bildschirm und Aluminiumgeh\u00e4use.<\/p>\n<p>Der AIM MXP Dashlogger verf\u00fcgt \u00fcber die folgenden Kan\u00e4le:<br \/>\n-4x Radgeschwindigkeit<br \/>\n-1x Geschwindigkeit<br \/>\n-8x frei konfigurierbarer Analogkanal<br \/>\n-2x digitaler Ausgang<br \/>\n-Interner 3-Achsen-G-Kraftsensor<br \/>\n-3x CAN-Bus (1x f\u00fcr Erweiterungsmodule und 2x f\u00fcr ECU)<br \/>\nECU-Anschluss-Eing\u00e4nge: CAN-Bus, RS232, K-Leitung, OBDII<\/p>\n<p>Sonstige technische Daten AIM MXP-System:<br \/>\n-ausgestattet mit 2 milit\u00e4rischen Multisteckern f\u00fcr Kabelb\u00e4ume<br \/>\n-4 GB interner Speicher<br \/>\n-WIFI 802.11 Verbindung<br \/>\n5 frei programmierbare Alarm-LEDs (mehrfarbig)<br \/>\n-10 frei programmierbare Schaltlichter (mehrfarbig)<br \/>\n-2 (R\u00fcck-)Kameraeing\u00e4nge<br \/>\n-eingebauter Helligkeitssensor<br \/>\n-Gr\u00f6\u00dfen: 189,6 x 106,4 x 24,9 mm<br \/>\n-Gewicht: 640 Gramm<br \/>\n-Witterungsbest\u00e4ndigkeit: IP65<\/p>\n<p>Das MXP-Datenaufzeichnungs-Kit wird standardm\u00e4\u00dfig mit einem AIM MXP-Dashboard\/Datenrekorder, einem 37-poligen Kabelbaum (Anschl\u00fcsse: Analogkanal 1-4, Speed-1, RPM, Rundenzeit, CAN-Bus, USB-Download, 12-V-Stromversorgung, ECU-Verbindung \u00fcber K-Line und CAN), einem externen GPS-Modul, einem USB-Kabel und der Race Studio-Software geliefert.<br \/>\nDer optionale 22-polige Kabelbaum verf\u00fcgt \u00fcber Analogeing\u00e4nge 5 bis 8, Raddrehzahl-Eingang #2,3,4, RS232, CAN2 und 2x Digitalausgang.<\/p>\n<p>Der Steuerger\u00e4teanschluss erm\u00f6glicht den einfachen Anschluss von mehr als 1.000 (programmierbaren und OEM-) Steuerger\u00e4ten, so dass viele zus\u00e4tzliche Kan\u00e4le aufgezeichnet werden k\u00f6nnen.\u00a0<a href=\"https:\/\/www.aim-sportline.com\/en\/documentation.htm\" target=\"_blank\" rel=\"noopener noreferrer\">Pr\u00fcfen Sie hier die Kompatibilit\u00e4t des Steuerger\u00e4ts.<\/a><\/p>\n<p>Der AIM MXP Datenlogger hat au\u00dferdem die M\u00f6glichkeit, Kan\u00e4le zu erweitern und CAN-Module anzuschlie\u00dfen, wie z. B. eine AIM Breitband-Lambdasonde, Kanalerweiterung, GPS-Modul (im Set enthalten), SmartyCam HD-Videokamera, Thermoelement-Hub usw. Au\u00dferdem Anzeige von Runden-, Zwischen- und Prognosezeiten. Mehrere Layouts und Alarme programmierbar.<\/p>\n<p>Die Auswertung der gespeicherten Daten erfolgt \u00fcber die mitgelieferte, benutzerfreundliche Analysesoftware Race Studio. Aktualisierungen dieser Software k\u00f6nnen kostenlos heruntergeladen werden. Es fallen keine j\u00e4hrlichen Lizenzgeb\u00fchren an.<\/p>","protected":false},"excerpt":{"rendered":"<p>De AIM MXP is een zeer robuuste dash\/datalogger met een 6\u2033 TFT scherm en aluminium behuizing. De AIM MXP dashlogger is voorzien van de volgende kanalen: -4x wielsnelheid -1x toerental -8x vrij configureerbaar analoog kanaal -2x digitale uitgang -interne 3-assige G-krachtsensor -3x CAN bus (1x voor uitbreidingsmodules en 2x voor ECU) -ECU connectie ingangen: CAN [&hellip;]<\/p>\n","protected":false},"featured_media":35267,"template":"","meta":{"_acf_changed":false},"product_brand":[],"product_cat":[3927,4142],"product_tag":[],"class_list":{"0":"post-35266","1":"product","2":"type-product","3":"status-publish","4":"has-post-thumbnail","6":"product_cat-aim-displays","7":"product_cat-aim-solo","8":"product_shipping_class-4016","10":"first","11":"instock","12":"taxable","13":"shipping-taxable","14":"purchasable","15":"product-type-simple"},"acf":[],"yoast_head":"<!-- This site is optimized with the Yoast SEO plugin v27.1.1 - https:\/\/yoast.com\/product\/yoast-seo-wordpress\/ -->\n<title>AIM MXP Logger Display 6&#039; - Hoogstra Autosport<\/title>\n<meta name=\"robots\" content=\"index, follow, max-snippet:-1, max-image-preview:large, max-video-preview:-1\" \/>\n<link rel=\"canonical\" href=\"https:\/\/www.hoogstra-autosport.nl\/de\/produkt\/aim-mxp-logger-display-6\/\" \/>\n<meta property=\"og:locale\" content=\"de_DE\" \/>\n<meta property=\"og:type\" content=\"article\" \/>\n<meta property=\"og:title\" content=\"AIM MXP Logger Display 6&#039; - Hoogstra Autosport\" \/>\n<meta property=\"og:description\" content=\"De AIM MXP is een zeer robuuste dash\/datalogger met een 6\u2033 TFT scherm en aluminium behuizing. De AIM MXP dashlogger is voorzien van de volgende kanalen: -4x wielsnelheid -1x toerental -8x vrij configureerbaar analoog kanaal -2x digitale uitgang -interne 3-assige G-krachtsensor -3x CAN bus (1x voor uitbreidingsmodules en 2x voor ECU) -ECU connectie ingangen: CAN [&hellip;]\" \/>\n<meta property=\"og:url\" content=\"https:\/\/www.hoogstra-autosport.nl\/de\/produkt\/aim-mxp-logger-display-6\/\" \/>\n<meta property=\"og:site_name\" content=\"Hoogstra Autosport\" \/>\n<meta property=\"article:modified_time\" content=\"2024-01-20T12:08:08+00:00\" \/>\n<meta property=\"og:image\" content=\"https:\/\/www.hoogstra-autosport.nl\/teamkoen\/content\/uploads\/2020\/11\/AiM-MXP-official-photo-3.jpg\" \/>\n\t<meta property=\"og:image:width\" content=\"2400\" \/>\n\t<meta property=\"og:image:height\" content=\"1590\" \/>\n\t<meta property=\"og:image:type\" content=\"image\/jpeg\" \/>\n<meta name=\"twitter:card\" content=\"summary_large_image\" \/>\n<meta name=\"twitter:label1\" content=\"Gesch\u00e4tzte Lesezeit\" \/>\n\t<meta name=\"twitter:data1\" content=\"1\u00a0Minute\" \/>\n<script type=\"application\/ld+json\" class=\"yoast-schema-graph\">{\"@context\":\"https:\/\/schema.org\",\"@graph\":[{\"@type\":\"WebPage\",\"@id\":\"https:\/\/www.hoogstra-autosport.nl\/product\/aim-mxp-logger-display-6\/\",\"url\":\"https:\/\/www.hoogstra-autosport.nl\/product\/aim-mxp-logger-display-6\/\",\"name\":\"AIM MXP Logger Display 6' - Hoogstra Autosport\",\"isPartOf\":{\"@id\":\"https:\/\/www.hoogstra-autosport.nl\/#website\"},\"primaryImageOfPage\":{\"@id\":\"https:\/\/www.hoogstra-autosport.nl\/product\/aim-mxp-logger-display-6\/#primaryimage\"},\"image\":{\"@id\":\"https:\/\/www.hoogstra-autosport.nl\/product\/aim-mxp-logger-display-6\/#primaryimage\"},\"thumbnailUrl\":\"https:\/\/www.hoogstra-autosport.nl\/teamkoen\/wp-content\/uploads\/2020\/11\/AiM-MXP-official-photo-3.jpg\",\"datePublished\":\"2020-11-26T20:10:17+00:00\",\"dateModified\":\"2024-01-20T12:08:08+00:00\",\"breadcrumb\":{\"@id\":\"https:\/\/www.hoogstra-autosport.nl\/product\/aim-mxp-logger-display-6\/#breadcrumb\"},\"inLanguage\":\"de\",\"potentialAction\":[{\"@type\":\"ReadAction\",\"target\":[\"https:\/\/www.hoogstra-autosport.nl\/product\/aim-mxp-logger-display-6\/\"]}]},{\"@type\":\"ImageObject\",\"inLanguage\":\"de\",\"@id\":\"https:\/\/www.hoogstra-autosport.nl\/product\/aim-mxp-logger-display-6\/#primaryimage\",\"url\":\"https:\/\/www.hoogstra-autosport.nl\/teamkoen\/wp-content\/uploads\/2020\/11\/AiM-MXP-official-photo-3.jpg\",\"contentUrl\":\"https:\/\/www.hoogstra-autosport.nl\/teamkoen\/wp-content\/uploads\/2020\/11\/AiM-MXP-official-photo-3.jpg\",\"width\":2400,\"height\":1590},{\"@type\":\"BreadcrumbList\",\"@id\":\"https:\/\/www.hoogstra-autosport.nl\/product\/aim-mxp-logger-display-6\/#breadcrumb\",\"itemListElement\":[{\"@type\":\"ListItem\",\"position\":1,\"name\":\"Home\",\"item\":\"https:\/\/www.hoogstra-autosport.nl\/\"},{\"@type\":\"ListItem\",\"position\":2,\"name\":\"Elektriciteit\",\"item\":\"https:\/\/www.hoogstra-autosport.nl\/product-categorie\/elektriciteit\/\"},{\"@type\":\"ListItem\",\"position\":3,\"name\":\"AIM Displays\",\"item\":\"https:\/\/www.hoogstra-autosport.nl\/product-categorie\/elektriciteit\/aim-displays\/\"},{\"@type\":\"ListItem\",\"position\":4,\"name\":\"AIM MXP Logger Display 6&#8242;\"}]},{\"@type\":\"WebSite\",\"@id\":\"https:\/\/www.hoogstra-autosport.nl\/#website\",\"url\":\"https:\/\/www.hoogstra-autosport.nl\/\",\"name\":\"Hoogstra Autosport\",\"description\":\"Performance Autosport Parts!\",\"potentialAction\":[{\"@type\":\"SearchAction\",\"target\":{\"@type\":\"EntryPoint\",\"urlTemplate\":\"https:\/\/www.hoogstra-autosport.nl\/?s={search_term_string}\"},\"query-input\":{\"@type\":\"PropertyValueSpecification\",\"valueRequired\":true,\"valueName\":\"search_term_string\"}}],\"inLanguage\":\"de\"}]}<\/script>\n<!-- \/ Yoast SEO plugin. -->","yoast_head_json":{"title":"AIM MXP Logger Display 6' - Hoogstra Autosport","robots":{"index":"index","follow":"follow","max-snippet":"max-snippet:-1","max-image-preview":"max-image-preview:large","max-video-preview":"max-video-preview:-1"},"canonical":"https:\/\/www.hoogstra-autosport.nl\/de\/produkt\/aim-mxp-logger-display-6\/","og_locale":"de_DE","og_type":"article","og_title":"AIM MXP Logger Display 6' - Hoogstra Autosport","og_description":"De AIM MXP is een zeer robuuste dash\/datalogger met een 6\u2033 TFT scherm en aluminium behuizing. De AIM MXP dashlogger is voorzien van de volgende kanalen: -4x wielsnelheid -1x toerental -8x vrij configureerbaar analoog kanaal -2x digitale uitgang -interne 3-assige G-krachtsensor -3x CAN bus (1x voor uitbreidingsmodules en 2x voor ECU) -ECU connectie ingangen: CAN [&hellip;]","og_url":"https:\/\/www.hoogstra-autosport.nl\/de\/produkt\/aim-mxp-logger-display-6\/","og_site_name":"Hoogstra Autosport","article_modified_time":"2024-01-20T12:08:08+00:00","og_image":[{"width":2400,"height":1590,"url":"https:\/\/www.hoogstra-autosport.nl\/teamkoen\/content\/uploads\/2020\/11\/AiM-MXP-official-photo-3.jpg","type":"image\/jpeg"}],"twitter_card":"summary_large_image","twitter_misc":{"Gesch\u00e4tzte Lesezeit":"1\u00a0Minute"},"schema":{"@context":"https:\/\/schema.org","@graph":[{"@type":"WebPage","@id":"https:\/\/www.hoogstra-autosport.nl\/product\/aim-mxp-logger-display-6\/","url":"https:\/\/www.hoogstra-autosport.nl\/product\/aim-mxp-logger-display-6\/","name":"AIM MXP Logger Display 6' - Hoogstra Autosport","isPartOf":{"@id":"https:\/\/www.hoogstra-autosport.nl\/#website"},"primaryImageOfPage":{"@id":"https:\/\/www.hoogstra-autosport.nl\/product\/aim-mxp-logger-display-6\/#primaryimage"},"image":{"@id":"https:\/\/www.hoogstra-autosport.nl\/product\/aim-mxp-logger-display-6\/#primaryimage"},"thumbnailUrl":"https:\/\/www.hoogstra-autosport.nl\/teamkoen\/wp-content\/uploads\/2020\/11\/AiM-MXP-official-photo-3.jpg","datePublished":"2020-11-26T20:10:17+00:00","dateModified":"2024-01-20T12:08:08+00:00","breadcrumb":{"@id":"https:\/\/www.hoogstra-autosport.nl\/product\/aim-mxp-logger-display-6\/#breadcrumb"},"inLanguage":"de","potentialAction":[{"@type":"ReadAction","target":["https:\/\/www.hoogstra-autosport.nl\/product\/aim-mxp-logger-display-6\/"]}]},{"@type":"ImageObject","inLanguage":"de","@id":"https:\/\/www.hoogstra-autosport.nl\/product\/aim-mxp-logger-display-6\/#primaryimage","url":"https:\/\/www.hoogstra-autosport.nl\/teamkoen\/wp-content\/uploads\/2020\/11\/AiM-MXP-official-photo-3.jpg","contentUrl":"https:\/\/www.hoogstra-autosport.nl\/teamkoen\/wp-content\/uploads\/2020\/11\/AiM-MXP-official-photo-3.jpg","width":2400,"height":1590},{"@type":"BreadcrumbList","@id":"https:\/\/www.hoogstra-autosport.nl\/product\/aim-mxp-logger-display-6\/#breadcrumb","itemListElement":[{"@type":"ListItem","position":1,"name":"Home","item":"https:\/\/www.hoogstra-autosport.nl\/"},{"@type":"ListItem","position":2,"name":"Elektriciteit","item":"https:\/\/www.hoogstra-autosport.nl\/product-categorie\/elektriciteit\/"},{"@type":"ListItem","position":3,"name":"AIM Displays","item":"https:\/\/www.hoogstra-autosport.nl\/product-categorie\/elektriciteit\/aim-displays\/"},{"@type":"ListItem","position":4,"name":"AIM MXP Logger Display 6&#8242;"}]},{"@type":"WebSite","@id":"https:\/\/www.hoogstra-autosport.nl\/#website","url":"https:\/\/www.hoogstra-autosport.nl\/","name":"Hoogstra Autosport","description":"Performance Autosport Parts!","potentialAction":[{"@type":"SearchAction","target":{"@type":"EntryPoint","urlTemplate":"https:\/\/www.hoogstra-autosport.nl\/?s={search_term_string}"},"query-input":{"@type":"PropertyValueSpecification","valueRequired":true,"valueName":"search_term_string"}}],"inLanguage":"de"}]}},"tiered_pricing_type":"fixed","tiered_pricing_fixed_rules":[],"tiered_pricing_product_settings":{"layout":"default","base_unit_name":{"singular":null,"plural":null},"default_variation":null},"tiered_pricing_minimum_quantity":null,"tiered_pricing_roles_data":[],"tiered_pricing_percentage_rules":[],"tiered_pricing_maximum_quantity":null,"tiered_pricing_quantity_step":null,"_links":{"self":[{"href":"https:\/\/www.hoogstra-autosport.nl\/de\/wp-json\/wp\/v2\/product\/35266","targetHints":{"allow":["GET"]}}],"collection":[{"href":"https:\/\/www.hoogstra-autosport.nl\/de\/wp-json\/wp\/v2\/product"}],"about":[{"href":"https:\/\/www.hoogstra-autosport.nl\/de\/wp-json\/wp\/v2\/types\/product"}],"wp:featuredmedia":[{"embeddable":true,"href":"https:\/\/www.hoogstra-autosport.nl\/de\/wp-json\/wp\/v2\/media\/35267"}],"wp:attachment":[{"href":"https:\/\/www.hoogstra-autosport.nl\/de\/wp-json\/wp\/v2\/media?parent=35266"}],"wp:term":[{"taxonomy":"product_brand","embeddable":true,"href":"https:\/\/www.hoogstra-autosport.nl\/de\/wp-json\/wp\/v2\/product_brand?post=35266"},{"taxonomy":"product_cat","embeddable":true,"href":"https:\/\/www.hoogstra-autosport.nl\/de\/wp-json\/wp\/v2\/product_cat?post=35266"},{"taxonomy":"product_tag","embeddable":true,"href":"https:\/\/www.hoogstra-autosport.nl\/de\/wp-json\/wp\/v2\/product_tag?post=35266"}],"curies":[{"name":"wp","href":"https:\/\/api.w.org\/{rel}","templated":true}]}}