{"id":35252,"date":"2020-11-26T20:54:17","date_gmt":"2020-11-26T19:54:17","guid":{"rendered":"https:\/\/www.hoogstra-autosport.nl\/?post_type=product&#038;p=35252"},"modified":"2024-01-20T13:08:08","modified_gmt":"2024-01-20T12:08:08","slug":"aim-mxg-1-2-strada-7","status":"publish","type":"product","link":"https:\/\/www.hoogstra-autosport.nl\/de\/produkt\/aim-mxg-1-2-strada-7\/","title":{"rendered":"AIM MXG 1.2 Strada Anzeige 7\u2032"},"content":{"rendered":"<p>Das AIM MXG 1.2 Strada ist ein sehr robustes Armaturenbrett mit einem 7\u2033 TFT-Bildschirm und einem Aluminiumgeh\u00e4use.<\/p>\n<p>Das AIM MXG Strada verf\u00fcgt \u00fcber die folgenden Kan\u00e4le:<br \/>\n-1x Radgeschwindigkeit<br \/>\n-1x Geschwindigkeit<br \/>\n-8x frei konfigurierbarer Analogkanal<br \/>\n-1x digitaler Ausgang<br \/>\n-3x CAN-Bus (1x f\u00fcr Erweiterungsmodule und 2x f\u00fcr ECU)<br \/>\nECU-Anschluss-Eing\u00e4nge: CAN-Bus, RS232, K-Leitung, OBDII<\/p>\n<p>Sonstige technische Daten System AIM MXG Strada:<br \/>\n-keine Datenspeicherung<br \/>\n-Ausgestattet mit 2 Multisteckern f\u00fcr Kabelb\u00e4ume<br \/>\n-8 frei programmierbare Alarm-LEDs (mehrfarbig)<br \/>\n-10 frei programmierbare Schaltlichter (mehrfarbig)<br \/>\n-2 (R\u00fcck-)Kameraeing\u00e4nge<br \/>\n-eingebauter Helligkeitssensor<br \/>\n-Gr\u00f6\u00dfen: 237\u00d7127,6\u00d726 mm<br \/>\n-Gewicht: 950 Gramm<br \/>\n-Witterungsbest\u00e4ndigkeit: IP65<\/p>\n<p>Der MXG Strada wird serienm\u00e4\u00dfig mit einem AIM MXG Armaturenbrett, 23-poligem Stecker + Pins, 14-poligem Kabelbaum (Anschl\u00fcsse: Speed-1, RPM, CAN-Bus, USB-Download, 12V-Stromversorgung, ECU-Anschluss \u00fcber K-Line, rs232 und CAN), USB-Kabel und Race Studio-Software.<\/p>\n<p>Der Steuerger\u00e4teanschluss erm\u00f6glicht den einfachen Anschluss von mehr als 1.000 (programmierbaren und OEM-) Steuerger\u00e4ten, so dass viele zus\u00e4tzliche Kan\u00e4le aufgezeichnet werden k\u00f6nnen.\u00a0<a href=\"https:\/\/www.aim-sportline.com\/en\/documentation.htm\" target=\"_blank\" rel=\"noopener noreferrer\">Pr\u00fcfen Sie hier die Kompatibilit\u00e4t des Steuerger\u00e4ts.<\/a><\/p>\n<p>Das AIM MXS Strada bietet au\u00dferdem die M\u00f6glichkeit, Kan\u00e4le zu erweitern und CAN-Module anzuschlie\u00dfen, z. B. eine AIM Breitband-Lambdasonde, Kanalerweiterung, GPS-Modul, SmartyCam HD-Videokamera, Thermoelement-Hub usw. Mehrere Layouts und Alarme programmierbar.<\/p>","protected":false},"excerpt":{"rendered":"<p>De AIM MXG 1.2 Strada is een zeer robuust dash met een 7\u2033 TFT scherm en aluminium behuizing. De AIM MXG Strada is voorzien van de volgende kanalen: -1x wielsnelheid -1x toerental -8x vrij configureerbaar analoog kanaal -1x digitale uitgang -3x CAN bus (1x voor uitbreidingsmodules en 2x voor ECU) -ECU connectie ingangen: CAN bus, [&hellip;]<\/p>\n","protected":false},"featured_media":35253,"template":"","meta":{"_acf_changed":false},"product_brand":[],"product_cat":[3927,4142],"product_tag":[],"class_list":{"0":"post-35252","1":"product","2":"type-product","3":"status-publish","4":"has-post-thumbnail","6":"product_cat-aim-displays","7":"product_cat-aim-solo","8":"product_shipping_class-4016","10":"first","11":"instock","12":"taxable","13":"shipping-taxable","14":"purchasable","15":"product-type-simple"},"acf":[],"yoast_head":"<!-- This site is optimized with the Yoast SEO plugin v27.1.1 - https:\/\/yoast.com\/product\/yoast-seo-wordpress\/ -->\n<title>AIM MXG 1.2 Strada Display 7&#039; - Hoogstra Autosport<\/title>\n<meta name=\"robots\" content=\"index, follow, max-snippet:-1, max-image-preview:large, max-video-preview:-1\" \/>\n<link rel=\"canonical\" href=\"https:\/\/www.hoogstra-autosport.nl\/de\/produkt\/aim-mxg-1-2-strada-7\/\" \/>\n<meta property=\"og:locale\" content=\"de_DE\" \/>\n<meta property=\"og:type\" content=\"article\" \/>\n<meta property=\"og:title\" content=\"AIM MXG 1.2 Strada Display 7&#039; - Hoogstra Autosport\" \/>\n<meta property=\"og:description\" content=\"De AIM MXG 1.2 Strada is een zeer robuust dash met een 7\u2033 TFT scherm en aluminium behuizing. De AIM MXG Strada is voorzien van de volgende kanalen: -1x wielsnelheid -1x toerental -8x vrij configureerbaar analoog kanaal -1x digitale uitgang -3x CAN bus (1x voor uitbreidingsmodules en 2x voor ECU) -ECU connectie ingangen: CAN bus, [&hellip;]\" \/>\n<meta property=\"og:url\" content=\"https:\/\/www.hoogstra-autosport.nl\/de\/produkt\/aim-mxg-1-2-strada-7\/\" \/>\n<meta property=\"og:site_name\" content=\"Hoogstra Autosport\" \/>\n<meta property=\"article:modified_time\" content=\"2024-01-20T12:08:08+00:00\" \/>\n<meta property=\"og:image\" content=\"https:\/\/www.hoogstra-autosport.nl\/teamkoen\/content\/uploads\/2020\/11\/AiM-MXG-1.2-Strada-official-photo-1.jpg\" \/>\n\t<meta property=\"og:image:width\" content=\"1500\" \/>\n\t<meta property=\"og:image:height\" content=\"999\" \/>\n\t<meta property=\"og:image:type\" content=\"image\/jpeg\" \/>\n<meta name=\"twitter:card\" content=\"summary_large_image\" \/>\n<meta name=\"twitter:label1\" content=\"Gesch\u00e4tzte Lesezeit\" \/>\n\t<meta name=\"twitter:data1\" content=\"1\u00a0Minute\" \/>\n<script type=\"application\/ld+json\" class=\"yoast-schema-graph\">{\"@context\":\"https:\/\/schema.org\",\"@graph\":[{\"@type\":\"WebPage\",\"@id\":\"https:\/\/www.hoogstra-autosport.nl\/product\/aim-mxg-1-2-strada-7\/\",\"url\":\"https:\/\/www.hoogstra-autosport.nl\/product\/aim-mxg-1-2-strada-7\/\",\"name\":\"AIM MXG 1.2 Strada Display 7' - Hoogstra Autosport\",\"isPartOf\":{\"@id\":\"https:\/\/www.hoogstra-autosport.nl\/#website\"},\"primaryImageOfPage\":{\"@id\":\"https:\/\/www.hoogstra-autosport.nl\/product\/aim-mxg-1-2-strada-7\/#primaryimage\"},\"image\":{\"@id\":\"https:\/\/www.hoogstra-autosport.nl\/product\/aim-mxg-1-2-strada-7\/#primaryimage\"},\"thumbnailUrl\":\"https:\/\/www.hoogstra-autosport.nl\/teamkoen\/wp-content\/uploads\/2020\/11\/AiM-MXG-1.2-Strada-official-photo-1.jpg\",\"datePublished\":\"2020-11-26T19:54:17+00:00\",\"dateModified\":\"2024-01-20T12:08:08+00:00\",\"breadcrumb\":{\"@id\":\"https:\/\/www.hoogstra-autosport.nl\/product\/aim-mxg-1-2-strada-7\/#breadcrumb\"},\"inLanguage\":\"de\",\"potentialAction\":[{\"@type\":\"ReadAction\",\"target\":[\"https:\/\/www.hoogstra-autosport.nl\/product\/aim-mxg-1-2-strada-7\/\"]}]},{\"@type\":\"ImageObject\",\"inLanguage\":\"de\",\"@id\":\"https:\/\/www.hoogstra-autosport.nl\/product\/aim-mxg-1-2-strada-7\/#primaryimage\",\"url\":\"https:\/\/www.hoogstra-autosport.nl\/teamkoen\/wp-content\/uploads\/2020\/11\/AiM-MXG-1.2-Strada-official-photo-1.jpg\",\"contentUrl\":\"https:\/\/www.hoogstra-autosport.nl\/teamkoen\/wp-content\/uploads\/2020\/11\/AiM-MXG-1.2-Strada-official-photo-1.jpg\",\"width\":1500,\"height\":999},{\"@type\":\"BreadcrumbList\",\"@id\":\"https:\/\/www.hoogstra-autosport.nl\/product\/aim-mxg-1-2-strada-7\/#breadcrumb\",\"itemListElement\":[{\"@type\":\"ListItem\",\"position\":1,\"name\":\"Home\",\"item\":\"https:\/\/www.hoogstra-autosport.nl\/\"},{\"@type\":\"ListItem\",\"position\":2,\"name\":\"Elektriciteit\",\"item\":\"https:\/\/www.hoogstra-autosport.nl\/product-categorie\/elektriciteit\/\"},{\"@type\":\"ListItem\",\"position\":3,\"name\":\"AIM Displays\",\"item\":\"https:\/\/www.hoogstra-autosport.nl\/product-categorie\/elektriciteit\/aim-displays\/\"},{\"@type\":\"ListItem\",\"position\":4,\"name\":\"AIM MXG 1.2 Strada Display 7&#8242;\"}]},{\"@type\":\"WebSite\",\"@id\":\"https:\/\/www.hoogstra-autosport.nl\/#website\",\"url\":\"https:\/\/www.hoogstra-autosport.nl\/\",\"name\":\"Hoogstra Autosport\",\"description\":\"Performance Autosport Parts!\",\"potentialAction\":[{\"@type\":\"SearchAction\",\"target\":{\"@type\":\"EntryPoint\",\"urlTemplate\":\"https:\/\/www.hoogstra-autosport.nl\/?s={search_term_string}\"},\"query-input\":{\"@type\":\"PropertyValueSpecification\",\"valueRequired\":true,\"valueName\":\"search_term_string\"}}],\"inLanguage\":\"de\"}]}<\/script>\n<!-- \/ Yoast SEO plugin. -->","yoast_head_json":{"title":"AIM MXG 1.2 Strada Display 7' - Hoogstra Autosport","robots":{"index":"index","follow":"follow","max-snippet":"max-snippet:-1","max-image-preview":"max-image-preview:large","max-video-preview":"max-video-preview:-1"},"canonical":"https:\/\/www.hoogstra-autosport.nl\/de\/produkt\/aim-mxg-1-2-strada-7\/","og_locale":"de_DE","og_type":"article","og_title":"AIM MXG 1.2 Strada Display 7' - Hoogstra Autosport","og_description":"De AIM MXG 1.2 Strada is een zeer robuust dash met een 7\u2033 TFT scherm en aluminium behuizing. De AIM MXG Strada is voorzien van de volgende kanalen: -1x wielsnelheid -1x toerental -8x vrij configureerbaar analoog kanaal -1x digitale uitgang -3x CAN bus (1x voor uitbreidingsmodules en 2x voor ECU) -ECU connectie ingangen: CAN bus, [&hellip;]","og_url":"https:\/\/www.hoogstra-autosport.nl\/de\/produkt\/aim-mxg-1-2-strada-7\/","og_site_name":"Hoogstra Autosport","article_modified_time":"2024-01-20T12:08:08+00:00","og_image":[{"width":1500,"height":999,"url":"https:\/\/www.hoogstra-autosport.nl\/teamkoen\/content\/uploads\/2020\/11\/AiM-MXG-1.2-Strada-official-photo-1.jpg","type":"image\/jpeg"}],"twitter_card":"summary_large_image","twitter_misc":{"Gesch\u00e4tzte Lesezeit":"1\u00a0Minute"},"schema":{"@context":"https:\/\/schema.org","@graph":[{"@type":"WebPage","@id":"https:\/\/www.hoogstra-autosport.nl\/product\/aim-mxg-1-2-strada-7\/","url":"https:\/\/www.hoogstra-autosport.nl\/product\/aim-mxg-1-2-strada-7\/","name":"AIM MXG 1.2 Strada Display 7' - Hoogstra Autosport","isPartOf":{"@id":"https:\/\/www.hoogstra-autosport.nl\/#website"},"primaryImageOfPage":{"@id":"https:\/\/www.hoogstra-autosport.nl\/product\/aim-mxg-1-2-strada-7\/#primaryimage"},"image":{"@id":"https:\/\/www.hoogstra-autosport.nl\/product\/aim-mxg-1-2-strada-7\/#primaryimage"},"thumbnailUrl":"https:\/\/www.hoogstra-autosport.nl\/teamkoen\/wp-content\/uploads\/2020\/11\/AiM-MXG-1.2-Strada-official-photo-1.jpg","datePublished":"2020-11-26T19:54:17+00:00","dateModified":"2024-01-20T12:08:08+00:00","breadcrumb":{"@id":"https:\/\/www.hoogstra-autosport.nl\/product\/aim-mxg-1-2-strada-7\/#breadcrumb"},"inLanguage":"de","potentialAction":[{"@type":"ReadAction","target":["https:\/\/www.hoogstra-autosport.nl\/product\/aim-mxg-1-2-strada-7\/"]}]},{"@type":"ImageObject","inLanguage":"de","@id":"https:\/\/www.hoogstra-autosport.nl\/product\/aim-mxg-1-2-strada-7\/#primaryimage","url":"https:\/\/www.hoogstra-autosport.nl\/teamkoen\/wp-content\/uploads\/2020\/11\/AiM-MXG-1.2-Strada-official-photo-1.jpg","contentUrl":"https:\/\/www.hoogstra-autosport.nl\/teamkoen\/wp-content\/uploads\/2020\/11\/AiM-MXG-1.2-Strada-official-photo-1.jpg","width":1500,"height":999},{"@type":"BreadcrumbList","@id":"https:\/\/www.hoogstra-autosport.nl\/product\/aim-mxg-1-2-strada-7\/#breadcrumb","itemListElement":[{"@type":"ListItem","position":1,"name":"Home","item":"https:\/\/www.hoogstra-autosport.nl\/"},{"@type":"ListItem","position":2,"name":"Elektriciteit","item":"https:\/\/www.hoogstra-autosport.nl\/product-categorie\/elektriciteit\/"},{"@type":"ListItem","position":3,"name":"AIM Displays","item":"https:\/\/www.hoogstra-autosport.nl\/product-categorie\/elektriciteit\/aim-displays\/"},{"@type":"ListItem","position":4,"name":"AIM MXG 1.2 Strada Display 7&#8242;"}]},{"@type":"WebSite","@id":"https:\/\/www.hoogstra-autosport.nl\/#website","url":"https:\/\/www.hoogstra-autosport.nl\/","name":"Hoogstra Autosport","description":"Performance Autosport Parts!","potentialAction":[{"@type":"SearchAction","target":{"@type":"EntryPoint","urlTemplate":"https:\/\/www.hoogstra-autosport.nl\/?s={search_term_string}"},"query-input":{"@type":"PropertyValueSpecification","valueRequired":true,"valueName":"search_term_string"}}],"inLanguage":"de"}]}},"tiered_pricing_type":"fixed","tiered_pricing_fixed_rules":[],"tiered_pricing_product_settings":{"layout":"default","base_unit_name":{"singular":null,"plural":null},"default_variation":null},"tiered_pricing_minimum_quantity":null,"tiered_pricing_roles_data":[],"tiered_pricing_percentage_rules":[],"tiered_pricing_maximum_quantity":null,"tiered_pricing_quantity_step":null,"_links":{"self":[{"href":"https:\/\/www.hoogstra-autosport.nl\/de\/wp-json\/wp\/v2\/product\/35252","targetHints":{"allow":["GET"]}}],"collection":[{"href":"https:\/\/www.hoogstra-autosport.nl\/de\/wp-json\/wp\/v2\/product"}],"about":[{"href":"https:\/\/www.hoogstra-autosport.nl\/de\/wp-json\/wp\/v2\/types\/product"}],"wp:featuredmedia":[{"embeddable":true,"href":"https:\/\/www.hoogstra-autosport.nl\/de\/wp-json\/wp\/v2\/media\/35253"}],"wp:attachment":[{"href":"https:\/\/www.hoogstra-autosport.nl\/de\/wp-json\/wp\/v2\/media?parent=35252"}],"wp:term":[{"taxonomy":"product_brand","embeddable":true,"href":"https:\/\/www.hoogstra-autosport.nl\/de\/wp-json\/wp\/v2\/product_brand?post=35252"},{"taxonomy":"product_cat","embeddable":true,"href":"https:\/\/www.hoogstra-autosport.nl\/de\/wp-json\/wp\/v2\/product_cat?post=35252"},{"taxonomy":"product_tag","embeddable":true,"href":"https:\/\/www.hoogstra-autosport.nl\/de\/wp-json\/wp\/v2\/product_tag?post=35252"}],"curies":[{"name":"wp","href":"https:\/\/api.w.org\/{rel}","templated":true}]}}