{"id":35157,"date":"2020-11-24T19:00:07","date_gmt":"2020-11-24T18:00:07","guid":{"rendered":"https:\/\/www.hoogstra-autosport.nl\/?post_type=product&#038;p=35157"},"modified":"2024-01-20T13:08:04","modified_gmt":"2024-01-20T12:08:04","slug":"aim-solo-2-lap-timer","status":"publish","type":"product","link":"https:\/\/www.hoogstra-autosport.nl\/de\/produkt\/aim-solo-2-lap-timer\/","title":{"rendered":"AIM Solo 2 Rundenzeitmesser"},"content":{"rendered":"<p>Wenn dieser fortschrittliche Rundenzeitmesser AIM Solo 2 eingeschaltet wird, erkennt er sofort seine Position und die Start-\/Ziellinie durch sein eingebautes GPS. Neben den Rundenzeiten k\u00f6nnen auch Zwischenzeiten und die Vorhersage von Rundenzeiten (Predictive) angezeigt werden. icm rote oder gr\u00fcne LEDs zeigen dies an. Und die \"rollende Zeit\" ist perfekt f\u00fcr den Code 60!<\/p>\n<p>Der Rundentimer ist mit den tats\u00e4chlichen Start- und Ziellinien vieler Rennstrecken auf der ganzen Welt vorprogrammiert, aber Sie k\u00f6nnen nat\u00fcrlich auch eigene Strecken hinzuf\u00fcgen. Wenn die Strecke nicht vorhanden ist, schalten Sie einfach in den Auto-Learning-Modus, um alle Streckendaten und Rundenzeiten aufzuzeichnen. Das Solo 2 verf\u00fcgt \u00fcber einen internen Speicher von 4 GB, um Renndaten zu speichern. Ein normales Ladeger\u00e4t, ein Autoladeger\u00e4t und eine Halterung sind im Lieferumfang enthalten.<\/p>\n<p>Das AIM Solo 2 bietet mehrere Rennoptionen:<\/p>\n<p>- Rennen auf geschlossener Strecke<br \/>\n- Flugbahn, von Punkt A nach B<br \/>\n- Regelm\u00e4\u00dfigkeitspr\u00fcfungen<br \/>\n- Beschleunigungstests (0-100\/160km\/h oder 100\/400\/1000m usw.)<\/p>\n<p>Die frei konfigurierbaren RGB-LEDs geben eine gute und klare Anzeige der Rundenzeitdifferenz im Vergleich zur besten gefahrenen Runde. Die Analyse der aufgezeichneten Daten und Ergebnisse war mit einem AIM Solo noch nie so einfach. Die Analyse Ihrer gemessenen Leistung kann auch auf Ihrem I-Phone durchgef\u00fchrt werden, das mit diesem Datenlogger verbunden ist.<\/p>\n<p>Die Programme AIM RaceStudio 3 und RaceStudio Analysis k\u00f6nnen kostenlos heruntergeladen und verwendet werden. Das Aktualisieren von Frimware, Rennstrecken, das Herunterladen von Renndaten mit WIFI-Verbindung sowie das Analysieren Ihrer Leistung war noch nie so einfach.<\/p>\n<p>Bildschirm : Grafik<br \/>\nBildschirmaufl\u00f6sung: 238\u00d799 Pixel<br \/>\nDisplay-Seiten : 8 frei konfigurierbar<br \/>\nHintergrundbeleuchtung: 7 konfigurierbare RGB-Farben<br \/>\nSchaltlichter\/Alarm-LEDs: 10 konfigurierbare RGB-LEDs<br \/>\nTrack-Datenbank : Ja, integriert<br \/>\nInterner 3-Achsen \u00b15G-Beschleunigungsmesser + 3-Achsen-Gyroskop + 3-Achsen-Magnetometer<br \/>\nWi-Fi-Verbindung : Ja<br \/>\nGPS: 10 Hz<br \/>\nExterne Stromversorgung: 12 V DC<br \/>\nSpeicher : 4 Gb<br \/>\nBatterietyp : Wiederaufladbare Version Lithium<br \/>\nSteuertasten : Metallisch<br \/>\nAbmessungen: 98,0\u00d773,7\u00d730,2 mm<br \/>\nGewicht: 240 g (einschlie\u00dflich Batterie)<br \/>\nWasserdichtigkeit: IP67<\/p>","protected":false},"excerpt":{"rendered":"<p>Wanneer deze geavanceerde Laptimer AIM Solo 2 wordt aangezet, herkent het gelijk zijn positie en de start-\/finishlijn door de ingebouwde GPS. Naast rondetijden kunnen ook splittijden en voorspelling van rondetijden (predictive) worden getoond icm rode of groene leds ter indicatie. En &#8216;rolling time&#8217; is perfect voor de code 60! De laptimer is voorgeprogrammeerd met de [&hellip;]<\/p>\n","protected":false},"featured_media":35158,"template":"","meta":{"_acf_changed":false},"product_brand":[],"product_cat":[3927,4142],"product_tag":[],"class_list":{"0":"post-35157","1":"product","2":"type-product","3":"status-publish","4":"has-post-thumbnail","6":"product_cat-aim-displays","7":"product_cat-aim-solo","8":"product_shipping_class-4016","10":"first","11":"instock","12":"taxable","13":"shipping-taxable","14":"purchasable","15":"product-type-simple"},"acf":[],"yoast_head":"<!-- This site is optimized with the Yoast SEO plugin v27.1.1 - https:\/\/yoast.com\/product\/yoast-seo-wordpress\/ -->\n<title>AIM Solo 2 Lap Timer - Hoogstra Autosport<\/title>\n<meta name=\"robots\" content=\"index, follow, max-snippet:-1, max-image-preview:large, max-video-preview:-1\" \/>\n<link rel=\"canonical\" href=\"https:\/\/www.hoogstra-autosport.nl\/de\/produkt\/aim-solo-2-lap-timer\/\" \/>\n<meta property=\"og:locale\" content=\"de_DE\" \/>\n<meta property=\"og:type\" content=\"article\" \/>\n<meta property=\"og:title\" content=\"AIM Solo 2 Lap Timer - Hoogstra Autosport\" \/>\n<meta property=\"og:description\" content=\"Wanneer deze geavanceerde Laptimer AIM Solo 2 wordt aangezet, herkent het gelijk zijn positie en de start-\/finishlijn door de ingebouwde GPS. Naast rondetijden kunnen ook splittijden en voorspelling van rondetijden (predictive) worden getoond icm rode of groene leds ter indicatie. En &#8216;rolling time&#8217; is perfect voor de code 60! De laptimer is voorgeprogrammeerd met de [&hellip;]\" \/>\n<meta property=\"og:url\" content=\"https:\/\/www.hoogstra-autosport.nl\/de\/produkt\/aim-solo-2-lap-timer\/\" \/>\n<meta property=\"og:site_name\" content=\"Hoogstra Autosport\" \/>\n<meta property=\"article:modified_time\" content=\"2024-01-20T12:08:04+00:00\" \/>\n<meta property=\"og:image\" content=\"https:\/\/www.hoogstra-autosport.nl\/teamkoen\/content\/uploads\/2020\/11\/aim-solo-2-gps-laptimer.jpg\" \/>\n\t<meta property=\"og:image:width\" content=\"650\" \/>\n\t<meta property=\"og:image:height\" content=\"750\" \/>\n\t<meta property=\"og:image:type\" content=\"image\/jpeg\" \/>\n<meta name=\"twitter:card\" content=\"summary_large_image\" \/>\n<meta name=\"twitter:label1\" content=\"Gesch\u00e4tzte Lesezeit\" \/>\n\t<meta name=\"twitter:data1\" content=\"2\u00a0Minuten\" \/>\n<script type=\"application\/ld+json\" class=\"yoast-schema-graph\">{\"@context\":\"https:\/\/schema.org\",\"@graph\":[{\"@type\":\"WebPage\",\"@id\":\"https:\/\/www.hoogstra-autosport.nl\/product\/aim-solo-2-lap-timer\/\",\"url\":\"https:\/\/www.hoogstra-autosport.nl\/product\/aim-solo-2-lap-timer\/\",\"name\":\"AIM Solo 2 Lap Timer - Hoogstra Autosport\",\"isPartOf\":{\"@id\":\"https:\/\/www.hoogstra-autosport.nl\/#website\"},\"primaryImageOfPage\":{\"@id\":\"https:\/\/www.hoogstra-autosport.nl\/product\/aim-solo-2-lap-timer\/#primaryimage\"},\"image\":{\"@id\":\"https:\/\/www.hoogstra-autosport.nl\/product\/aim-solo-2-lap-timer\/#primaryimage\"},\"thumbnailUrl\":\"https:\/\/www.hoogstra-autosport.nl\/teamkoen\/wp-content\/uploads\/2020\/11\/aim-solo-2-gps-laptimer.jpg\",\"datePublished\":\"2020-11-24T18:00:07+00:00\",\"dateModified\":\"2024-01-20T12:08:04+00:00\",\"breadcrumb\":{\"@id\":\"https:\/\/www.hoogstra-autosport.nl\/product\/aim-solo-2-lap-timer\/#breadcrumb\"},\"inLanguage\":\"de\",\"potentialAction\":[{\"@type\":\"ReadAction\",\"target\":[\"https:\/\/www.hoogstra-autosport.nl\/product\/aim-solo-2-lap-timer\/\"]}]},{\"@type\":\"ImageObject\",\"inLanguage\":\"de\",\"@id\":\"https:\/\/www.hoogstra-autosport.nl\/product\/aim-solo-2-lap-timer\/#primaryimage\",\"url\":\"https:\/\/www.hoogstra-autosport.nl\/teamkoen\/wp-content\/uploads\/2020\/11\/aim-solo-2-gps-laptimer.jpg\",\"contentUrl\":\"https:\/\/www.hoogstra-autosport.nl\/teamkoen\/wp-content\/uploads\/2020\/11\/aim-solo-2-gps-laptimer.jpg\",\"width\":650,\"height\":750},{\"@type\":\"BreadcrumbList\",\"@id\":\"https:\/\/www.hoogstra-autosport.nl\/product\/aim-solo-2-lap-timer\/#breadcrumb\",\"itemListElement\":[{\"@type\":\"ListItem\",\"position\":1,\"name\":\"Home\",\"item\":\"https:\/\/www.hoogstra-autosport.nl\/\"},{\"@type\":\"ListItem\",\"position\":2,\"name\":\"Elektriciteit\",\"item\":\"https:\/\/www.hoogstra-autosport.nl\/product-categorie\/elektriciteit\/\"},{\"@type\":\"ListItem\",\"position\":3,\"name\":\"AIM Displays\",\"item\":\"https:\/\/www.hoogstra-autosport.nl\/product-categorie\/elektriciteit\/aim-displays\/\"},{\"@type\":\"ListItem\",\"position\":4,\"name\":\"AIM Solo 2 Lap Timer\"}]},{\"@type\":\"WebSite\",\"@id\":\"https:\/\/www.hoogstra-autosport.nl\/#website\",\"url\":\"https:\/\/www.hoogstra-autosport.nl\/\",\"name\":\"Hoogstra Autosport\",\"description\":\"Performance Autosport Parts!\",\"potentialAction\":[{\"@type\":\"SearchAction\",\"target\":{\"@type\":\"EntryPoint\",\"urlTemplate\":\"https:\/\/www.hoogstra-autosport.nl\/?s={search_term_string}\"},\"query-input\":{\"@type\":\"PropertyValueSpecification\",\"valueRequired\":true,\"valueName\":\"search_term_string\"}}],\"inLanguage\":\"de\"}]}<\/script>\n<!-- \/ Yoast SEO plugin. -->","yoast_head_json":{"title":"AIM Solo 2 Lap Timer - Hoogstra Autosport","robots":{"index":"index","follow":"follow","max-snippet":"max-snippet:-1","max-image-preview":"max-image-preview:large","max-video-preview":"max-video-preview:-1"},"canonical":"https:\/\/www.hoogstra-autosport.nl\/de\/produkt\/aim-solo-2-lap-timer\/","og_locale":"de_DE","og_type":"article","og_title":"AIM Solo 2 Lap Timer - Hoogstra Autosport","og_description":"Wanneer deze geavanceerde Laptimer AIM Solo 2 wordt aangezet, herkent het gelijk zijn positie en de start-\/finishlijn door de ingebouwde GPS. Naast rondetijden kunnen ook splittijden en voorspelling van rondetijden (predictive) worden getoond icm rode of groene leds ter indicatie. En &#8216;rolling time&#8217; is perfect voor de code 60! De laptimer is voorgeprogrammeerd met de [&hellip;]","og_url":"https:\/\/www.hoogstra-autosport.nl\/de\/produkt\/aim-solo-2-lap-timer\/","og_site_name":"Hoogstra Autosport","article_modified_time":"2024-01-20T12:08:04+00:00","og_image":[{"width":650,"height":750,"url":"https:\/\/www.hoogstra-autosport.nl\/teamkoen\/content\/uploads\/2020\/11\/aim-solo-2-gps-laptimer.jpg","type":"image\/jpeg"}],"twitter_card":"summary_large_image","twitter_misc":{"Gesch\u00e4tzte Lesezeit":"2\u00a0Minuten"},"schema":{"@context":"https:\/\/schema.org","@graph":[{"@type":"WebPage","@id":"https:\/\/www.hoogstra-autosport.nl\/product\/aim-solo-2-lap-timer\/","url":"https:\/\/www.hoogstra-autosport.nl\/product\/aim-solo-2-lap-timer\/","name":"AIM Solo 2 Lap Timer - Hoogstra Autosport","isPartOf":{"@id":"https:\/\/www.hoogstra-autosport.nl\/#website"},"primaryImageOfPage":{"@id":"https:\/\/www.hoogstra-autosport.nl\/product\/aim-solo-2-lap-timer\/#primaryimage"},"image":{"@id":"https:\/\/www.hoogstra-autosport.nl\/product\/aim-solo-2-lap-timer\/#primaryimage"},"thumbnailUrl":"https:\/\/www.hoogstra-autosport.nl\/teamkoen\/wp-content\/uploads\/2020\/11\/aim-solo-2-gps-laptimer.jpg","datePublished":"2020-11-24T18:00:07+00:00","dateModified":"2024-01-20T12:08:04+00:00","breadcrumb":{"@id":"https:\/\/www.hoogstra-autosport.nl\/product\/aim-solo-2-lap-timer\/#breadcrumb"},"inLanguage":"de","potentialAction":[{"@type":"ReadAction","target":["https:\/\/www.hoogstra-autosport.nl\/product\/aim-solo-2-lap-timer\/"]}]},{"@type":"ImageObject","inLanguage":"de","@id":"https:\/\/www.hoogstra-autosport.nl\/product\/aim-solo-2-lap-timer\/#primaryimage","url":"https:\/\/www.hoogstra-autosport.nl\/teamkoen\/wp-content\/uploads\/2020\/11\/aim-solo-2-gps-laptimer.jpg","contentUrl":"https:\/\/www.hoogstra-autosport.nl\/teamkoen\/wp-content\/uploads\/2020\/11\/aim-solo-2-gps-laptimer.jpg","width":650,"height":750},{"@type":"BreadcrumbList","@id":"https:\/\/www.hoogstra-autosport.nl\/product\/aim-solo-2-lap-timer\/#breadcrumb","itemListElement":[{"@type":"ListItem","position":1,"name":"Home","item":"https:\/\/www.hoogstra-autosport.nl\/"},{"@type":"ListItem","position":2,"name":"Elektriciteit","item":"https:\/\/www.hoogstra-autosport.nl\/product-categorie\/elektriciteit\/"},{"@type":"ListItem","position":3,"name":"AIM Displays","item":"https:\/\/www.hoogstra-autosport.nl\/product-categorie\/elektriciteit\/aim-displays\/"},{"@type":"ListItem","position":4,"name":"AIM Solo 2 Lap Timer"}]},{"@type":"WebSite","@id":"https:\/\/www.hoogstra-autosport.nl\/#website","url":"https:\/\/www.hoogstra-autosport.nl\/","name":"Hoogstra Autosport","description":"Performance Autosport Parts!","potentialAction":[{"@type":"SearchAction","target":{"@type":"EntryPoint","urlTemplate":"https:\/\/www.hoogstra-autosport.nl\/?s={search_term_string}"},"query-input":{"@type":"PropertyValueSpecification","valueRequired":true,"valueName":"search_term_string"}}],"inLanguage":"de"}]}},"tiered_pricing_type":"fixed","tiered_pricing_fixed_rules":[],"tiered_pricing_product_settings":{"layout":"default","base_unit_name":{"singular":null,"plural":null},"default_variation":null},"tiered_pricing_minimum_quantity":null,"tiered_pricing_roles_data":[],"tiered_pricing_percentage_rules":[],"tiered_pricing_maximum_quantity":null,"tiered_pricing_quantity_step":null,"_links":{"self":[{"href":"https:\/\/www.hoogstra-autosport.nl\/de\/wp-json\/wp\/v2\/product\/35157","targetHints":{"allow":["GET"]}}],"collection":[{"href":"https:\/\/www.hoogstra-autosport.nl\/de\/wp-json\/wp\/v2\/product"}],"about":[{"href":"https:\/\/www.hoogstra-autosport.nl\/de\/wp-json\/wp\/v2\/types\/product"}],"wp:featuredmedia":[{"embeddable":true,"href":"https:\/\/www.hoogstra-autosport.nl\/de\/wp-json\/wp\/v2\/media\/35158"}],"wp:attachment":[{"href":"https:\/\/www.hoogstra-autosport.nl\/de\/wp-json\/wp\/v2\/media?parent=35157"}],"wp:term":[{"taxonomy":"product_brand","embeddable":true,"href":"https:\/\/www.hoogstra-autosport.nl\/de\/wp-json\/wp\/v2\/product_brand?post=35157"},{"taxonomy":"product_cat","embeddable":true,"href":"https:\/\/www.hoogstra-autosport.nl\/de\/wp-json\/wp\/v2\/product_cat?post=35157"},{"taxonomy":"product_tag","embeddable":true,"href":"https:\/\/www.hoogstra-autosport.nl\/de\/wp-json\/wp\/v2\/product_tag?post=35157"}],"curies":[{"name":"wp","href":"https:\/\/api.w.org\/{rel}","templated":true}]}}