{"id":34274,"date":"2020-10-03T11:57:25","date_gmt":"2020-10-03T09:57:25","guid":{"rendered":"https:\/\/www.hoogstra-autosport.nl\/?post_type=product&#038;p=34274"},"modified":"2025-11-14T13:45:47","modified_gmt":"2025-11-14T12:45:47","slug":"omp-one-evo-r-2","status":"publish","type":"product","link":"https:\/\/www.hoogstra-autosport.nl\/de\/produkt\/omp-one-evo-r-2\/","title":{"rendered":"OMP One Evo XR Zwart\/Rood"},"content":{"rendered":"<p>Leistungsstarker OMP Driver's Shoe ONE EVO XR aus ultraleichtem, sehr weichem K\u00e4nguruleder. Perforationen an den Seiten sorgen f\u00fcr ein verbessertes Fu\u00dfklima. Die optimierte Oberschuhkonstruktion in Kombination mit dem ergonomischen Performance Advanced Fu\u00dfbett bieten maximalen Komfort ohne Druckstellen und besten Halt. Der innovative Drehverschluss und die gekreuzte Kordelf\u00fchrung sorgen f\u00fcr eine blitzschnelle und perfekte Weitenanpassung.<\/p>\n<p>Ein Schuh f\u00fcr Profis und Perfektionisten, der seinesgleichen sucht.<\/p>","protected":false},"excerpt":{"rendered":"<p>High Performance OMP Driver\u2019s Shoe ONE EVO XR gemaakt van ultralicht, zeer zacht kangoeroeleer. Perforaties aan de zijkanten zorgen voor een verbeterd voetklimaat. De geoptimaliseerde bovenschoenconstructie in combinatie met het ergonomische Performance Advanced voetbed bieden maximaal comfort zonder drukpunten en de beste ondersteuning. De innovatieve draai- en ontgrendelingssluiting en de gekruiste koordgeleider zorgen voor een [&hellip;]<\/p>\n","protected":false},"featured_media":93173,"template":"","meta":{"_acf_changed":false},"product_brand":[],"product_cat":[3785],"product_tag":[],"class_list":{"0":"post-34274","1":"product","2":"type-product","3":"status-publish","4":"has-post-thumbnail","6":"product_cat-omp-schoenen-fia","7":"product_shipping_class-4016","9":"first","10":"instock","11":"taxable","12":"shipping-taxable","13":"purchasable","14":"product-type-variable"},"acf":[],"yoast_head":"<!-- This site is optimized with the Yoast SEO plugin v27.1.1 - https:\/\/yoast.com\/product\/yoast-seo-wordpress\/ -->\n<title>OMP One Evo XR Zwart\/Rood - Hoogstra Autosport<\/title>\n<meta name=\"robots\" content=\"index, follow, max-snippet:-1, max-image-preview:large, max-video-preview:-1\" \/>\n<link rel=\"canonical\" href=\"https:\/\/www.hoogstra-autosport.nl\/de\/produkt\/omp-one-evo-r-2\/\" \/>\n<meta property=\"og:locale\" content=\"de_DE\" \/>\n<meta property=\"og:type\" content=\"article\" \/>\n<meta property=\"og:title\" content=\"OMP One Evo XR Zwart\/Rood - Hoogstra Autosport\" \/>\n<meta property=\"og:description\" content=\"High Performance OMP Driver\u2019s Shoe ONE EVO XR gemaakt van ultralicht, zeer zacht kangoeroeleer. Perforaties aan de zijkanten zorgen voor een verbeterd voetklimaat. De geoptimaliseerde bovenschoenconstructie in combinatie met het ergonomische Performance Advanced voetbed bieden maximaal comfort zonder drukpunten en de beste ondersteuning. De innovatieve draai- en ontgrendelingssluiting en de gekruiste koordgeleider zorgen voor een [&hellip;]\" \/>\n<meta property=\"og:url\" content=\"https:\/\/www.hoogstra-autosport.nl\/de\/produkt\/omp-one-evo-r-2\/\" \/>\n<meta property=\"og:site_name\" content=\"Hoogstra Autosport\" \/>\n<meta property=\"article:modified_time\" content=\"2025-11-14T12:45:47+00:00\" \/>\n<meta property=\"og:image\" content=\"https:\/\/www.hoogstra-autosport.nl\/teamkoen\/wp-content\/uploads\/2020\/10\/OMP-one-evo-xr-schoen-rood.jpg\" \/>\n\t<meta property=\"og:image:width\" content=\"1080\" \/>\n\t<meta property=\"og:image:height\" content=\"1080\" \/>\n\t<meta property=\"og:image:type\" content=\"image\/jpeg\" \/>\n<meta name=\"twitter:card\" content=\"summary_large_image\" \/>\n<meta name=\"twitter:label1\" content=\"Gesch\u00e4tzte Lesezeit\" \/>\n\t<meta name=\"twitter:data1\" content=\"1\u00a0Minute\" \/>\n<script type=\"application\/ld+json\" class=\"yoast-schema-graph\">{\"@context\":\"https:\/\/schema.org\",\"@graph\":[{\"@type\":\"WebPage\",\"@id\":\"https:\/\/www.hoogstra-autosport.nl\/product\/omp-one-evo-r-2\/\",\"url\":\"https:\/\/www.hoogstra-autosport.nl\/product\/omp-one-evo-r-2\/\",\"name\":\"OMP One Evo XR Zwart\/Rood - Hoogstra Autosport\",\"isPartOf\":{\"@id\":\"https:\/\/www.hoogstra-autosport.nl\/#website\"},\"primaryImageOfPage\":{\"@id\":\"https:\/\/www.hoogstra-autosport.nl\/product\/omp-one-evo-r-2\/#primaryimage\"},\"image\":{\"@id\":\"https:\/\/www.hoogstra-autosport.nl\/product\/omp-one-evo-r-2\/#primaryimage\"},\"thumbnailUrl\":\"https:\/\/www.hoogstra-autosport.nl\/teamkoen\/wp-content\/uploads\/2020\/10\/OMP-one-evo-xr-schoen-rood.jpg\",\"datePublished\":\"2020-10-03T09:57:25+00:00\",\"dateModified\":\"2025-11-14T12:45:47+00:00\",\"breadcrumb\":{\"@id\":\"https:\/\/www.hoogstra-autosport.nl\/product\/omp-one-evo-r-2\/#breadcrumb\"},\"inLanguage\":\"de\",\"potentialAction\":[{\"@type\":\"ReadAction\",\"target\":[\"https:\/\/www.hoogstra-autosport.nl\/product\/omp-one-evo-r-2\/\"]}]},{\"@type\":\"ImageObject\",\"inLanguage\":\"de\",\"@id\":\"https:\/\/www.hoogstra-autosport.nl\/product\/omp-one-evo-r-2\/#primaryimage\",\"url\":\"https:\/\/www.hoogstra-autosport.nl\/teamkoen\/wp-content\/uploads\/2020\/10\/OMP-one-evo-xr-schoen-rood.jpg\",\"contentUrl\":\"https:\/\/www.hoogstra-autosport.nl\/teamkoen\/wp-content\/uploads\/2020\/10\/OMP-one-evo-xr-schoen-rood.jpg\",\"width\":1080,\"height\":1080},{\"@type\":\"BreadcrumbList\",\"@id\":\"https:\/\/www.hoogstra-autosport.nl\/product\/omp-one-evo-r-2\/#breadcrumb\",\"itemListElement\":[{\"@type\":\"ListItem\",\"position\":1,\"name\":\"Home\",\"item\":\"https:\/\/www.hoogstra-autosport.nl\/\"},{\"@type\":\"ListItem\",\"position\":2,\"name\":\"Uitrusting\",\"item\":\"https:\/\/www.hoogstra-autosport.nl\/product-categorie\/autosport-kleding-helmen\/\"},{\"@type\":\"ListItem\",\"position\":3,\"name\":\"Autosport Kleding\",\"item\":\"https:\/\/www.hoogstra-autosport.nl\/product-categorie\/autosport-kleding-helmen\/autosport-kleding\/\"},{\"@type\":\"ListItem\",\"position\":4,\"name\":\"Schoenen\",\"item\":\"https:\/\/www.hoogstra-autosport.nl\/product-categorie\/autosport-kleding-helmen\/autosport-kleding\/schoenen\/\"},{\"@type\":\"ListItem\",\"position\":5,\"name\":\"OMP Schoenen\",\"item\":\"https:\/\/www.hoogstra-autosport.nl\/product-categorie\/autosport-kleding-helmen\/autosport-kleding\/schoenen\/omp-schoenen\/\"},{\"@type\":\"ListItem\",\"position\":6,\"name\":\"OMP Schoenen FIA\",\"item\":\"https:\/\/www.hoogstra-autosport.nl\/product-categorie\/autosport-kleding-helmen\/autosport-kleding\/schoenen\/omp-schoenen\/omp-schoenen-fia\/\"},{\"@type\":\"ListItem\",\"position\":7,\"name\":\"OMP One Evo XR Zwart\/Rood\"}]},{\"@type\":\"WebSite\",\"@id\":\"https:\/\/www.hoogstra-autosport.nl\/#website\",\"url\":\"https:\/\/www.hoogstra-autosport.nl\/\",\"name\":\"Hoogstra Autosport\",\"description\":\"Performance Autosport Parts!\",\"potentialAction\":[{\"@type\":\"SearchAction\",\"target\":{\"@type\":\"EntryPoint\",\"urlTemplate\":\"https:\/\/www.hoogstra-autosport.nl\/?s={search_term_string}\"},\"query-input\":{\"@type\":\"PropertyValueSpecification\",\"valueRequired\":true,\"valueName\":\"search_term_string\"}}],\"inLanguage\":\"de\"}]}<\/script>\n<!-- \/ Yoast SEO plugin. -->","yoast_head_json":{"title":"OMP One Evo XR Zwart\/Rood - Hoogstra Autosport","robots":{"index":"index","follow":"follow","max-snippet":"max-snippet:-1","max-image-preview":"max-image-preview:large","max-video-preview":"max-video-preview:-1"},"canonical":"https:\/\/www.hoogstra-autosport.nl\/de\/produkt\/omp-one-evo-r-2\/","og_locale":"de_DE","og_type":"article","og_title":"OMP One Evo XR Zwart\/Rood - Hoogstra Autosport","og_description":"High Performance OMP Driver\u2019s Shoe ONE EVO XR gemaakt van ultralicht, zeer zacht kangoeroeleer. Perforaties aan de zijkanten zorgen voor een verbeterd voetklimaat. De geoptimaliseerde bovenschoenconstructie in combinatie met het ergonomische Performance Advanced voetbed bieden maximaal comfort zonder drukpunten en de beste ondersteuning. De innovatieve draai- en ontgrendelingssluiting en de gekruiste koordgeleider zorgen voor een [&hellip;]","og_url":"https:\/\/www.hoogstra-autosport.nl\/de\/produkt\/omp-one-evo-r-2\/","og_site_name":"Hoogstra Autosport","article_modified_time":"2025-11-14T12:45:47+00:00","og_image":[{"width":1080,"height":1080,"url":"https:\/\/www.hoogstra-autosport.nl\/teamkoen\/wp-content\/uploads\/2020\/10\/OMP-one-evo-xr-schoen-rood.jpg","type":"image\/jpeg"}],"twitter_card":"summary_large_image","twitter_misc":{"Gesch\u00e4tzte Lesezeit":"1\u00a0Minute"},"schema":{"@context":"https:\/\/schema.org","@graph":[{"@type":"WebPage","@id":"https:\/\/www.hoogstra-autosport.nl\/product\/omp-one-evo-r-2\/","url":"https:\/\/www.hoogstra-autosport.nl\/product\/omp-one-evo-r-2\/","name":"OMP One Evo XR Zwart\/Rood - Hoogstra Autosport","isPartOf":{"@id":"https:\/\/www.hoogstra-autosport.nl\/#website"},"primaryImageOfPage":{"@id":"https:\/\/www.hoogstra-autosport.nl\/product\/omp-one-evo-r-2\/#primaryimage"},"image":{"@id":"https:\/\/www.hoogstra-autosport.nl\/product\/omp-one-evo-r-2\/#primaryimage"},"thumbnailUrl":"https:\/\/www.hoogstra-autosport.nl\/teamkoen\/wp-content\/uploads\/2020\/10\/OMP-one-evo-xr-schoen-rood.jpg","datePublished":"2020-10-03T09:57:25+00:00","dateModified":"2025-11-14T12:45:47+00:00","breadcrumb":{"@id":"https:\/\/www.hoogstra-autosport.nl\/product\/omp-one-evo-r-2\/#breadcrumb"},"inLanguage":"de","potentialAction":[{"@type":"ReadAction","target":["https:\/\/www.hoogstra-autosport.nl\/product\/omp-one-evo-r-2\/"]}]},{"@type":"ImageObject","inLanguage":"de","@id":"https:\/\/www.hoogstra-autosport.nl\/product\/omp-one-evo-r-2\/#primaryimage","url":"https:\/\/www.hoogstra-autosport.nl\/teamkoen\/wp-content\/uploads\/2020\/10\/OMP-one-evo-xr-schoen-rood.jpg","contentUrl":"https:\/\/www.hoogstra-autosport.nl\/teamkoen\/wp-content\/uploads\/2020\/10\/OMP-one-evo-xr-schoen-rood.jpg","width":1080,"height":1080},{"@type":"BreadcrumbList","@id":"https:\/\/www.hoogstra-autosport.nl\/product\/omp-one-evo-r-2\/#breadcrumb","itemListElement":[{"@type":"ListItem","position":1,"name":"Home","item":"https:\/\/www.hoogstra-autosport.nl\/"},{"@type":"ListItem","position":2,"name":"Uitrusting","item":"https:\/\/www.hoogstra-autosport.nl\/product-categorie\/autosport-kleding-helmen\/"},{"@type":"ListItem","position":3,"name":"Autosport Kleding","item":"https:\/\/www.hoogstra-autosport.nl\/product-categorie\/autosport-kleding-helmen\/autosport-kleding\/"},{"@type":"ListItem","position":4,"name":"Schoenen","item":"https:\/\/www.hoogstra-autosport.nl\/product-categorie\/autosport-kleding-helmen\/autosport-kleding\/schoenen\/"},{"@type":"ListItem","position":5,"name":"OMP Schoenen","item":"https:\/\/www.hoogstra-autosport.nl\/product-categorie\/autosport-kleding-helmen\/autosport-kleding\/schoenen\/omp-schoenen\/"},{"@type":"ListItem","position":6,"name":"OMP Schoenen FIA","item":"https:\/\/www.hoogstra-autosport.nl\/product-categorie\/autosport-kleding-helmen\/autosport-kleding\/schoenen\/omp-schoenen\/omp-schoenen-fia\/"},{"@type":"ListItem","position":7,"name":"OMP One Evo XR Zwart\/Rood"}]},{"@type":"WebSite","@id":"https:\/\/www.hoogstra-autosport.nl\/#website","url":"https:\/\/www.hoogstra-autosport.nl\/","name":"Hoogstra Autosport","description":"Performance Autosport Parts!","potentialAction":[{"@type":"SearchAction","target":{"@type":"EntryPoint","urlTemplate":"https:\/\/www.hoogstra-autosport.nl\/?s={search_term_string}"},"query-input":{"@type":"PropertyValueSpecification","valueRequired":true,"valueName":"search_term_string"}}],"inLanguage":"de"}]}},"tiered_pricing_type":"fixed","tiered_pricing_fixed_rules":[],"tiered_pricing_product_settings":{"layout":"default","base_unit_name":{"singular":null,"plural":null},"default_variation":null},"tiered_pricing_minimum_quantity":null,"tiered_pricing_roles_data":[],"tiered_pricing_percentage_rules":[],"tiered_pricing_maximum_quantity":null,"tiered_pricing_quantity_step":null,"_links":{"self":[{"href":"https:\/\/www.hoogstra-autosport.nl\/de\/wp-json\/wp\/v2\/product\/34274","targetHints":{"allow":["GET"]}}],"collection":[{"href":"https:\/\/www.hoogstra-autosport.nl\/de\/wp-json\/wp\/v2\/product"}],"about":[{"href":"https:\/\/www.hoogstra-autosport.nl\/de\/wp-json\/wp\/v2\/types\/product"}],"wp:featuredmedia":[{"embeddable":true,"href":"https:\/\/www.hoogstra-autosport.nl\/de\/wp-json\/wp\/v2\/media\/93173"}],"wp:attachment":[{"href":"https:\/\/www.hoogstra-autosport.nl\/de\/wp-json\/wp\/v2\/media?parent=34274"}],"wp:term":[{"taxonomy":"product_brand","embeddable":true,"href":"https:\/\/www.hoogstra-autosport.nl\/de\/wp-json\/wp\/v2\/product_brand?post=34274"},{"taxonomy":"product_cat","embeddable":true,"href":"https:\/\/www.hoogstra-autosport.nl\/de\/wp-json\/wp\/v2\/product_cat?post=34274"},{"taxonomy":"product_tag","embeddable":true,"href":"https:\/\/www.hoogstra-autosport.nl\/de\/wp-json\/wp\/v2\/product_tag?post=34274"}],"curies":[{"name":"wp","href":"https:\/\/api.w.org\/{rel}","templated":true}]}}