{"id":34241,"date":"2020-10-03T10:42:22","date_gmt":"2020-10-03T08:42:22","guid":{"rendered":"https:\/\/www.hoogstra-autosport.nl\/?post_type=product&#038;p=34241"},"modified":"2025-06-23T11:38:31","modified_gmt":"2025-06-23T09:38:31","slug":"scott-prospect-super-wfs","status":"publish","type":"product","link":"https:\/\/www.hoogstra-autosport.nl\/de\/produkt\/scott-prospect-super-wfs\/","title":{"rendered":"Scott Prospect Super WFS"},"content":{"rendered":"<p>Die SCOTT Prospect Super WFS ist die ultimative Motocross-Rennbrille. Sie verf\u00fcgt \u00fcber die gleichen gro\u00dfartigen Eigenschaften wie die Prospect WFS, aber die Super WFS-Version hat eine doppelte WORKS-Scheibe mit dem einzigartigen Zusatz von Premium-Anti-Blend-Punkten f\u00fcr super-glattes Gleiten und eine verbesserte Schlammklappe mit Dichtungsband f\u00fcr maximale Leistung. Sie ist mit einem WFS50-Abrollsystem ausgestattet, das ein gro\u00dfes und klares Sichtfeld bietet, wenn der Schlamm zu spritzen beginnt. Die Kanister k\u00f6nnen direkt auf die WORKS Linsenstifte geklickt werden, was eine schnelle und einfache Montage ohne Werkzeug erm\u00f6glicht. Die Tear-offs k\u00f6nnen dann einfach auf die gleichen Stifte aufgesteckt werden, um die Sicht zus\u00e4tzlich zu sch\u00fctzen.<\/p>","protected":false},"excerpt":{"rendered":"<p>De SCOTT Prospect Super WFS is de ultieme motorcross-racebril. Het heeft dezelfde geweldige functies als de Prospect WFS, maar de Super WFS-versie heeft een dubbele WORKS-lens met de unieke toevoeging van premium antikleefstippen voor supersoepele glijbewegingen en een verbeterde spatlap met afdichtingstape voor maximale prestaties. Hij is uitgerust met een WFS50-afrolsysteem voor een groot en [&hellip;]<\/p>\n","protected":false},"featured_media":34243,"template":"","meta":{"_acf_changed":false},"product_brand":[],"product_cat":[4183,4282],"product_tag":[],"class_list":{"0":"post-34241","1":"product","2":"type-product","3":"status-publish","4":"has-post-thumbnail","6":"product_cat-scott-brillen-delen","7":"product_cat-scott-goggle-prospect","8":"product_shipping_class-4016","10":"first","11":"instock","12":"taxable","13":"shipping-taxable","14":"purchasable","15":"product-type-simple"},"acf":[],"yoast_head":"<!-- This site is optimized with the Yoast SEO plugin v27.1.1 - https:\/\/yoast.com\/product\/yoast-seo-wordpress\/ -->\n<title>Scott Prospect Super WFS - Hoogstra Autosport<\/title>\n<meta name=\"robots\" content=\"index, follow, max-snippet:-1, max-image-preview:large, max-video-preview:-1\" \/>\n<link rel=\"canonical\" href=\"https:\/\/www.hoogstra-autosport.nl\/de\/produkt\/scott-prospect-super-wfs\/\" \/>\n<meta property=\"og:locale\" content=\"de_DE\" \/>\n<meta property=\"og:type\" content=\"article\" \/>\n<meta property=\"og:title\" content=\"Scott Prospect Super WFS - Hoogstra Autosport\" \/>\n<meta property=\"og:description\" content=\"De SCOTT Prospect Super WFS is de ultieme motorcross-racebril. Het heeft dezelfde geweldige functies als de Prospect WFS, maar de Super WFS-versie heeft een dubbele WORKS-lens met de unieke toevoeging van premium antikleefstippen voor supersoepele glijbewegingen en een verbeterde spatlap met afdichtingstape voor maximale prestaties. Hij is uitgerust met een WFS50-afrolsysteem voor een groot en [&hellip;]\" \/>\n<meta property=\"og:url\" content=\"https:\/\/www.hoogstra-autosport.nl\/de\/produkt\/scott-prospect-super-wfs\/\" \/>\n<meta property=\"og:site_name\" content=\"Hoogstra Autosport\" \/>\n<meta property=\"article:modified_time\" content=\"2025-06-23T09:38:31+00:00\" \/>\n<meta property=\"og:image\" content=\"https:\/\/www.hoogstra-autosport.nl\/teamkoen\/content\/uploads\/2020\/10\/2785951035113_1663351_png_zoom_1.jpg\" \/>\n\t<meta property=\"og:image:width\" content=\"2000\" \/>\n\t<meta property=\"og:image:height\" content=\"2000\" \/>\n\t<meta property=\"og:image:type\" content=\"image\/jpeg\" \/>\n<meta name=\"twitter:card\" content=\"summary_large_image\" \/>\n<meta name=\"twitter:label1\" content=\"Gesch\u00e4tzte Lesezeit\" \/>\n\t<meta name=\"twitter:data1\" content=\"1\u00a0Minute\" \/>\n<script type=\"application\/ld+json\" class=\"yoast-schema-graph\">{\"@context\":\"https:\/\/schema.org\",\"@graph\":[{\"@type\":\"WebPage\",\"@id\":\"https:\/\/www.hoogstra-autosport.nl\/product\/scott-prospect-super-wfs\/\",\"url\":\"https:\/\/www.hoogstra-autosport.nl\/product\/scott-prospect-super-wfs\/\",\"name\":\"Scott Prospect Super WFS - Hoogstra Autosport\",\"isPartOf\":{\"@id\":\"https:\/\/www.hoogstra-autosport.nl\/#website\"},\"primaryImageOfPage\":{\"@id\":\"https:\/\/www.hoogstra-autosport.nl\/product\/scott-prospect-super-wfs\/#primaryimage\"},\"image\":{\"@id\":\"https:\/\/www.hoogstra-autosport.nl\/product\/scott-prospect-super-wfs\/#primaryimage\"},\"thumbnailUrl\":\"https:\/\/www.hoogstra-autosport.nl\/teamkoen\/wp-content\/uploads\/2020\/10\/2785951035113_1663351_png_zoom_1.jpg\",\"datePublished\":\"2020-10-03T08:42:22+00:00\",\"dateModified\":\"2025-06-23T09:38:31+00:00\",\"breadcrumb\":{\"@id\":\"https:\/\/www.hoogstra-autosport.nl\/product\/scott-prospect-super-wfs\/#breadcrumb\"},\"inLanguage\":\"de\",\"potentialAction\":[{\"@type\":\"ReadAction\",\"target\":[\"https:\/\/www.hoogstra-autosport.nl\/product\/scott-prospect-super-wfs\/\"]}]},{\"@type\":\"ImageObject\",\"inLanguage\":\"de\",\"@id\":\"https:\/\/www.hoogstra-autosport.nl\/product\/scott-prospect-super-wfs\/#primaryimage\",\"url\":\"https:\/\/www.hoogstra-autosport.nl\/teamkoen\/wp-content\/uploads\/2020\/10\/2785951035113_1663351_png_zoom_1.jpg\",\"contentUrl\":\"https:\/\/www.hoogstra-autosport.nl\/teamkoen\/wp-content\/uploads\/2020\/10\/2785951035113_1663351_png_zoom_1.jpg\",\"width\":2000,\"height\":2000},{\"@type\":\"BreadcrumbList\",\"@id\":\"https:\/\/www.hoogstra-autosport.nl\/product\/scott-prospect-super-wfs\/#breadcrumb\",\"itemListElement\":[{\"@type\":\"ListItem\",\"position\":1,\"name\":\"Home\",\"item\":\"https:\/\/www.hoogstra-autosport.nl\/\"},{\"@type\":\"ListItem\",\"position\":2,\"name\":\"Uitrusting\",\"item\":\"https:\/\/www.hoogstra-autosport.nl\/product-categorie\/autosport-kleding-helmen\/\"},{\"@type\":\"ListItem\",\"position\":3,\"name\":\"Crossbrillen\",\"item\":\"https:\/\/www.hoogstra-autosport.nl\/product-categorie\/autosport-kleding-helmen\/crossbrillen\/\"},{\"@type\":\"ListItem\",\"position\":4,\"name\":\"Scott Brillen &amp; Delen\",\"item\":\"https:\/\/www.hoogstra-autosport.nl\/product-categorie\/autosport-kleding-helmen\/crossbrillen\/scott-brillen-delen\/\"},{\"@type\":\"ListItem\",\"position\":5,\"name\":\"Scott Goggle Prospect\",\"item\":\"https:\/\/www.hoogstra-autosport.nl\/product-categorie\/autosport-kleding-helmen\/crossbrillen\/scott-brillen-delen\/scott-goggle-prospect\/\"},{\"@type\":\"ListItem\",\"position\":6,\"name\":\"Scott Prospect Super WFS\"}]},{\"@type\":\"WebSite\",\"@id\":\"https:\/\/www.hoogstra-autosport.nl\/#website\",\"url\":\"https:\/\/www.hoogstra-autosport.nl\/\",\"name\":\"Hoogstra Autosport\",\"description\":\"Performance Autosport Parts!\",\"potentialAction\":[{\"@type\":\"SearchAction\",\"target\":{\"@type\":\"EntryPoint\",\"urlTemplate\":\"https:\/\/www.hoogstra-autosport.nl\/?s={search_term_string}\"},\"query-input\":{\"@type\":\"PropertyValueSpecification\",\"valueRequired\":true,\"valueName\":\"search_term_string\"}}],\"inLanguage\":\"de\"}]}<\/script>\n<!-- \/ Yoast SEO plugin. -->","yoast_head_json":{"title":"Scott Prospect Super WFS - Hoogstra Autosport","robots":{"index":"index","follow":"follow","max-snippet":"max-snippet:-1","max-image-preview":"max-image-preview:large","max-video-preview":"max-video-preview:-1"},"canonical":"https:\/\/www.hoogstra-autosport.nl\/de\/produkt\/scott-prospect-super-wfs\/","og_locale":"de_DE","og_type":"article","og_title":"Scott Prospect Super WFS - Hoogstra Autosport","og_description":"De SCOTT Prospect Super WFS is de ultieme motorcross-racebril. Het heeft dezelfde geweldige functies als de Prospect WFS, maar de Super WFS-versie heeft een dubbele WORKS-lens met de unieke toevoeging van premium antikleefstippen voor supersoepele glijbewegingen en een verbeterde spatlap met afdichtingstape voor maximale prestaties. Hij is uitgerust met een WFS50-afrolsysteem voor een groot en [&hellip;]","og_url":"https:\/\/www.hoogstra-autosport.nl\/de\/produkt\/scott-prospect-super-wfs\/","og_site_name":"Hoogstra Autosport","article_modified_time":"2025-06-23T09:38:31+00:00","og_image":[{"width":2000,"height":2000,"url":"https:\/\/www.hoogstra-autosport.nl\/teamkoen\/content\/uploads\/2020\/10\/2785951035113_1663351_png_zoom_1.jpg","type":"image\/jpeg"}],"twitter_card":"summary_large_image","twitter_misc":{"Gesch\u00e4tzte Lesezeit":"1\u00a0Minute"},"schema":{"@context":"https:\/\/schema.org","@graph":[{"@type":"WebPage","@id":"https:\/\/www.hoogstra-autosport.nl\/product\/scott-prospect-super-wfs\/","url":"https:\/\/www.hoogstra-autosport.nl\/product\/scott-prospect-super-wfs\/","name":"Scott Prospect Super WFS - Hoogstra Autosport","isPartOf":{"@id":"https:\/\/www.hoogstra-autosport.nl\/#website"},"primaryImageOfPage":{"@id":"https:\/\/www.hoogstra-autosport.nl\/product\/scott-prospect-super-wfs\/#primaryimage"},"image":{"@id":"https:\/\/www.hoogstra-autosport.nl\/product\/scott-prospect-super-wfs\/#primaryimage"},"thumbnailUrl":"https:\/\/www.hoogstra-autosport.nl\/teamkoen\/wp-content\/uploads\/2020\/10\/2785951035113_1663351_png_zoom_1.jpg","datePublished":"2020-10-03T08:42:22+00:00","dateModified":"2025-06-23T09:38:31+00:00","breadcrumb":{"@id":"https:\/\/www.hoogstra-autosport.nl\/product\/scott-prospect-super-wfs\/#breadcrumb"},"inLanguage":"de","potentialAction":[{"@type":"ReadAction","target":["https:\/\/www.hoogstra-autosport.nl\/product\/scott-prospect-super-wfs\/"]}]},{"@type":"ImageObject","inLanguage":"de","@id":"https:\/\/www.hoogstra-autosport.nl\/product\/scott-prospect-super-wfs\/#primaryimage","url":"https:\/\/www.hoogstra-autosport.nl\/teamkoen\/wp-content\/uploads\/2020\/10\/2785951035113_1663351_png_zoom_1.jpg","contentUrl":"https:\/\/www.hoogstra-autosport.nl\/teamkoen\/wp-content\/uploads\/2020\/10\/2785951035113_1663351_png_zoom_1.jpg","width":2000,"height":2000},{"@type":"BreadcrumbList","@id":"https:\/\/www.hoogstra-autosport.nl\/product\/scott-prospect-super-wfs\/#breadcrumb","itemListElement":[{"@type":"ListItem","position":1,"name":"Home","item":"https:\/\/www.hoogstra-autosport.nl\/"},{"@type":"ListItem","position":2,"name":"Uitrusting","item":"https:\/\/www.hoogstra-autosport.nl\/product-categorie\/autosport-kleding-helmen\/"},{"@type":"ListItem","position":3,"name":"Crossbrillen","item":"https:\/\/www.hoogstra-autosport.nl\/product-categorie\/autosport-kleding-helmen\/crossbrillen\/"},{"@type":"ListItem","position":4,"name":"Scott Brillen &amp; Delen","item":"https:\/\/www.hoogstra-autosport.nl\/product-categorie\/autosport-kleding-helmen\/crossbrillen\/scott-brillen-delen\/"},{"@type":"ListItem","position":5,"name":"Scott Goggle Prospect","item":"https:\/\/www.hoogstra-autosport.nl\/product-categorie\/autosport-kleding-helmen\/crossbrillen\/scott-brillen-delen\/scott-goggle-prospect\/"},{"@type":"ListItem","position":6,"name":"Scott Prospect Super WFS"}]},{"@type":"WebSite","@id":"https:\/\/www.hoogstra-autosport.nl\/#website","url":"https:\/\/www.hoogstra-autosport.nl\/","name":"Hoogstra Autosport","description":"Performance Autosport Parts!","potentialAction":[{"@type":"SearchAction","target":{"@type":"EntryPoint","urlTemplate":"https:\/\/www.hoogstra-autosport.nl\/?s={search_term_string}"},"query-input":{"@type":"PropertyValueSpecification","valueRequired":true,"valueName":"search_term_string"}}],"inLanguage":"de"}]}},"tiered_pricing_type":"fixed","tiered_pricing_fixed_rules":[],"tiered_pricing_product_settings":{"layout":"default","base_unit_name":{"singular":null,"plural":null},"default_variation":null},"tiered_pricing_minimum_quantity":null,"tiered_pricing_roles_data":[],"tiered_pricing_percentage_rules":[],"tiered_pricing_maximum_quantity":null,"tiered_pricing_quantity_step":null,"_links":{"self":[{"href":"https:\/\/www.hoogstra-autosport.nl\/de\/wp-json\/wp\/v2\/product\/34241","targetHints":{"allow":["GET"]}}],"collection":[{"href":"https:\/\/www.hoogstra-autosport.nl\/de\/wp-json\/wp\/v2\/product"}],"about":[{"href":"https:\/\/www.hoogstra-autosport.nl\/de\/wp-json\/wp\/v2\/types\/product"}],"wp:featuredmedia":[{"embeddable":true,"href":"https:\/\/www.hoogstra-autosport.nl\/de\/wp-json\/wp\/v2\/media\/34243"}],"wp:attachment":[{"href":"https:\/\/www.hoogstra-autosport.nl\/de\/wp-json\/wp\/v2\/media?parent=34241"}],"wp:term":[{"taxonomy":"product_brand","embeddable":true,"href":"https:\/\/www.hoogstra-autosport.nl\/de\/wp-json\/wp\/v2\/product_brand?post=34241"},{"taxonomy":"product_cat","embeddable":true,"href":"https:\/\/www.hoogstra-autosport.nl\/de\/wp-json\/wp\/v2\/product_cat?post=34241"},{"taxonomy":"product_tag","embeddable":true,"href":"https:\/\/www.hoogstra-autosport.nl\/de\/wp-json\/wp\/v2\/product_tag?post=34241"}],"curies":[{"name":"wp","href":"https:\/\/api.w.org\/{rel}","templated":true}]}}