{"id":32041,"date":"2020-06-16T13:37:25","date_gmt":"2020-06-16T11:37:25","guid":{"rendered":"https:\/\/www.hoogstra-autosport.nl\/?post_type=product&#038;p=32041"},"modified":"2025-10-02T11:10:57","modified_gmt":"2025-10-02T09:10:57","slug":"omp-handschoenen-fia-tecnica-evo-5","status":"publish","type":"product","link":"https:\/\/www.hoogstra-autosport.nl\/de\/produkt\/omp-handschoenen-fia-tecnica-evo-5\/","title":{"rendered":"OMP Handschuhe FIA Tecnica"},"content":{"rendered":"<p>Professioneller Omp-Fahrerhandschuh mit maximalem Grip. Das konturierte Handschuhdesign zeichnet sich durch seine ergonomische Passform und den hohen Tragekomfort aus, ebenso wie durch Griffigkeit und Beweglichkeit dank der silikonisierten Innenhand. Spezielle Au\u00dfenn\u00e4hte reduzieren Druckstellen und damit auch Erm\u00fcdungserscheinungen und erh\u00f6hen den Tragekomfort zus\u00e4tzlich.<\/p>","protected":false},"excerpt":{"rendered":"<p>Professioneller Omp-Fahrerhandschuh mit maximalem Grip. Das konturierte Handschuhdesign zeichnet sich durch seine ergonomische Passform und den hohen Tragekomfort aus, ebenso wie durch Griffigkeit und Beweglichkeit dank der silikonisierten Innenhand. Spezielle Au\u00dfenn\u00e4hte reduzieren Druckstellen und damit auch Erm\u00fcdungserscheinungen und erh\u00f6hen den Tragekomfort zus\u00e4tzlich.<\/p>","protected":false},"featured_media":79139,"template":"","meta":{"_acf_changed":false},"product_brand":[],"product_cat":[2790],"product_tag":[],"class_list":{"0":"post-32041","1":"product","2":"type-product","3":"status-publish","4":"has-post-thumbnail","6":"product_cat-handschoenen-brandwerend-fia","7":"product_shipping_class-4016","9":"first","10":"instock","11":"taxable","12":"shipping-taxable","13":"purchasable","14":"product-type-variable"},"acf":[],"yoast_head":"<!-- This site is optimized with the Yoast SEO plugin v27.1.1 - https:\/\/yoast.com\/product\/yoast-seo-wordpress\/ -->\n<title>OMP Handschoenen FIA Tecnica - Hoogstra Autosport<\/title>\n<meta name=\"robots\" content=\"index, follow, max-snippet:-1, max-image-preview:large, max-video-preview:-1\" \/>\n<link rel=\"canonical\" href=\"https:\/\/www.hoogstra-autosport.nl\/de\/produkt\/omp-handschoenen-fia-tecnica-evo-5\/\" \/>\n<meta property=\"og:locale\" content=\"de_DE\" \/>\n<meta property=\"og:type\" content=\"article\" \/>\n<meta property=\"og:title\" content=\"OMP Handschoenen FIA Tecnica - Hoogstra Autosport\" \/>\n<meta property=\"og:description\" content=\"Professionele\u00a0 Omp coureurshandschoen met maximale grip. Het voorgevormde handschoenontwerp wordt gekenmerkt door zijn ergonomische pasvorm en superieur comfort, evenals grip en mobiliteit dankzij de gesiliconiseerde handpalm. Speciale externe naden verminderen drukpunten, dus ook tekenen van vermoeidheid en verhogen het draagcomfort verder.\" \/>\n<meta property=\"og:url\" content=\"https:\/\/www.hoogstra-autosport.nl\/de\/produkt\/omp-handschoenen-fia-tecnica-evo-5\/\" \/>\n<meta property=\"og:site_name\" content=\"Hoogstra Autosport\" \/>\n<meta property=\"article:modified_time\" content=\"2025-10-02T09:10:57+00:00\" \/>\n<meta property=\"og:image\" content=\"https:\/\/hoogstra-autosport.nl\/teamkoen\/content\/uploads\/2020\/06\/technica-wit.jpg\" \/>\n\t<meta property=\"og:image:width\" content=\"1179\" \/>\n\t<meta property=\"og:image:height\" content=\"1179\" \/>\n\t<meta property=\"og:image:type\" content=\"image\/jpeg\" \/>\n<meta name=\"twitter:card\" content=\"summary_large_image\" \/>\n<script type=\"application\/ld+json\" class=\"yoast-schema-graph\">{\"@context\":\"https:\/\/schema.org\",\"@graph\":[{\"@type\":\"WebPage\",\"@id\":\"https:\/\/www.hoogstra-autosport.nl\/product\/omp-handschoenen-fia-tecnica-evo-5\/\",\"url\":\"https:\/\/www.hoogstra-autosport.nl\/product\/omp-handschoenen-fia-tecnica-evo-5\/\",\"name\":\"OMP Handschoenen FIA Tecnica - Hoogstra Autosport\",\"isPartOf\":{\"@id\":\"https:\/\/www.hoogstra-autosport.nl\/#website\"},\"primaryImageOfPage\":{\"@id\":\"https:\/\/www.hoogstra-autosport.nl\/product\/omp-handschoenen-fia-tecnica-evo-5\/#primaryimage\"},\"image\":{\"@id\":\"https:\/\/www.hoogstra-autosport.nl\/product\/omp-handschoenen-fia-tecnica-evo-5\/#primaryimage\"},\"thumbnailUrl\":\"https:\/\/www.hoogstra-autosport.nl\/teamkoen\/wp-content\/uploads\/2020\/06\/technica-wit.jpg\",\"datePublished\":\"2020-06-16T11:37:25+00:00\",\"dateModified\":\"2025-10-02T09:10:57+00:00\",\"breadcrumb\":{\"@id\":\"https:\/\/www.hoogstra-autosport.nl\/product\/omp-handschoenen-fia-tecnica-evo-5\/#breadcrumb\"},\"inLanguage\":\"de\",\"potentialAction\":[{\"@type\":\"ReadAction\",\"target\":[\"https:\/\/www.hoogstra-autosport.nl\/product\/omp-handschoenen-fia-tecnica-evo-5\/\"]}]},{\"@type\":\"ImageObject\",\"inLanguage\":\"de\",\"@id\":\"https:\/\/www.hoogstra-autosport.nl\/product\/omp-handschoenen-fia-tecnica-evo-5\/#primaryimage\",\"url\":\"https:\/\/www.hoogstra-autosport.nl\/teamkoen\/wp-content\/uploads\/2020\/06\/technica-wit.jpg\",\"contentUrl\":\"https:\/\/www.hoogstra-autosport.nl\/teamkoen\/wp-content\/uploads\/2020\/06\/technica-wit.jpg\",\"width\":1179,\"height\":1179,\"caption\":\"Screenshot\"},{\"@type\":\"BreadcrumbList\",\"@id\":\"https:\/\/www.hoogstra-autosport.nl\/product\/omp-handschoenen-fia-tecnica-evo-5\/#breadcrumb\",\"itemListElement\":[{\"@type\":\"ListItem\",\"position\":1,\"name\":\"Home\",\"item\":\"https:\/\/www.hoogstra-autosport.nl\/\"},{\"@type\":\"ListItem\",\"position\":2,\"name\":\"Uitrusting\",\"item\":\"https:\/\/www.hoogstra-autosport.nl\/product-categorie\/autosport-kleding-helmen\/\"},{\"@type\":\"ListItem\",\"position\":3,\"name\":\"Autosport Kleding\",\"item\":\"https:\/\/www.hoogstra-autosport.nl\/product-categorie\/autosport-kleding-helmen\/autosport-kleding\/\"},{\"@type\":\"ListItem\",\"position\":4,\"name\":\"Handschoenen\",\"item\":\"https:\/\/www.hoogstra-autosport.nl\/product-categorie\/autosport-kleding-helmen\/autosport-kleding\/handschoenen-2\/\"},{\"@type\":\"ListItem\",\"position\":5,\"name\":\"FIA Handschoenen OMP\",\"item\":\"https:\/\/www.hoogstra-autosport.nl\/product-categorie\/autosport-kleding-helmen\/autosport-kleding\/handschoenen-2\/handschoenen-brandwerend-fia\/\"},{\"@type\":\"ListItem\",\"position\":6,\"name\":\"OMP Handschoenen FIA Tecnica\"}]},{\"@type\":\"WebSite\",\"@id\":\"https:\/\/www.hoogstra-autosport.nl\/#website\",\"url\":\"https:\/\/www.hoogstra-autosport.nl\/\",\"name\":\"Hoogstra Autosport\",\"description\":\"Performance Autosport Parts!\",\"potentialAction\":[{\"@type\":\"SearchAction\",\"target\":{\"@type\":\"EntryPoint\",\"urlTemplate\":\"https:\/\/www.hoogstra-autosport.nl\/?s={search_term_string}\"},\"query-input\":{\"@type\":\"PropertyValueSpecification\",\"valueRequired\":true,\"valueName\":\"search_term_string\"}}],\"inLanguage\":\"de\"}]}<\/script>\n<!-- \/ Yoast SEO plugin. -->","yoast_head_json":{"title":"OMP Handschoenen FIA Tecnica - Hoogstra Autosport","robots":{"index":"index","follow":"follow","max-snippet":"max-snippet:-1","max-image-preview":"max-image-preview:large","max-video-preview":"max-video-preview:-1"},"canonical":"https:\/\/www.hoogstra-autosport.nl\/de\/produkt\/omp-handschoenen-fia-tecnica-evo-5\/","og_locale":"de_DE","og_type":"article","og_title":"OMP Handschoenen FIA Tecnica - Hoogstra Autosport","og_description":"Professionele\u00a0 Omp coureurshandschoen met maximale grip. Het voorgevormde handschoenontwerp wordt gekenmerkt door zijn ergonomische pasvorm en superieur comfort, evenals grip en mobiliteit dankzij de gesiliconiseerde handpalm. Speciale externe naden verminderen drukpunten, dus ook tekenen van vermoeidheid en verhogen het draagcomfort verder.","og_url":"https:\/\/www.hoogstra-autosport.nl\/de\/produkt\/omp-handschoenen-fia-tecnica-evo-5\/","og_site_name":"Hoogstra Autosport","article_modified_time":"2025-10-02T09:10:57+00:00","og_image":[{"width":1179,"height":1179,"url":"https:\/\/hoogstra-autosport.nl\/teamkoen\/content\/uploads\/2020\/06\/technica-wit.jpg","type":"image\/jpeg"}],"twitter_card":"summary_large_image","schema":{"@context":"https:\/\/schema.org","@graph":[{"@type":"WebPage","@id":"https:\/\/www.hoogstra-autosport.nl\/product\/omp-handschoenen-fia-tecnica-evo-5\/","url":"https:\/\/www.hoogstra-autosport.nl\/product\/omp-handschoenen-fia-tecnica-evo-5\/","name":"OMP Handschoenen FIA Tecnica - Hoogstra Autosport","isPartOf":{"@id":"https:\/\/www.hoogstra-autosport.nl\/#website"},"primaryImageOfPage":{"@id":"https:\/\/www.hoogstra-autosport.nl\/product\/omp-handschoenen-fia-tecnica-evo-5\/#primaryimage"},"image":{"@id":"https:\/\/www.hoogstra-autosport.nl\/product\/omp-handschoenen-fia-tecnica-evo-5\/#primaryimage"},"thumbnailUrl":"https:\/\/www.hoogstra-autosport.nl\/teamkoen\/wp-content\/uploads\/2020\/06\/technica-wit.jpg","datePublished":"2020-06-16T11:37:25+00:00","dateModified":"2025-10-02T09:10:57+00:00","breadcrumb":{"@id":"https:\/\/www.hoogstra-autosport.nl\/product\/omp-handschoenen-fia-tecnica-evo-5\/#breadcrumb"},"inLanguage":"de","potentialAction":[{"@type":"ReadAction","target":["https:\/\/www.hoogstra-autosport.nl\/product\/omp-handschoenen-fia-tecnica-evo-5\/"]}]},{"@type":"ImageObject","inLanguage":"de","@id":"https:\/\/www.hoogstra-autosport.nl\/product\/omp-handschoenen-fia-tecnica-evo-5\/#primaryimage","url":"https:\/\/www.hoogstra-autosport.nl\/teamkoen\/wp-content\/uploads\/2020\/06\/technica-wit.jpg","contentUrl":"https:\/\/www.hoogstra-autosport.nl\/teamkoen\/wp-content\/uploads\/2020\/06\/technica-wit.jpg","width":1179,"height":1179,"caption":"Screenshot"},{"@type":"BreadcrumbList","@id":"https:\/\/www.hoogstra-autosport.nl\/product\/omp-handschoenen-fia-tecnica-evo-5\/#breadcrumb","itemListElement":[{"@type":"ListItem","position":1,"name":"Home","item":"https:\/\/www.hoogstra-autosport.nl\/"},{"@type":"ListItem","position":2,"name":"Uitrusting","item":"https:\/\/www.hoogstra-autosport.nl\/product-categorie\/autosport-kleding-helmen\/"},{"@type":"ListItem","position":3,"name":"Autosport Kleding","item":"https:\/\/www.hoogstra-autosport.nl\/product-categorie\/autosport-kleding-helmen\/autosport-kleding\/"},{"@type":"ListItem","position":4,"name":"Handschoenen","item":"https:\/\/www.hoogstra-autosport.nl\/product-categorie\/autosport-kleding-helmen\/autosport-kleding\/handschoenen-2\/"},{"@type":"ListItem","position":5,"name":"FIA Handschoenen OMP","item":"https:\/\/www.hoogstra-autosport.nl\/product-categorie\/autosport-kleding-helmen\/autosport-kleding\/handschoenen-2\/handschoenen-brandwerend-fia\/"},{"@type":"ListItem","position":6,"name":"OMP Handschoenen FIA Tecnica"}]},{"@type":"WebSite","@id":"https:\/\/www.hoogstra-autosport.nl\/#website","url":"https:\/\/www.hoogstra-autosport.nl\/","name":"Hoogstra Autosport","description":"Performance Autosport Parts!","potentialAction":[{"@type":"SearchAction","target":{"@type":"EntryPoint","urlTemplate":"https:\/\/www.hoogstra-autosport.nl\/?s={search_term_string}"},"query-input":{"@type":"PropertyValueSpecification","valueRequired":true,"valueName":"search_term_string"}}],"inLanguage":"de"}]}},"tiered_pricing_type":"fixed","tiered_pricing_fixed_rules":[],"tiered_pricing_product_settings":{"layout":"default","base_unit_name":{"singular":null,"plural":null},"default_variation":null},"tiered_pricing_minimum_quantity":null,"tiered_pricing_roles_data":[],"tiered_pricing_percentage_rules":[],"tiered_pricing_maximum_quantity":null,"tiered_pricing_quantity_step":null,"_links":{"self":[{"href":"https:\/\/www.hoogstra-autosport.nl\/de\/wp-json\/wp\/v2\/product\/32041","targetHints":{"allow":["GET"]}}],"collection":[{"href":"https:\/\/www.hoogstra-autosport.nl\/de\/wp-json\/wp\/v2\/product"}],"about":[{"href":"https:\/\/www.hoogstra-autosport.nl\/de\/wp-json\/wp\/v2\/types\/product"}],"wp:featuredmedia":[{"embeddable":true,"href":"https:\/\/www.hoogstra-autosport.nl\/de\/wp-json\/wp\/v2\/media\/79139"}],"wp:attachment":[{"href":"https:\/\/www.hoogstra-autosport.nl\/de\/wp-json\/wp\/v2\/media?parent=32041"}],"wp:term":[{"taxonomy":"product_brand","embeddable":true,"href":"https:\/\/www.hoogstra-autosport.nl\/de\/wp-json\/wp\/v2\/product_brand?post=32041"},{"taxonomy":"product_cat","embeddable":true,"href":"https:\/\/www.hoogstra-autosport.nl\/de\/wp-json\/wp\/v2\/product_cat?post=32041"},{"taxonomy":"product_tag","embeddable":true,"href":"https:\/\/www.hoogstra-autosport.nl\/de\/wp-json\/wp\/v2\/product_tag?post=32041"}],"curies":[{"name":"wp","href":"https:\/\/api.w.org\/{rel}","templated":true}]}}