{"id":29303,"date":"2020-03-27T13:58:02","date_gmt":"2020-03-27T12:58:02","guid":{"rendered":"https:\/\/www.hoogstra-autosport.nl\/?post_type=product&#038;p=29303"},"modified":"2024-01-20T13:06:03","modified_gmt":"2024-01-20T12:06:03","slug":"radiateur-aluminium-small","status":"publish","type":"product","link":"https:\/\/www.hoogstra-autosport.nl\/de\/produkt\/radiateur-aluminium-small\/","title":{"rendered":"Heizk\u00f6rper Aluminium Single Pass SMALL"},"content":{"rendered":"<p>Aluminium K\u00fchler TOP COOL POWER !<\/p>\n<p>Abmessungen des K\u00fchlk\u00f6rpers: 480 x 460 x 56 mm (BxHxT)<br \/>\nAu\u00dfenma\u00dfe: 610 x 500 x 90mm (inkl. Deckel)<br \/>\nFassungsverm\u00f6gen 4,3 Liter<br \/>\nGewicht 5 Kilo<\/p>\n<p>Auslass 45 mm Wasser (dies verhindert, dass sich Wasser im K\u00fchler ansammelt)<\/p>\n<p>M\u00f6glich f\u00fcr K\u00fchlhaube und Ventilator<\/p>\n<p>&nbsp;<\/p>\n<p>STANDARDM\u00c4SSIG WIRD KEINE KAPPE MITGELIEFERT!<\/p>","protected":false},"excerpt":{"rendered":"<p>Aluminiumk\u00fchler<\/p>","protected":false},"featured_media":29304,"template":"","meta":{"_acf_changed":false},"product_brand":[],"product_cat":[4102,2740],"product_tag":[],"class_list":{"0":"post-29303","1":"product","2":"type-product","3":"status-publish","4":"has-post-thumbnail","6":"product_cat-allstar","7":"product_cat-radiateuren","8":"product_shipping_class-4017","10":"first","11":"instock","12":"taxable","13":"shipping-taxable","14":"purchasable","15":"product-type-simple"},"acf":[],"yoast_head":"<!-- This site is optimized with the Yoast SEO plugin v27.1.1 - https:\/\/yoast.com\/product\/yoast-seo-wordpress\/ -->\n<title>Radiateur Aluminium Single Pass SMALL - Hoogstra Autosport<\/title>\n<meta name=\"robots\" content=\"index, follow, max-snippet:-1, max-image-preview:large, max-video-preview:-1\" \/>\n<link rel=\"canonical\" href=\"https:\/\/www.hoogstra-autosport.nl\/de\/produkt\/radiateur-aluminium-small\/\" \/>\n<meta property=\"og:locale\" content=\"de_DE\" \/>\n<meta property=\"og:type\" content=\"article\" \/>\n<meta property=\"og:title\" content=\"Radiateur Aluminium Single Pass SMALL - Hoogstra Autosport\" \/>\n<meta property=\"og:description\" content=\"aluminium radiateur\" \/>\n<meta property=\"og:url\" content=\"https:\/\/www.hoogstra-autosport.nl\/de\/produkt\/radiateur-aluminium-small\/\" \/>\n<meta property=\"og:site_name\" content=\"Hoogstra Autosport\" \/>\n<meta property=\"article:modified_time\" content=\"2024-01-20T12:06:03+00:00\" \/>\n<meta property=\"og:image\" content=\"https:\/\/hoogstra-autosport.nl\/teamkoen\/content\/uploads\/2020\/03\/Allstars-Koeler-Kaal-30011-of-30045.jpg\" \/>\n\t<meta property=\"og:image:width\" content=\"640\" \/>\n\t<meta property=\"og:image:height\" content=\"480\" \/>\n\t<meta property=\"og:image:type\" content=\"image\/jpeg\" \/>\n<meta name=\"twitter:card\" content=\"summary_large_image\" \/>\n<meta name=\"twitter:label1\" content=\"Gesch\u00e4tzte Lesezeit\" \/>\n\t<meta name=\"twitter:data1\" content=\"1\u00a0Minute\" \/>\n<script type=\"application\/ld+json\" class=\"yoast-schema-graph\">{\"@context\":\"https:\/\/schema.org\",\"@graph\":[{\"@type\":\"WebPage\",\"@id\":\"https:\/\/www.hoogstra-autosport.nl\/product\/radiateur-aluminium-small\/\",\"url\":\"https:\/\/www.hoogstra-autosport.nl\/product\/radiateur-aluminium-small\/\",\"name\":\"Radiateur Aluminium Single Pass SMALL - Hoogstra Autosport\",\"isPartOf\":{\"@id\":\"https:\/\/www.hoogstra-autosport.nl\/#website\"},\"primaryImageOfPage\":{\"@id\":\"https:\/\/www.hoogstra-autosport.nl\/product\/radiateur-aluminium-small\/#primaryimage\"},\"image\":{\"@id\":\"https:\/\/www.hoogstra-autosport.nl\/product\/radiateur-aluminium-small\/#primaryimage\"},\"thumbnailUrl\":\"https:\/\/www.hoogstra-autosport.nl\/teamkoen\/wp-content\/uploads\/2020\/03\/Allstars-Koeler-Kaal-30011-of-30045.jpg\",\"datePublished\":\"2020-03-27T12:58:02+00:00\",\"dateModified\":\"2024-01-20T12:06:03+00:00\",\"breadcrumb\":{\"@id\":\"https:\/\/www.hoogstra-autosport.nl\/product\/radiateur-aluminium-small\/#breadcrumb\"},\"inLanguage\":\"de\",\"potentialAction\":[{\"@type\":\"ReadAction\",\"target\":[\"https:\/\/www.hoogstra-autosport.nl\/product\/radiateur-aluminium-small\/\"]}]},{\"@type\":\"ImageObject\",\"inLanguage\":\"de\",\"@id\":\"https:\/\/www.hoogstra-autosport.nl\/product\/radiateur-aluminium-small\/#primaryimage\",\"url\":\"https:\/\/www.hoogstra-autosport.nl\/teamkoen\/wp-content\/uploads\/2020\/03\/Allstars-Koeler-Kaal-30011-of-30045.jpg\",\"contentUrl\":\"https:\/\/www.hoogstra-autosport.nl\/teamkoen\/wp-content\/uploads\/2020\/03\/Allstars-Koeler-Kaal-30011-of-30045.jpg\",\"width\":640,\"height\":480},{\"@type\":\"BreadcrumbList\",\"@id\":\"https:\/\/www.hoogstra-autosport.nl\/product\/radiateur-aluminium-small\/#breadcrumb\",\"itemListElement\":[{\"@type\":\"ListItem\",\"position\":1,\"name\":\"Home\",\"item\":\"https:\/\/www.hoogstra-autosport.nl\/\"},{\"@type\":\"ListItem\",\"position\":2,\"name\":\"Koeling &amp; Luchtfilters\",\"item\":\"https:\/\/www.hoogstra-autosport.nl\/product-categorie\/koeling-2\/\"},{\"@type\":\"ListItem\",\"position\":3,\"name\":\"Koeling\",\"item\":\"https:\/\/www.hoogstra-autosport.nl\/product-categorie\/koeling-2\/koeling\/\"},{\"@type\":\"ListItem\",\"position\":4,\"name\":\"Radiateuren &amp; Koelkappen\",\"item\":\"https:\/\/www.hoogstra-autosport.nl\/product-categorie\/koeling-2\/koeling\/radiateuren-koelkappen\/\"},{\"@type\":\"ListItem\",\"position\":5,\"name\":\"Radiateuren\",\"item\":\"https:\/\/www.hoogstra-autosport.nl\/product-categorie\/koeling-2\/koeling\/radiateuren-koelkappen\/radiateuren\/\"},{\"@type\":\"ListItem\",\"position\":6,\"name\":\"Radiateur Aluminium Single Pass SMALL\"}]},{\"@type\":\"WebSite\",\"@id\":\"https:\/\/www.hoogstra-autosport.nl\/#website\",\"url\":\"https:\/\/www.hoogstra-autosport.nl\/\",\"name\":\"Hoogstra Autosport\",\"description\":\"Performance Autosport Parts!\",\"potentialAction\":[{\"@type\":\"SearchAction\",\"target\":{\"@type\":\"EntryPoint\",\"urlTemplate\":\"https:\/\/www.hoogstra-autosport.nl\/?s={search_term_string}\"},\"query-input\":{\"@type\":\"PropertyValueSpecification\",\"valueRequired\":true,\"valueName\":\"search_term_string\"}}],\"inLanguage\":\"de\"}]}<\/script>\n<!-- \/ Yoast SEO plugin. -->","yoast_head_json":{"title":"Radiateur Aluminium Single Pass SMALL - Hoogstra Autosport","robots":{"index":"index","follow":"follow","max-snippet":"max-snippet:-1","max-image-preview":"max-image-preview:large","max-video-preview":"max-video-preview:-1"},"canonical":"https:\/\/www.hoogstra-autosport.nl\/de\/produkt\/radiateur-aluminium-small\/","og_locale":"de_DE","og_type":"article","og_title":"Radiateur Aluminium Single Pass SMALL - Hoogstra Autosport","og_description":"aluminium radiateur","og_url":"https:\/\/www.hoogstra-autosport.nl\/de\/produkt\/radiateur-aluminium-small\/","og_site_name":"Hoogstra Autosport","article_modified_time":"2024-01-20T12:06:03+00:00","og_image":[{"width":640,"height":480,"url":"https:\/\/hoogstra-autosport.nl\/teamkoen\/content\/uploads\/2020\/03\/Allstars-Koeler-Kaal-30011-of-30045.jpg","type":"image\/jpeg"}],"twitter_card":"summary_large_image","twitter_misc":{"Gesch\u00e4tzte Lesezeit":"1\u00a0Minute"},"schema":{"@context":"https:\/\/schema.org","@graph":[{"@type":"WebPage","@id":"https:\/\/www.hoogstra-autosport.nl\/product\/radiateur-aluminium-small\/","url":"https:\/\/www.hoogstra-autosport.nl\/product\/radiateur-aluminium-small\/","name":"Radiateur Aluminium Single Pass SMALL - Hoogstra Autosport","isPartOf":{"@id":"https:\/\/www.hoogstra-autosport.nl\/#website"},"primaryImageOfPage":{"@id":"https:\/\/www.hoogstra-autosport.nl\/product\/radiateur-aluminium-small\/#primaryimage"},"image":{"@id":"https:\/\/www.hoogstra-autosport.nl\/product\/radiateur-aluminium-small\/#primaryimage"},"thumbnailUrl":"https:\/\/www.hoogstra-autosport.nl\/teamkoen\/wp-content\/uploads\/2020\/03\/Allstars-Koeler-Kaal-30011-of-30045.jpg","datePublished":"2020-03-27T12:58:02+00:00","dateModified":"2024-01-20T12:06:03+00:00","breadcrumb":{"@id":"https:\/\/www.hoogstra-autosport.nl\/product\/radiateur-aluminium-small\/#breadcrumb"},"inLanguage":"de","potentialAction":[{"@type":"ReadAction","target":["https:\/\/www.hoogstra-autosport.nl\/product\/radiateur-aluminium-small\/"]}]},{"@type":"ImageObject","inLanguage":"de","@id":"https:\/\/www.hoogstra-autosport.nl\/product\/radiateur-aluminium-small\/#primaryimage","url":"https:\/\/www.hoogstra-autosport.nl\/teamkoen\/wp-content\/uploads\/2020\/03\/Allstars-Koeler-Kaal-30011-of-30045.jpg","contentUrl":"https:\/\/www.hoogstra-autosport.nl\/teamkoen\/wp-content\/uploads\/2020\/03\/Allstars-Koeler-Kaal-30011-of-30045.jpg","width":640,"height":480},{"@type":"BreadcrumbList","@id":"https:\/\/www.hoogstra-autosport.nl\/product\/radiateur-aluminium-small\/#breadcrumb","itemListElement":[{"@type":"ListItem","position":1,"name":"Home","item":"https:\/\/www.hoogstra-autosport.nl\/"},{"@type":"ListItem","position":2,"name":"Koeling &amp; Luchtfilters","item":"https:\/\/www.hoogstra-autosport.nl\/product-categorie\/koeling-2\/"},{"@type":"ListItem","position":3,"name":"Koeling","item":"https:\/\/www.hoogstra-autosport.nl\/product-categorie\/koeling-2\/koeling\/"},{"@type":"ListItem","position":4,"name":"Radiateuren &amp; Koelkappen","item":"https:\/\/www.hoogstra-autosport.nl\/product-categorie\/koeling-2\/koeling\/radiateuren-koelkappen\/"},{"@type":"ListItem","position":5,"name":"Radiateuren","item":"https:\/\/www.hoogstra-autosport.nl\/product-categorie\/koeling-2\/koeling\/radiateuren-koelkappen\/radiateuren\/"},{"@type":"ListItem","position":6,"name":"Radiateur Aluminium Single Pass SMALL"}]},{"@type":"WebSite","@id":"https:\/\/www.hoogstra-autosport.nl\/#website","url":"https:\/\/www.hoogstra-autosport.nl\/","name":"Hoogstra Autosport","description":"Performance Autosport Parts!","potentialAction":[{"@type":"SearchAction","target":{"@type":"EntryPoint","urlTemplate":"https:\/\/www.hoogstra-autosport.nl\/?s={search_term_string}"},"query-input":{"@type":"PropertyValueSpecification","valueRequired":true,"valueName":"search_term_string"}}],"inLanguage":"de"}]}},"tiered_pricing_type":"fixed","tiered_pricing_fixed_rules":[],"tiered_pricing_product_settings":{"layout":"default","base_unit_name":{"singular":null,"plural":null},"default_variation":null},"tiered_pricing_minimum_quantity":null,"tiered_pricing_roles_data":[],"tiered_pricing_percentage_rules":[],"tiered_pricing_maximum_quantity":null,"tiered_pricing_quantity_step":null,"_links":{"self":[{"href":"https:\/\/www.hoogstra-autosport.nl\/de\/wp-json\/wp\/v2\/product\/29303","targetHints":{"allow":["GET"]}}],"collection":[{"href":"https:\/\/www.hoogstra-autosport.nl\/de\/wp-json\/wp\/v2\/product"}],"about":[{"href":"https:\/\/www.hoogstra-autosport.nl\/de\/wp-json\/wp\/v2\/types\/product"}],"wp:featuredmedia":[{"embeddable":true,"href":"https:\/\/www.hoogstra-autosport.nl\/de\/wp-json\/wp\/v2\/media\/29304"}],"wp:attachment":[{"href":"https:\/\/www.hoogstra-autosport.nl\/de\/wp-json\/wp\/v2\/media?parent=29303"}],"wp:term":[{"taxonomy":"product_brand","embeddable":true,"href":"https:\/\/www.hoogstra-autosport.nl\/de\/wp-json\/wp\/v2\/product_brand?post=29303"},{"taxonomy":"product_cat","embeddable":true,"href":"https:\/\/www.hoogstra-autosport.nl\/de\/wp-json\/wp\/v2\/product_cat?post=29303"},{"taxonomy":"product_tag","embeddable":true,"href":"https:\/\/www.hoogstra-autosport.nl\/de\/wp-json\/wp\/v2\/product_tag?post=29303"}],"curies":[{"name":"wp","href":"https:\/\/api.w.org\/{rel}","templated":true}]}}