{"id":28212,"date":"2020-03-02T16:40:49","date_gmt":"2020-03-02T15:40:49","guid":{"rendered":"https:\/\/www.hoogstra-autosport.nl\/?post_type=product&#038;p=28212"},"modified":"2025-07-07T13:30:15","modified_gmt":"2025-07-07T11:30:15","slug":"schroth-racing-shr-evo","status":"publish","type":"product","link":"https:\/\/www.hoogstra-autosport.nl\/de\/produkt\/schroth-racing-shr-evo\/","title":{"rendered":"Schroth Racing SHR Evo Hans"},"content":{"rendered":"<p>Schroth Racing Evo Frontal-Kopfr\u00fcckhaltesystem (FHR).<\/p>\n<p>20-Grad-System, das sich am besten f\u00fcr alle Motorsportarten eignet, bei denen man nicht im Auto sitzt.<\/p>\n<p>Sehr leicht, 730 Gramm!<\/p>\n<p>Erh\u00e4ltlich in den Gr\u00f6\u00dfen:<\/p>\n<p>L (\u00fcber 42cm Kragenweite)<\/p>\n<p>Kommt mit Clips f\u00fcr Ihren Helm!<\/p>\n<p>&nbsp;<\/p>\n<p>&nbsp;<\/p>","protected":false},"excerpt":{"rendered":"<p>Schroth Racing Evo Frontal Head Restraint (FHR) Systeem. 20 graden systeem, wat het beste is\u00a0 alle autosport takken waarbij je niet in de auto ligt. Erg licht, 730 gram! Verkrijgbaar in de maten: L (boven 42cm kraagwijdte) Wordt geleverd inclusief clips voor je helm ! &nbsp; &nbsp;<\/p>","protected":false},"featured_media":36738,"template":"","meta":{"_acf_changed":false},"product_brand":[],"product_cat":[4292],"product_tag":[],"class_list":{"0":"post-28212","1":"product","2":"type-product","3":"status-publish","4":"has-post-thumbnail","6":"product_cat-h-a-n-s","7":"product_shipping_class-4016","9":"first","10":"instock","11":"taxable","12":"shipping-taxable","13":"purchasable","14":"product-type-simple"},"acf":[],"yoast_head":"<!-- This site is optimized with the Yoast SEO plugin v27.1.1 - https:\/\/yoast.com\/product\/yoast-seo-wordpress\/ -->\n<title>Schroth Racing SHR Evo Hans - Hoogstra Autosport<\/title>\n<meta name=\"robots\" content=\"index, follow, max-snippet:-1, max-image-preview:large, max-video-preview:-1\" \/>\n<link rel=\"canonical\" href=\"https:\/\/www.hoogstra-autosport.nl\/de\/produkt\/schroth-racing-shr-evo\/\" \/>\n<meta property=\"og:locale\" content=\"de_DE\" \/>\n<meta property=\"og:type\" content=\"article\" \/>\n<meta property=\"og:title\" content=\"Schroth Racing SHR Evo Hans - Hoogstra Autosport\" \/>\n<meta property=\"og:description\" content=\"Schroth Racing Evo Frontal Head Restraint (FHR) Systeem. 20 graden systeem, wat het beste is\u00a0 alle autosport takken waarbij je niet in de auto ligt. Erg licht, 730 gram! Verkrijgbaar in de maten: L (boven 42cm kraagwijdte) Wordt geleverd inclusief clips voor je helm ! &nbsp; &nbsp;\" \/>\n<meta property=\"og:url\" content=\"https:\/\/www.hoogstra-autosport.nl\/de\/produkt\/schroth-racing-shr-evo\/\" \/>\n<meta property=\"og:site_name\" content=\"Hoogstra Autosport\" \/>\n<meta property=\"article:modified_time\" content=\"2025-07-07T11:30:15+00:00\" \/>\n<meta property=\"og:image\" content=\"https:\/\/www.hoogstra-autosport.nl\/teamkoen\/content\/uploads\/2020\/03\/thumbnail_IMG_1794.jpg\" \/>\n\t<meta property=\"og:image:width\" content=\"750\" \/>\n\t<meta property=\"og:image:height\" content=\"750\" \/>\n\t<meta property=\"og:image:type\" content=\"image\/jpeg\" \/>\n<meta name=\"twitter:card\" content=\"summary_large_image\" \/>\n<meta name=\"twitter:label1\" content=\"Gesch\u00e4tzte Lesezeit\" \/>\n\t<meta name=\"twitter:data1\" content=\"1\u00a0Minute\" \/>\n<script type=\"application\/ld+json\" class=\"yoast-schema-graph\">{\"@context\":\"https:\/\/schema.org\",\"@graph\":[{\"@type\":\"WebPage\",\"@id\":\"https:\/\/www.hoogstra-autosport.nl\/product\/schroth-racing-shr-evo\/\",\"url\":\"https:\/\/www.hoogstra-autosport.nl\/product\/schroth-racing-shr-evo\/\",\"name\":\"Schroth Racing SHR Evo Hans - Hoogstra Autosport\",\"isPartOf\":{\"@id\":\"https:\/\/www.hoogstra-autosport.nl\/#website\"},\"primaryImageOfPage\":{\"@id\":\"https:\/\/www.hoogstra-autosport.nl\/product\/schroth-racing-shr-evo\/#primaryimage\"},\"image\":{\"@id\":\"https:\/\/www.hoogstra-autosport.nl\/product\/schroth-racing-shr-evo\/#primaryimage\"},\"thumbnailUrl\":\"https:\/\/www.hoogstra-autosport.nl\/teamkoen\/wp-content\/uploads\/2020\/03\/thumbnail_IMG_1794.jpg\",\"datePublished\":\"2020-03-02T15:40:49+00:00\",\"dateModified\":\"2025-07-07T11:30:15+00:00\",\"breadcrumb\":{\"@id\":\"https:\/\/www.hoogstra-autosport.nl\/product\/schroth-racing-shr-evo\/#breadcrumb\"},\"inLanguage\":\"de\",\"potentialAction\":[{\"@type\":\"ReadAction\",\"target\":[\"https:\/\/www.hoogstra-autosport.nl\/product\/schroth-racing-shr-evo\/\"]}]},{\"@type\":\"ImageObject\",\"inLanguage\":\"de\",\"@id\":\"https:\/\/www.hoogstra-autosport.nl\/product\/schroth-racing-shr-evo\/#primaryimage\",\"url\":\"https:\/\/www.hoogstra-autosport.nl\/teamkoen\/wp-content\/uploads\/2020\/03\/thumbnail_IMG_1794.jpg\",\"contentUrl\":\"https:\/\/www.hoogstra-autosport.nl\/teamkoen\/wp-content\/uploads\/2020\/03\/thumbnail_IMG_1794.jpg\",\"width\":750,\"height\":750},{\"@type\":\"BreadcrumbList\",\"@id\":\"https:\/\/www.hoogstra-autosport.nl\/product\/schroth-racing-shr-evo\/#breadcrumb\",\"itemListElement\":[{\"@type\":\"ListItem\",\"position\":1,\"name\":\"Home\",\"item\":\"https:\/\/www.hoogstra-autosport.nl\/\"},{\"@type\":\"ListItem\",\"position\":2,\"name\":\"Uitrusting\",\"item\":\"https:\/\/www.hoogstra-autosport.nl\/product-categorie\/autosport-kleding-helmen\/\"},{\"@type\":\"ListItem\",\"position\":3,\"name\":\"H.A.N.S. &amp; Simpson Systemen\",\"item\":\"https:\/\/www.hoogstra-autosport.nl\/product-categorie\/autosport-kleding-helmen\/hans-systeem\/\"},{\"@type\":\"ListItem\",\"position\":4,\"name\":\"H.A.N.S.\",\"item\":\"https:\/\/www.hoogstra-autosport.nl\/product-categorie\/autosport-kleding-helmen\/hans-systeem\/h-a-n-s\/\"},{\"@type\":\"ListItem\",\"position\":5,\"name\":\"Schroth Racing SHR Evo Hans\"}]},{\"@type\":\"WebSite\",\"@id\":\"https:\/\/www.hoogstra-autosport.nl\/#website\",\"url\":\"https:\/\/www.hoogstra-autosport.nl\/\",\"name\":\"Hoogstra Autosport\",\"description\":\"Performance Autosport Parts!\",\"potentialAction\":[{\"@type\":\"SearchAction\",\"target\":{\"@type\":\"EntryPoint\",\"urlTemplate\":\"https:\/\/www.hoogstra-autosport.nl\/?s={search_term_string}\"},\"query-input\":{\"@type\":\"PropertyValueSpecification\",\"valueRequired\":true,\"valueName\":\"search_term_string\"}}],\"inLanguage\":\"de\"}]}<\/script>\n<!-- \/ Yoast SEO plugin. -->","yoast_head_json":{"title":"Schroth Racing SHR Evo Hans - Hoogstra Autosport","robots":{"index":"index","follow":"follow","max-snippet":"max-snippet:-1","max-image-preview":"max-image-preview:large","max-video-preview":"max-video-preview:-1"},"canonical":"https:\/\/www.hoogstra-autosport.nl\/de\/produkt\/schroth-racing-shr-evo\/","og_locale":"de_DE","og_type":"article","og_title":"Schroth Racing SHR Evo Hans - Hoogstra Autosport","og_description":"Schroth Racing Evo Frontal Head Restraint (FHR) Systeem. 20 graden systeem, wat het beste is\u00a0 alle autosport takken waarbij je niet in de auto ligt. Erg licht, 730 gram! Verkrijgbaar in de maten: L (boven 42cm kraagwijdte) Wordt geleverd inclusief clips voor je helm ! &nbsp; &nbsp;","og_url":"https:\/\/www.hoogstra-autosport.nl\/de\/produkt\/schroth-racing-shr-evo\/","og_site_name":"Hoogstra Autosport","article_modified_time":"2025-07-07T11:30:15+00:00","og_image":[{"width":750,"height":750,"url":"https:\/\/www.hoogstra-autosport.nl\/teamkoen\/content\/uploads\/2020\/03\/thumbnail_IMG_1794.jpg","type":"image\/jpeg"}],"twitter_card":"summary_large_image","twitter_misc":{"Gesch\u00e4tzte Lesezeit":"1\u00a0Minute"},"schema":{"@context":"https:\/\/schema.org","@graph":[{"@type":"WebPage","@id":"https:\/\/www.hoogstra-autosport.nl\/product\/schroth-racing-shr-evo\/","url":"https:\/\/www.hoogstra-autosport.nl\/product\/schroth-racing-shr-evo\/","name":"Schroth Racing SHR Evo Hans - Hoogstra Autosport","isPartOf":{"@id":"https:\/\/www.hoogstra-autosport.nl\/#website"},"primaryImageOfPage":{"@id":"https:\/\/www.hoogstra-autosport.nl\/product\/schroth-racing-shr-evo\/#primaryimage"},"image":{"@id":"https:\/\/www.hoogstra-autosport.nl\/product\/schroth-racing-shr-evo\/#primaryimage"},"thumbnailUrl":"https:\/\/www.hoogstra-autosport.nl\/teamkoen\/wp-content\/uploads\/2020\/03\/thumbnail_IMG_1794.jpg","datePublished":"2020-03-02T15:40:49+00:00","dateModified":"2025-07-07T11:30:15+00:00","breadcrumb":{"@id":"https:\/\/www.hoogstra-autosport.nl\/product\/schroth-racing-shr-evo\/#breadcrumb"},"inLanguage":"de","potentialAction":[{"@type":"ReadAction","target":["https:\/\/www.hoogstra-autosport.nl\/product\/schroth-racing-shr-evo\/"]}]},{"@type":"ImageObject","inLanguage":"de","@id":"https:\/\/www.hoogstra-autosport.nl\/product\/schroth-racing-shr-evo\/#primaryimage","url":"https:\/\/www.hoogstra-autosport.nl\/teamkoen\/wp-content\/uploads\/2020\/03\/thumbnail_IMG_1794.jpg","contentUrl":"https:\/\/www.hoogstra-autosport.nl\/teamkoen\/wp-content\/uploads\/2020\/03\/thumbnail_IMG_1794.jpg","width":750,"height":750},{"@type":"BreadcrumbList","@id":"https:\/\/www.hoogstra-autosport.nl\/product\/schroth-racing-shr-evo\/#breadcrumb","itemListElement":[{"@type":"ListItem","position":1,"name":"Home","item":"https:\/\/www.hoogstra-autosport.nl\/"},{"@type":"ListItem","position":2,"name":"Uitrusting","item":"https:\/\/www.hoogstra-autosport.nl\/product-categorie\/autosport-kleding-helmen\/"},{"@type":"ListItem","position":3,"name":"H.A.N.S. &amp; Simpson Systemen","item":"https:\/\/www.hoogstra-autosport.nl\/product-categorie\/autosport-kleding-helmen\/hans-systeem\/"},{"@type":"ListItem","position":4,"name":"H.A.N.S.","item":"https:\/\/www.hoogstra-autosport.nl\/product-categorie\/autosport-kleding-helmen\/hans-systeem\/h-a-n-s\/"},{"@type":"ListItem","position":5,"name":"Schroth Racing SHR Evo Hans"}]},{"@type":"WebSite","@id":"https:\/\/www.hoogstra-autosport.nl\/#website","url":"https:\/\/www.hoogstra-autosport.nl\/","name":"Hoogstra Autosport","description":"Performance Autosport Parts!","potentialAction":[{"@type":"SearchAction","target":{"@type":"EntryPoint","urlTemplate":"https:\/\/www.hoogstra-autosport.nl\/?s={search_term_string}"},"query-input":{"@type":"PropertyValueSpecification","valueRequired":true,"valueName":"search_term_string"}}],"inLanguage":"de"}]}},"tiered_pricing_type":"fixed","tiered_pricing_fixed_rules":[],"tiered_pricing_product_settings":{"layout":"default","base_unit_name":{"singular":null,"plural":null},"default_variation":null},"tiered_pricing_minimum_quantity":null,"tiered_pricing_roles_data":[],"tiered_pricing_percentage_rules":[],"tiered_pricing_maximum_quantity":null,"tiered_pricing_quantity_step":null,"_links":{"self":[{"href":"https:\/\/www.hoogstra-autosport.nl\/de\/wp-json\/wp\/v2\/product\/28212","targetHints":{"allow":["GET"]}}],"collection":[{"href":"https:\/\/www.hoogstra-autosport.nl\/de\/wp-json\/wp\/v2\/product"}],"about":[{"href":"https:\/\/www.hoogstra-autosport.nl\/de\/wp-json\/wp\/v2\/types\/product"}],"wp:featuredmedia":[{"embeddable":true,"href":"https:\/\/www.hoogstra-autosport.nl\/de\/wp-json\/wp\/v2\/media\/36738"}],"wp:attachment":[{"href":"https:\/\/www.hoogstra-autosport.nl\/de\/wp-json\/wp\/v2\/media?parent=28212"}],"wp:term":[{"taxonomy":"product_brand","embeddable":true,"href":"https:\/\/www.hoogstra-autosport.nl\/de\/wp-json\/wp\/v2\/product_brand?post=28212"},{"taxonomy":"product_cat","embeddable":true,"href":"https:\/\/www.hoogstra-autosport.nl\/de\/wp-json\/wp\/v2\/product_cat?post=28212"},{"taxonomy":"product_tag","embeddable":true,"href":"https:\/\/www.hoogstra-autosport.nl\/de\/wp-json\/wp\/v2\/product_tag?post=28212"}],"curies":[{"name":"wp","href":"https:\/\/api.w.org\/{rel}","templated":true}]}}