{"id":26928,"date":"2020-01-11T10:08:15","date_gmt":"2020-01-11T09:08:15","guid":{"rendered":"https:\/\/www.hoogstra-autosport.nl\/?post_type=product&#038;p=26928"},"modified":"2025-03-10T08:44:07","modified_gmt":"2025-03-10T07:44:07","slug":"bevestiging-q-clip-rvs-315-mm","status":"publish","type":"product","link":"https:\/\/www.hoogstra-autosport.nl\/de\/produkt\/bevestiging-q-clip-rvs-315-mm\/","title":{"rendered":"Befestigung Q Clip Edelstahl 31,5 mm"},"content":{"rendered":"<p>Wenn es um gro\u00dfartige Haubenverschl\u00fcsse geht, dann sind das die absolut besten! Diese wahnsinnig sch\u00f6nen und starken Schnellverschl\u00fcsse funktionieren unglaublich gut. Vor allem f\u00fcr Mechaniker, die schnell unter die Motorhaube kommen m\u00fcssen, um sich etwas anzusehen und\/oder zu ersetzen. Sie wollen dabei keine Zeit verlieren und jetzt ist es nur noch ein Druck auf den Knopf und schon ist es weg. Sie sind aus Aluminium mit einem Befestigungsstift aus rostfreiem Stahl gefertigt. Dieser sehr starke Schnellverschluss ist perfekt f\u00fcr Ihre Motorhaube, Heckklappe, Sto\u00dfstangen, Karosserieteile, Motorhauben und Klappen.<br \/>\nDieses Produkt wird mit Muttern und Unterlegscheiben geliefert. Und sind jeweils verf\u00fcgbar.<br \/>\nEinzelheiten zum Produkt:<br \/>\nL\u00e4nge des Edelstahlstifts: 105 mm<br \/>\nDicke des Edelstahlstifts: M6<br \/>\nMaterial der Deckplatte: rostfreier Stahl<br \/>\nDurchmesser der oberen Platte: 31,5 mm<br \/>\nGewicht: 50gr<\/p>","protected":false},"excerpt":{"rendered":"<p>Als je het over geweldige kapsluitingen hebt, dan zijn dit de absolute toppers! Deze waanzinnig mooie en sterke snelsluitingen werken ontzettend fijn. Zeker voor monteurs die snel onder de kap moeten om iets te kunnen bekijken en\/of vervangen. Je wilt hierbij geen tijd verliezen en nu is het 1 druk op de knop en het [&hellip;]<\/p>\n","protected":false},"featured_media":73064,"template":"","meta":{"_acf_changed":false},"product_brand":[],"product_cat":[2654],"product_tag":[],"class_list":{"0":"post-26928","1":"product","2":"type-product","3":"status-publish","4":"has-post-thumbnail","6":"product_cat-bevestiging-gaskabel","7":"product_shipping_class-4016","9":"first","10":"instock","11":"taxable","12":"shipping-taxable","13":"purchasable","14":"product-type-simple"},"acf":[],"yoast_head":"<!-- This site is optimized with the Yoast SEO plugin v27.1.1 - https:\/\/yoast.com\/product\/yoast-seo-wordpress\/ -->\n<title>Bevestiging Q Clip RVS 31,5 mm - Hoogstra Autosport<\/title>\n<meta name=\"robots\" content=\"index, follow, max-snippet:-1, max-image-preview:large, max-video-preview:-1\" \/>\n<link rel=\"canonical\" href=\"https:\/\/www.hoogstra-autosport.nl\/de\/produkt\/bevestiging-q-clip-rvs-315-mm\/\" \/>\n<meta property=\"og:locale\" content=\"de_DE\" \/>\n<meta property=\"og:type\" content=\"article\" \/>\n<meta property=\"og:title\" content=\"Bevestiging Q Clip RVS 31,5 mm - Hoogstra Autosport\" \/>\n<meta property=\"og:description\" content=\"Als je het over geweldige kapsluitingen hebt, dan zijn dit de absolute toppers! Deze waanzinnig mooie en sterke snelsluitingen werken ontzettend fijn. Zeker voor monteurs die snel onder de kap moeten om iets te kunnen bekijken en\/of vervangen. Je wilt hierbij geen tijd verliezen en nu is het 1 druk op de knop en het [&hellip;]\" \/>\n<meta property=\"og:url\" content=\"https:\/\/www.hoogstra-autosport.nl\/de\/produkt\/bevestiging-q-clip-rvs-315-mm\/\" \/>\n<meta property=\"og:site_name\" content=\"Hoogstra Autosport\" \/>\n<meta property=\"article:modified_time\" content=\"2025-03-10T07:44:07+00:00\" \/>\n<meta property=\"og:image\" content=\"https:\/\/www.hoogstra-autosport.nl\/teamkoen\/content\/uploads\/2020\/01\/qsp-1.jpg\" \/>\n\t<meta property=\"og:image:width\" content=\"986\" \/>\n\t<meta property=\"og:image:height\" content=\"986\" \/>\n\t<meta property=\"og:image:type\" content=\"image\/jpeg\" \/>\n<meta name=\"twitter:card\" content=\"summary_large_image\" \/>\n<meta name=\"twitter:label1\" content=\"Gesch\u00e4tzte Lesezeit\" \/>\n\t<meta name=\"twitter:data1\" content=\"1\u00a0Minute\" \/>\n<script type=\"application\/ld+json\" class=\"yoast-schema-graph\">{\"@context\":\"https:\/\/schema.org\",\"@graph\":[{\"@type\":\"WebPage\",\"@id\":\"https:\/\/www.hoogstra-autosport.nl\/product\/bevestiging-q-clip-rvs-315-mm\/\",\"url\":\"https:\/\/www.hoogstra-autosport.nl\/product\/bevestiging-q-clip-rvs-315-mm\/\",\"name\":\"Bevestiging Q Clip RVS 31,5 mm - Hoogstra Autosport\",\"isPartOf\":{\"@id\":\"https:\/\/www.hoogstra-autosport.nl\/#website\"},\"primaryImageOfPage\":{\"@id\":\"https:\/\/www.hoogstra-autosport.nl\/product\/bevestiging-q-clip-rvs-315-mm\/#primaryimage\"},\"image\":{\"@id\":\"https:\/\/www.hoogstra-autosport.nl\/product\/bevestiging-q-clip-rvs-315-mm\/#primaryimage\"},\"thumbnailUrl\":\"https:\/\/www.hoogstra-autosport.nl\/teamkoen\/wp-content\/uploads\/2020\/01\/qsp-1.jpg\",\"datePublished\":\"2020-01-11T09:08:15+00:00\",\"dateModified\":\"2025-03-10T07:44:07+00:00\",\"breadcrumb\":{\"@id\":\"https:\/\/www.hoogstra-autosport.nl\/product\/bevestiging-q-clip-rvs-315-mm\/#breadcrumb\"},\"inLanguage\":\"de\",\"potentialAction\":[{\"@type\":\"ReadAction\",\"target\":[\"https:\/\/www.hoogstra-autosport.nl\/product\/bevestiging-q-clip-rvs-315-mm\/\"]}]},{\"@type\":\"ImageObject\",\"inLanguage\":\"de\",\"@id\":\"https:\/\/www.hoogstra-autosport.nl\/product\/bevestiging-q-clip-rvs-315-mm\/#primaryimage\",\"url\":\"https:\/\/www.hoogstra-autosport.nl\/teamkoen\/wp-content\/uploads\/2020\/01\/qsp-1.jpg\",\"contentUrl\":\"https:\/\/www.hoogstra-autosport.nl\/teamkoen\/wp-content\/uploads\/2020\/01\/qsp-1.jpg\",\"width\":986,\"height\":986},{\"@type\":\"BreadcrumbList\",\"@id\":\"https:\/\/www.hoogstra-autosport.nl\/product\/bevestiging-q-clip-rvs-315-mm\/#breadcrumb\",\"itemListElement\":[{\"@type\":\"ListItem\",\"position\":1,\"name\":\"Home\",\"item\":\"https:\/\/www.hoogstra-autosport.nl\/\"},{\"@type\":\"ListItem\",\"position\":2,\"name\":\"Carrosserie\",\"item\":\"https:\/\/www.hoogstra-autosport.nl\/product-categorie\/carroserie-bevestiging\/\"},{\"@type\":\"ListItem\",\"position\":3,\"name\":\"Bevestiging &amp; Gaskabel\",\"item\":\"https:\/\/www.hoogstra-autosport.nl\/product-categorie\/carroserie-bevestiging\/bevestiging-gaskabel\/\"},{\"@type\":\"ListItem\",\"position\":4,\"name\":\"Bevestiging Q Clip RVS 31,5 mm\"}]},{\"@type\":\"WebSite\",\"@id\":\"https:\/\/www.hoogstra-autosport.nl\/#website\",\"url\":\"https:\/\/www.hoogstra-autosport.nl\/\",\"name\":\"Hoogstra Autosport\",\"description\":\"Performance Autosport Parts!\",\"potentialAction\":[{\"@type\":\"SearchAction\",\"target\":{\"@type\":\"EntryPoint\",\"urlTemplate\":\"https:\/\/www.hoogstra-autosport.nl\/?s={search_term_string}\"},\"query-input\":{\"@type\":\"PropertyValueSpecification\",\"valueRequired\":true,\"valueName\":\"search_term_string\"}}],\"inLanguage\":\"de\"}]}<\/script>\n<!-- \/ Yoast SEO plugin. -->","yoast_head_json":{"title":"Bevestiging Q Clip RVS 31,5 mm - Hoogstra Autosport","robots":{"index":"index","follow":"follow","max-snippet":"max-snippet:-1","max-image-preview":"max-image-preview:large","max-video-preview":"max-video-preview:-1"},"canonical":"https:\/\/www.hoogstra-autosport.nl\/de\/produkt\/bevestiging-q-clip-rvs-315-mm\/","og_locale":"de_DE","og_type":"article","og_title":"Bevestiging Q Clip RVS 31,5 mm - Hoogstra Autosport","og_description":"Als je het over geweldige kapsluitingen hebt, dan zijn dit de absolute toppers! Deze waanzinnig mooie en sterke snelsluitingen werken ontzettend fijn. Zeker voor monteurs die snel onder de kap moeten om iets te kunnen bekijken en\/of vervangen. Je wilt hierbij geen tijd verliezen en nu is het 1 druk op de knop en het [&hellip;]","og_url":"https:\/\/www.hoogstra-autosport.nl\/de\/produkt\/bevestiging-q-clip-rvs-315-mm\/","og_site_name":"Hoogstra Autosport","article_modified_time":"2025-03-10T07:44:07+00:00","og_image":[{"width":986,"height":986,"url":"https:\/\/www.hoogstra-autosport.nl\/teamkoen\/content\/uploads\/2020\/01\/qsp-1.jpg","type":"image\/jpeg"}],"twitter_card":"summary_large_image","twitter_misc":{"Gesch\u00e4tzte Lesezeit":"1\u00a0Minute"},"schema":{"@context":"https:\/\/schema.org","@graph":[{"@type":"WebPage","@id":"https:\/\/www.hoogstra-autosport.nl\/product\/bevestiging-q-clip-rvs-315-mm\/","url":"https:\/\/www.hoogstra-autosport.nl\/product\/bevestiging-q-clip-rvs-315-mm\/","name":"Bevestiging Q Clip RVS 31,5 mm - Hoogstra Autosport","isPartOf":{"@id":"https:\/\/www.hoogstra-autosport.nl\/#website"},"primaryImageOfPage":{"@id":"https:\/\/www.hoogstra-autosport.nl\/product\/bevestiging-q-clip-rvs-315-mm\/#primaryimage"},"image":{"@id":"https:\/\/www.hoogstra-autosport.nl\/product\/bevestiging-q-clip-rvs-315-mm\/#primaryimage"},"thumbnailUrl":"https:\/\/www.hoogstra-autosport.nl\/teamkoen\/wp-content\/uploads\/2020\/01\/qsp-1.jpg","datePublished":"2020-01-11T09:08:15+00:00","dateModified":"2025-03-10T07:44:07+00:00","breadcrumb":{"@id":"https:\/\/www.hoogstra-autosport.nl\/product\/bevestiging-q-clip-rvs-315-mm\/#breadcrumb"},"inLanguage":"de","potentialAction":[{"@type":"ReadAction","target":["https:\/\/www.hoogstra-autosport.nl\/product\/bevestiging-q-clip-rvs-315-mm\/"]}]},{"@type":"ImageObject","inLanguage":"de","@id":"https:\/\/www.hoogstra-autosport.nl\/product\/bevestiging-q-clip-rvs-315-mm\/#primaryimage","url":"https:\/\/www.hoogstra-autosport.nl\/teamkoen\/wp-content\/uploads\/2020\/01\/qsp-1.jpg","contentUrl":"https:\/\/www.hoogstra-autosport.nl\/teamkoen\/wp-content\/uploads\/2020\/01\/qsp-1.jpg","width":986,"height":986},{"@type":"BreadcrumbList","@id":"https:\/\/www.hoogstra-autosport.nl\/product\/bevestiging-q-clip-rvs-315-mm\/#breadcrumb","itemListElement":[{"@type":"ListItem","position":1,"name":"Home","item":"https:\/\/www.hoogstra-autosport.nl\/"},{"@type":"ListItem","position":2,"name":"Carrosserie","item":"https:\/\/www.hoogstra-autosport.nl\/product-categorie\/carroserie-bevestiging\/"},{"@type":"ListItem","position":3,"name":"Bevestiging &amp; Gaskabel","item":"https:\/\/www.hoogstra-autosport.nl\/product-categorie\/carroserie-bevestiging\/bevestiging-gaskabel\/"},{"@type":"ListItem","position":4,"name":"Bevestiging Q Clip RVS 31,5 mm"}]},{"@type":"WebSite","@id":"https:\/\/www.hoogstra-autosport.nl\/#website","url":"https:\/\/www.hoogstra-autosport.nl\/","name":"Hoogstra Autosport","description":"Performance Autosport Parts!","potentialAction":[{"@type":"SearchAction","target":{"@type":"EntryPoint","urlTemplate":"https:\/\/www.hoogstra-autosport.nl\/?s={search_term_string}"},"query-input":{"@type":"PropertyValueSpecification","valueRequired":true,"valueName":"search_term_string"}}],"inLanguage":"de"}]}},"tiered_pricing_type":"fixed","tiered_pricing_fixed_rules":[],"tiered_pricing_product_settings":{"layout":"default","base_unit_name":{"singular":null,"plural":null},"default_variation":null},"tiered_pricing_minimum_quantity":null,"tiered_pricing_roles_data":[],"tiered_pricing_percentage_rules":[],"tiered_pricing_maximum_quantity":null,"tiered_pricing_quantity_step":null,"_links":{"self":[{"href":"https:\/\/www.hoogstra-autosport.nl\/de\/wp-json\/wp\/v2\/product\/26928","targetHints":{"allow":["GET"]}}],"collection":[{"href":"https:\/\/www.hoogstra-autosport.nl\/de\/wp-json\/wp\/v2\/product"}],"about":[{"href":"https:\/\/www.hoogstra-autosport.nl\/de\/wp-json\/wp\/v2\/types\/product"}],"wp:featuredmedia":[{"embeddable":true,"href":"https:\/\/www.hoogstra-autosport.nl\/de\/wp-json\/wp\/v2\/media\/73064"}],"wp:attachment":[{"href":"https:\/\/www.hoogstra-autosport.nl\/de\/wp-json\/wp\/v2\/media?parent=26928"}],"wp:term":[{"taxonomy":"product_brand","embeddable":true,"href":"https:\/\/www.hoogstra-autosport.nl\/de\/wp-json\/wp\/v2\/product_brand?post=26928"},{"taxonomy":"product_cat","embeddable":true,"href":"https:\/\/www.hoogstra-autosport.nl\/de\/wp-json\/wp\/v2\/product_cat?post=26928"},{"taxonomy":"product_tag","embeddable":true,"href":"https:\/\/www.hoogstra-autosport.nl\/de\/wp-json\/wp\/v2\/product_tag?post=26928"}],"curies":[{"name":"wp","href":"https:\/\/api.w.org\/{rel}","templated":true}]}}