{"id":26672,"date":"2020-01-08T14:35:57","date_gmt":"2020-01-08T13:35:57","guid":{"rendered":"https:\/\/www.hoogstra-autosport.nl\/?post_type=product&#038;p=26672"},"modified":"2024-11-12T13:55:37","modified_gmt":"2024-11-12T12:55:37","slug":"beltenick-stoel-fia-rst900-zwart-stof","status":"publish","type":"product","link":"https:\/\/www.hoogstra-autosport.nl\/de\/produkt\/beltenick-stoel-fia-rst900-zwart-stof\/","title":{"rendered":"Beltenick Stuhl FIA RST900 Schwarzer Stoff"},"content":{"rendered":"<p>Der Beltenick RST- 900 Sitz ist aus Fiberglas gefertigt. FIA 8855-1999<\/p>\n<p>Geeignet f\u00fcr das Hans-System<\/p>\n<p>Ideal f\u00fcr Reiter um Gewicht von 70-80 kg Small und von 80-95 kg Modell Large<\/p>\n<p>Siehe Fotos f\u00fcr Gr\u00f6\u00dfen<\/p>\n<p>FIA-Kennzeichnung<\/p>\n<p>&nbsp;<\/p>\n<p>&nbsp;<\/p>","protected":false},"excerpt":{"rendered":"<p>De Beltenick RST- 900\u00a0 stoel is gemaakt van fiberglass. FIA 8855-1999 Geschikt voor Hans-Systeem Ideaal voor rijders rond gewicht van 70-80 kilo Small en van 80-95 kilo model Large Zie fotos voor de maten FIA label &nbsp; &nbsp;<\/p>","protected":false},"featured_media":62756,"template":"","meta":{"_acf_changed":false},"product_brand":[],"product_cat":[4074,2701],"product_tag":[],"class_list":{"0":"post-26672","1":"product","2":"type-product","3":"status-publish","4":"has-post-thumbnail","6":"product_cat-beltenick","7":"product_cat-beltenick-stoelen","8":"product_shipping_class-4018","10":"first","11":"instock","12":"taxable","13":"shipping-taxable","14":"purchasable","15":"product-type-variable"},"acf":[],"yoast_head":"<!-- This site is optimized with the Yoast SEO plugin v27.1.1 - https:\/\/yoast.com\/product\/yoast-seo-wordpress\/ -->\n<title>Beltenick Stoel FIA RST900 Zwart Stof - Hoogstra Autosport<\/title>\n<meta name=\"description\" content=\"Stoel\" \/>\n<meta name=\"robots\" content=\"index, follow, max-snippet:-1, max-image-preview:large, max-video-preview:-1\" \/>\n<link rel=\"canonical\" href=\"https:\/\/www.hoogstra-autosport.nl\/de\/produkt\/beltenick-stoel-fia-rst900-zwart-stof\/\" \/>\n<meta property=\"og:locale\" content=\"de_DE\" \/>\n<meta property=\"og:type\" content=\"article\" \/>\n<meta property=\"og:title\" content=\"Beltenick Stoel FIA RST900 Zwart Stof - Hoogstra Autosport\" \/>\n<meta property=\"og:description\" content=\"Stoel\" \/>\n<meta property=\"og:url\" content=\"https:\/\/www.hoogstra-autosport.nl\/de\/produkt\/beltenick-stoel-fia-rst900-zwart-stof\/\" \/>\n<meta property=\"og:site_name\" content=\"Hoogstra Autosport\" \/>\n<meta property=\"article:modified_time\" content=\"2024-11-12T12:55:37+00:00\" \/>\n<meta property=\"og:image\" content=\"https:\/\/www.hoogstra-autosport.nl\/teamkoen\/content\/uploads\/2020\/01\/Beltenick-Stoel-FIA-RST900-Zwart-Stof.jpg\" \/>\n\t<meta property=\"og:image:width\" content=\"986\" \/>\n\t<meta property=\"og:image:height\" content=\"986\" \/>\n\t<meta property=\"og:image:type\" content=\"image\/jpeg\" \/>\n<meta name=\"twitter:card\" content=\"summary_large_image\" \/>\n<meta name=\"twitter:label1\" content=\"Gesch\u00e4tzte Lesezeit\" \/>\n\t<meta name=\"twitter:data1\" content=\"1\u00a0Minute\" \/>\n<script type=\"application\/ld+json\" class=\"yoast-schema-graph\">{\"@context\":\"https:\/\/schema.org\",\"@graph\":[{\"@type\":\"WebPage\",\"@id\":\"https:\/\/www.hoogstra-autosport.nl\/product\/beltenick-stoel-fia-rst900-zwart-stof\/\",\"url\":\"https:\/\/www.hoogstra-autosport.nl\/product\/beltenick-stoel-fia-rst900-zwart-stof\/\",\"name\":\"Beltenick Stoel FIA RST900 Zwart Stof - Hoogstra Autosport\",\"isPartOf\":{\"@id\":\"https:\/\/www.hoogstra-autosport.nl\/#website\"},\"primaryImageOfPage\":{\"@id\":\"https:\/\/www.hoogstra-autosport.nl\/product\/beltenick-stoel-fia-rst900-zwart-stof\/#primaryimage\"},\"image\":{\"@id\":\"https:\/\/www.hoogstra-autosport.nl\/product\/beltenick-stoel-fia-rst900-zwart-stof\/#primaryimage\"},\"thumbnailUrl\":\"https:\/\/www.hoogstra-autosport.nl\/teamkoen\/wp-content\/uploads\/2020\/01\/Beltenick-Stoel-FIA-RST900-Zwart-Stof.jpg\",\"datePublished\":\"2020-01-08T13:35:57+00:00\",\"dateModified\":\"2024-11-12T12:55:37+00:00\",\"description\":\"Stoel\",\"breadcrumb\":{\"@id\":\"https:\/\/www.hoogstra-autosport.nl\/product\/beltenick-stoel-fia-rst900-zwart-stof\/#breadcrumb\"},\"inLanguage\":\"de\",\"potentialAction\":[{\"@type\":\"ReadAction\",\"target\":[\"https:\/\/www.hoogstra-autosport.nl\/product\/beltenick-stoel-fia-rst900-zwart-stof\/\"]}]},{\"@type\":\"ImageObject\",\"inLanguage\":\"de\",\"@id\":\"https:\/\/www.hoogstra-autosport.nl\/product\/beltenick-stoel-fia-rst900-zwart-stof\/#primaryimage\",\"url\":\"https:\/\/www.hoogstra-autosport.nl\/teamkoen\/wp-content\/uploads\/2020\/01\/Beltenick-Stoel-FIA-RST900-Zwart-Stof.jpg\",\"contentUrl\":\"https:\/\/www.hoogstra-autosport.nl\/teamkoen\/wp-content\/uploads\/2020\/01\/Beltenick-Stoel-FIA-RST900-Zwart-Stof.jpg\",\"width\":986,\"height\":986},{\"@type\":\"BreadcrumbList\",\"@id\":\"https:\/\/www.hoogstra-autosport.nl\/product\/beltenick-stoel-fia-rst900-zwart-stof\/#breadcrumb\",\"itemListElement\":[{\"@type\":\"ListItem\",\"position\":1,\"name\":\"Home\",\"item\":\"https:\/\/www.hoogstra-autosport.nl\/\"},{\"@type\":\"ListItem\",\"position\":2,\"name\":\"Interieur\",\"item\":\"https:\/\/www.hoogstra-autosport.nl\/product-categorie\/remmen-brandstof-tanken\/\"},{\"@type\":\"ListItem\",\"position\":3,\"name\":\"Stoelen\",\"item\":\"https:\/\/www.hoogstra-autosport.nl\/product-categorie\/remmen-brandstof-tanken\/stoelen\/\"},{\"@type\":\"ListItem\",\"position\":4,\"name\":\"Beltenick Stoelen\",\"item\":\"https:\/\/www.hoogstra-autosport.nl\/product-categorie\/remmen-brandstof-tanken\/stoelen\/beltenick-stoelen\/\"},{\"@type\":\"ListItem\",\"position\":5,\"name\":\"Beltenick Stoel FIA RST900 Zwart Stof\"}]},{\"@type\":\"WebSite\",\"@id\":\"https:\/\/www.hoogstra-autosport.nl\/#website\",\"url\":\"https:\/\/www.hoogstra-autosport.nl\/\",\"name\":\"Hoogstra Autosport\",\"description\":\"Performance Autosport Parts!\",\"potentialAction\":[{\"@type\":\"SearchAction\",\"target\":{\"@type\":\"EntryPoint\",\"urlTemplate\":\"https:\/\/www.hoogstra-autosport.nl\/?s={search_term_string}\"},\"query-input\":{\"@type\":\"PropertyValueSpecification\",\"valueRequired\":true,\"valueName\":\"search_term_string\"}}],\"inLanguage\":\"de\"}]}<\/script>\n<!-- \/ Yoast SEO plugin. -->","yoast_head_json":{"title":"Beltenick Stoel FIA RST900 Zwart Stof - Hoogstra Autosport","description":"Stoel","robots":{"index":"index","follow":"follow","max-snippet":"max-snippet:-1","max-image-preview":"max-image-preview:large","max-video-preview":"max-video-preview:-1"},"canonical":"https:\/\/www.hoogstra-autosport.nl\/de\/produkt\/beltenick-stoel-fia-rst900-zwart-stof\/","og_locale":"de_DE","og_type":"article","og_title":"Beltenick Stoel FIA RST900 Zwart Stof - Hoogstra Autosport","og_description":"Stoel","og_url":"https:\/\/www.hoogstra-autosport.nl\/de\/produkt\/beltenick-stoel-fia-rst900-zwart-stof\/","og_site_name":"Hoogstra Autosport","article_modified_time":"2024-11-12T12:55:37+00:00","og_image":[{"width":986,"height":986,"url":"https:\/\/www.hoogstra-autosport.nl\/teamkoen\/content\/uploads\/2020\/01\/Beltenick-Stoel-FIA-RST900-Zwart-Stof.jpg","type":"image\/jpeg"}],"twitter_card":"summary_large_image","twitter_misc":{"Gesch\u00e4tzte Lesezeit":"1\u00a0Minute"},"schema":{"@context":"https:\/\/schema.org","@graph":[{"@type":"WebPage","@id":"https:\/\/www.hoogstra-autosport.nl\/product\/beltenick-stoel-fia-rst900-zwart-stof\/","url":"https:\/\/www.hoogstra-autosport.nl\/product\/beltenick-stoel-fia-rst900-zwart-stof\/","name":"Beltenick Stoel FIA RST900 Zwart Stof - Hoogstra Autosport","isPartOf":{"@id":"https:\/\/www.hoogstra-autosport.nl\/#website"},"primaryImageOfPage":{"@id":"https:\/\/www.hoogstra-autosport.nl\/product\/beltenick-stoel-fia-rst900-zwart-stof\/#primaryimage"},"image":{"@id":"https:\/\/www.hoogstra-autosport.nl\/product\/beltenick-stoel-fia-rst900-zwart-stof\/#primaryimage"},"thumbnailUrl":"https:\/\/www.hoogstra-autosport.nl\/teamkoen\/wp-content\/uploads\/2020\/01\/Beltenick-Stoel-FIA-RST900-Zwart-Stof.jpg","datePublished":"2020-01-08T13:35:57+00:00","dateModified":"2024-11-12T12:55:37+00:00","description":"Stoel","breadcrumb":{"@id":"https:\/\/www.hoogstra-autosport.nl\/product\/beltenick-stoel-fia-rst900-zwart-stof\/#breadcrumb"},"inLanguage":"de","potentialAction":[{"@type":"ReadAction","target":["https:\/\/www.hoogstra-autosport.nl\/product\/beltenick-stoel-fia-rst900-zwart-stof\/"]}]},{"@type":"ImageObject","inLanguage":"de","@id":"https:\/\/www.hoogstra-autosport.nl\/product\/beltenick-stoel-fia-rst900-zwart-stof\/#primaryimage","url":"https:\/\/www.hoogstra-autosport.nl\/teamkoen\/wp-content\/uploads\/2020\/01\/Beltenick-Stoel-FIA-RST900-Zwart-Stof.jpg","contentUrl":"https:\/\/www.hoogstra-autosport.nl\/teamkoen\/wp-content\/uploads\/2020\/01\/Beltenick-Stoel-FIA-RST900-Zwart-Stof.jpg","width":986,"height":986},{"@type":"BreadcrumbList","@id":"https:\/\/www.hoogstra-autosport.nl\/product\/beltenick-stoel-fia-rst900-zwart-stof\/#breadcrumb","itemListElement":[{"@type":"ListItem","position":1,"name":"Home","item":"https:\/\/www.hoogstra-autosport.nl\/"},{"@type":"ListItem","position":2,"name":"Interieur","item":"https:\/\/www.hoogstra-autosport.nl\/product-categorie\/remmen-brandstof-tanken\/"},{"@type":"ListItem","position":3,"name":"Stoelen","item":"https:\/\/www.hoogstra-autosport.nl\/product-categorie\/remmen-brandstof-tanken\/stoelen\/"},{"@type":"ListItem","position":4,"name":"Beltenick Stoelen","item":"https:\/\/www.hoogstra-autosport.nl\/product-categorie\/remmen-brandstof-tanken\/stoelen\/beltenick-stoelen\/"},{"@type":"ListItem","position":5,"name":"Beltenick Stoel FIA RST900 Zwart Stof"}]},{"@type":"WebSite","@id":"https:\/\/www.hoogstra-autosport.nl\/#website","url":"https:\/\/www.hoogstra-autosport.nl\/","name":"Hoogstra Autosport","description":"Performance Autosport Parts!","potentialAction":[{"@type":"SearchAction","target":{"@type":"EntryPoint","urlTemplate":"https:\/\/www.hoogstra-autosport.nl\/?s={search_term_string}"},"query-input":{"@type":"PropertyValueSpecification","valueRequired":true,"valueName":"search_term_string"}}],"inLanguage":"de"}]}},"tiered_pricing_type":"fixed","tiered_pricing_fixed_rules":[],"tiered_pricing_product_settings":{"layout":"default","base_unit_name":{"singular":null,"plural":null},"default_variation":null},"tiered_pricing_minimum_quantity":null,"tiered_pricing_roles_data":[],"tiered_pricing_percentage_rules":[],"tiered_pricing_maximum_quantity":null,"tiered_pricing_quantity_step":null,"_links":{"self":[{"href":"https:\/\/www.hoogstra-autosport.nl\/de\/wp-json\/wp\/v2\/product\/26672","targetHints":{"allow":["GET"]}}],"collection":[{"href":"https:\/\/www.hoogstra-autosport.nl\/de\/wp-json\/wp\/v2\/product"}],"about":[{"href":"https:\/\/www.hoogstra-autosport.nl\/de\/wp-json\/wp\/v2\/types\/product"}],"wp:featuredmedia":[{"embeddable":true,"href":"https:\/\/www.hoogstra-autosport.nl\/de\/wp-json\/wp\/v2\/media\/62756"}],"wp:attachment":[{"href":"https:\/\/www.hoogstra-autosport.nl\/de\/wp-json\/wp\/v2\/media?parent=26672"}],"wp:term":[{"taxonomy":"product_brand","embeddable":true,"href":"https:\/\/www.hoogstra-autosport.nl\/de\/wp-json\/wp\/v2\/product_brand?post=26672"},{"taxonomy":"product_cat","embeddable":true,"href":"https:\/\/www.hoogstra-autosport.nl\/de\/wp-json\/wp\/v2\/product_cat?post=26672"},{"taxonomy":"product_tag","embeddable":true,"href":"https:\/\/www.hoogstra-autosport.nl\/de\/wp-json\/wp\/v2\/product_tag?post=26672"}],"curies":[{"name":"wp","href":"https:\/\/api.w.org\/{rel}","templated":true}]}}