{"id":13789,"date":"2018-12-20T09:25:14","date_gmt":"2018-12-20T09:25:14","guid":{"rendered":"http:\/\/hoogstra-autosport.nl\/?product=cross-3-original-6-rij"},"modified":"2025-11-21T12:06:42","modified_gmt":"2025-11-21T11:06:42","slug":"cross-3-original-6-rij","status":"publish","type":"product","link":"https:\/\/www.hoogstra-autosport.nl\/de\/produkt\/cross-3-original-6-rij\/","title":{"rendered":"Kreuz 3 Original 6-reihig"},"content":{"rendered":"<p>Kreuz 3<\/p>\n<p>Das Profil Original Immler Cross 3<\/p>\n<p>Das richtige Profil f\u00fcr eine Lehmstrecke, die austrocknet und h\u00e4rter wird. Gute Traktion sowohl auf dem Antriebs- als auch auf dem Lenkradreifen.<\/p>\n<p>Kann in jeder Gr\u00f6\u00dfe hergestellt werden<\/p>\n<p>Als Beispiel einige Gr\u00f6\u00dfen auf Bestellung, die jedoch an Ihre Bed\u00fcrfnisse angepasst werden k\u00f6nnen<\/p>","protected":false},"excerpt":{"rendered":"<p>Cross 3 Het profiel Original Immler Cross 3 Juiste profiel voor een kleibaan de aan het opdrogen is en harder word. Goede tractie op zowel de aangedreven als de stuurbanden. Te maken in elke maat Als voorbeeld een aantal maten om te bestellen maar deze zijn aan te passen naar wens<\/p>","protected":false},"featured_media":93522,"template":"","meta":{"_acf_changed":false},"product_brand":[],"product_cat":[2889],"product_tag":[],"class_list":{"0":"post-13789","1":"product","2":"type-product","3":"status-publish","4":"has-post-thumbnail","6":"product_cat-cross-3-immler-original","7":"product_shipping_class-4017","9":"first","10":"instock","11":"taxable","12":"shipping-taxable","13":"purchasable","14":"product-type-variable"},"acf":[],"yoast_head":"<!-- This site is optimized with the Yoast SEO plugin v27.1.1 - https:\/\/yoast.com\/product\/yoast-seo-wordpress\/ -->\n<title>Cross 3 Original 6 rij - Hoogstra Autosport<\/title>\n<meta name=\"robots\" content=\"index, follow, max-snippet:-1, max-image-preview:large, max-video-preview:-1\" \/>\n<link rel=\"canonical\" href=\"https:\/\/www.hoogstra-autosport.nl\/de\/produkt\/cross-3-original-6-rij\/\" \/>\n<meta property=\"og:locale\" content=\"de_DE\" \/>\n<meta property=\"og:type\" content=\"article\" \/>\n<meta property=\"og:title\" content=\"Cross 3 Original 6 rij - Hoogstra Autosport\" \/>\n<meta property=\"og:description\" content=\"Cross 3 Het profiel Original Immler Cross 3 Juiste profiel voor een kleibaan de aan het opdrogen is en harder word. Goede tractie op zowel de aangedreven als de stuurbanden. Te maken in elke maat Als voorbeeld een aantal maten om te bestellen maar deze zijn aan te passen naar wens\" \/>\n<meta property=\"og:url\" content=\"https:\/\/www.hoogstra-autosport.nl\/de\/produkt\/cross-3-original-6-rij\/\" \/>\n<meta property=\"og:site_name\" content=\"Hoogstra Autosport\" \/>\n<meta property=\"article:modified_time\" content=\"2025-11-21T11:06:42+00:00\" \/>\n<meta property=\"og:image\" content=\"https:\/\/www.hoogstra-autosport.nl\/teamkoen\/wp-content\/uploads\/2018\/12\/processed-665F3EB1-28FA-4F35-A724-C9F1C74C9946.jpeg\" \/>\n\t<meta property=\"og:image:width\" content=\"1870\" \/>\n\t<meta property=\"og:image:height\" content=\"1870\" \/>\n\t<meta property=\"og:image:type\" content=\"image\/jpeg\" \/>\n<meta name=\"twitter:card\" content=\"summary_large_image\" \/>\n<meta name=\"twitter:label1\" content=\"Gesch\u00e4tzte Lesezeit\" \/>\n\t<meta name=\"twitter:data1\" content=\"1\u00a0Minute\" \/>\n<script type=\"application\/ld+json\" class=\"yoast-schema-graph\">{\"@context\":\"https:\/\/schema.org\",\"@graph\":[{\"@type\":\"WebPage\",\"@id\":\"https:\/\/www.hoogstra-autosport.nl\/product\/cross-3-original-6-rij\/\",\"url\":\"https:\/\/www.hoogstra-autosport.nl\/product\/cross-3-original-6-rij\/\",\"name\":\"Cross 3 Original 6 rij - Hoogstra Autosport\",\"isPartOf\":{\"@id\":\"https:\/\/www.hoogstra-autosport.nl\/#website\"},\"primaryImageOfPage\":{\"@id\":\"https:\/\/www.hoogstra-autosport.nl\/product\/cross-3-original-6-rij\/#primaryimage\"},\"image\":{\"@id\":\"https:\/\/www.hoogstra-autosport.nl\/product\/cross-3-original-6-rij\/#primaryimage\"},\"thumbnailUrl\":\"https:\/\/www.hoogstra-autosport.nl\/teamkoen\/wp-content\/uploads\/2018\/12\/processed-665F3EB1-28FA-4F35-A724-C9F1C74C9946.jpeg\",\"datePublished\":\"2018-12-20T09:25:14+00:00\",\"dateModified\":\"2025-11-21T11:06:42+00:00\",\"breadcrumb\":{\"@id\":\"https:\/\/www.hoogstra-autosport.nl\/product\/cross-3-original-6-rij\/#breadcrumb\"},\"inLanguage\":\"de\",\"potentialAction\":[{\"@type\":\"ReadAction\",\"target\":[\"https:\/\/www.hoogstra-autosport.nl\/product\/cross-3-original-6-rij\/\"]}]},{\"@type\":\"ImageObject\",\"inLanguage\":\"de\",\"@id\":\"https:\/\/www.hoogstra-autosport.nl\/product\/cross-3-original-6-rij\/#primaryimage\",\"url\":\"https:\/\/www.hoogstra-autosport.nl\/teamkoen\/wp-content\/uploads\/2018\/12\/processed-665F3EB1-28FA-4F35-A724-C9F1C74C9946.jpeg\",\"contentUrl\":\"https:\/\/www.hoogstra-autosport.nl\/teamkoen\/wp-content\/uploads\/2018\/12\/processed-665F3EB1-28FA-4F35-A724-C9F1C74C9946.jpeg\",\"width\":1870,\"height\":1870},{\"@type\":\"BreadcrumbList\",\"@id\":\"https:\/\/www.hoogstra-autosport.nl\/product\/cross-3-original-6-rij\/#breadcrumb\",\"itemListElement\":[{\"@type\":\"ListItem\",\"position\":1,\"name\":\"Home\",\"item\":\"https:\/\/www.hoogstra-autosport.nl\/\"},{\"@type\":\"ListItem\",\"position\":2,\"name\":\"Banden &amp; Velgen\",\"item\":\"https:\/\/www.hoogstra-autosport.nl\/product-categorie\/autocrossbanden-en-velgen\/\"},{\"@type\":\"ListItem\",\"position\":3,\"name\":\"Autocross Banden\",\"item\":\"https:\/\/www.hoogstra-autosport.nl\/product-categorie\/autocrossbanden-en-velgen\/autocross-banden\/\"},{\"@type\":\"ListItem\",\"position\":4,\"name\":\"IMMLER Banden Reifen Original\",\"item\":\"https:\/\/www.hoogstra-autosport.nl\/product-categorie\/autocrossbanden-en-velgen\/autocross-banden\/immler-banden-reifen-original\/\"},{\"@type\":\"ListItem\",\"position\":5,\"name\":\"Cross 3 Immler Original\",\"item\":\"https:\/\/www.hoogstra-autosport.nl\/product-categorie\/autocrossbanden-en-velgen\/autocross-banden\/immler-banden-reifen-original\/cross-3-immler-original\/\"},{\"@type\":\"ListItem\",\"position\":6,\"name\":\"Cross 3 Original 6 rij\"}]},{\"@type\":\"WebSite\",\"@id\":\"https:\/\/www.hoogstra-autosport.nl\/#website\",\"url\":\"https:\/\/www.hoogstra-autosport.nl\/\",\"name\":\"Hoogstra Autosport\",\"description\":\"Performance Autosport Parts!\",\"potentialAction\":[{\"@type\":\"SearchAction\",\"target\":{\"@type\":\"EntryPoint\",\"urlTemplate\":\"https:\/\/www.hoogstra-autosport.nl\/?s={search_term_string}\"},\"query-input\":{\"@type\":\"PropertyValueSpecification\",\"valueRequired\":true,\"valueName\":\"search_term_string\"}}],\"inLanguage\":\"de\"}]}<\/script>\n<!-- \/ Yoast SEO plugin. -->","yoast_head_json":{"title":"Cross 3 Original 6 rij - Hoogstra Autosport","robots":{"index":"index","follow":"follow","max-snippet":"max-snippet:-1","max-image-preview":"max-image-preview:large","max-video-preview":"max-video-preview:-1"},"canonical":"https:\/\/www.hoogstra-autosport.nl\/de\/produkt\/cross-3-original-6-rij\/","og_locale":"de_DE","og_type":"article","og_title":"Cross 3 Original 6 rij - Hoogstra Autosport","og_description":"Cross 3 Het profiel Original Immler Cross 3 Juiste profiel voor een kleibaan de aan het opdrogen is en harder word. Goede tractie op zowel de aangedreven als de stuurbanden. Te maken in elke maat Als voorbeeld een aantal maten om te bestellen maar deze zijn aan te passen naar wens","og_url":"https:\/\/www.hoogstra-autosport.nl\/de\/produkt\/cross-3-original-6-rij\/","og_site_name":"Hoogstra Autosport","article_modified_time":"2025-11-21T11:06:42+00:00","og_image":[{"width":1870,"height":1870,"url":"https:\/\/www.hoogstra-autosport.nl\/teamkoen\/wp-content\/uploads\/2018\/12\/processed-665F3EB1-28FA-4F35-A724-C9F1C74C9946.jpeg","type":"image\/jpeg"}],"twitter_card":"summary_large_image","twitter_misc":{"Gesch\u00e4tzte Lesezeit":"1\u00a0Minute"},"schema":{"@context":"https:\/\/schema.org","@graph":[{"@type":"WebPage","@id":"https:\/\/www.hoogstra-autosport.nl\/product\/cross-3-original-6-rij\/","url":"https:\/\/www.hoogstra-autosport.nl\/product\/cross-3-original-6-rij\/","name":"Cross 3 Original 6 rij - Hoogstra Autosport","isPartOf":{"@id":"https:\/\/www.hoogstra-autosport.nl\/#website"},"primaryImageOfPage":{"@id":"https:\/\/www.hoogstra-autosport.nl\/product\/cross-3-original-6-rij\/#primaryimage"},"image":{"@id":"https:\/\/www.hoogstra-autosport.nl\/product\/cross-3-original-6-rij\/#primaryimage"},"thumbnailUrl":"https:\/\/www.hoogstra-autosport.nl\/teamkoen\/wp-content\/uploads\/2018\/12\/processed-665F3EB1-28FA-4F35-A724-C9F1C74C9946.jpeg","datePublished":"2018-12-20T09:25:14+00:00","dateModified":"2025-11-21T11:06:42+00:00","breadcrumb":{"@id":"https:\/\/www.hoogstra-autosport.nl\/product\/cross-3-original-6-rij\/#breadcrumb"},"inLanguage":"de","potentialAction":[{"@type":"ReadAction","target":["https:\/\/www.hoogstra-autosport.nl\/product\/cross-3-original-6-rij\/"]}]},{"@type":"ImageObject","inLanguage":"de","@id":"https:\/\/www.hoogstra-autosport.nl\/product\/cross-3-original-6-rij\/#primaryimage","url":"https:\/\/www.hoogstra-autosport.nl\/teamkoen\/wp-content\/uploads\/2018\/12\/processed-665F3EB1-28FA-4F35-A724-C9F1C74C9946.jpeg","contentUrl":"https:\/\/www.hoogstra-autosport.nl\/teamkoen\/wp-content\/uploads\/2018\/12\/processed-665F3EB1-28FA-4F35-A724-C9F1C74C9946.jpeg","width":1870,"height":1870},{"@type":"BreadcrumbList","@id":"https:\/\/www.hoogstra-autosport.nl\/product\/cross-3-original-6-rij\/#breadcrumb","itemListElement":[{"@type":"ListItem","position":1,"name":"Home","item":"https:\/\/www.hoogstra-autosport.nl\/"},{"@type":"ListItem","position":2,"name":"Banden &amp; Velgen","item":"https:\/\/www.hoogstra-autosport.nl\/product-categorie\/autocrossbanden-en-velgen\/"},{"@type":"ListItem","position":3,"name":"Autocross Banden","item":"https:\/\/www.hoogstra-autosport.nl\/product-categorie\/autocrossbanden-en-velgen\/autocross-banden\/"},{"@type":"ListItem","position":4,"name":"IMMLER Banden Reifen Original","item":"https:\/\/www.hoogstra-autosport.nl\/product-categorie\/autocrossbanden-en-velgen\/autocross-banden\/immler-banden-reifen-original\/"},{"@type":"ListItem","position":5,"name":"Cross 3 Immler Original","item":"https:\/\/www.hoogstra-autosport.nl\/product-categorie\/autocrossbanden-en-velgen\/autocross-banden\/immler-banden-reifen-original\/cross-3-immler-original\/"},{"@type":"ListItem","position":6,"name":"Cross 3 Original 6 rij"}]},{"@type":"WebSite","@id":"https:\/\/www.hoogstra-autosport.nl\/#website","url":"https:\/\/www.hoogstra-autosport.nl\/","name":"Hoogstra Autosport","description":"Performance Autosport Parts!","potentialAction":[{"@type":"SearchAction","target":{"@type":"EntryPoint","urlTemplate":"https:\/\/www.hoogstra-autosport.nl\/?s={search_term_string}"},"query-input":{"@type":"PropertyValueSpecification","valueRequired":true,"valueName":"search_term_string"}}],"inLanguage":"de"}]}},"tiered_pricing_type":"fixed","tiered_pricing_fixed_rules":[],"tiered_pricing_product_settings":{"layout":"default","base_unit_name":{"singular":null,"plural":null},"default_variation":null},"tiered_pricing_minimum_quantity":null,"tiered_pricing_roles_data":[],"tiered_pricing_percentage_rules":[],"tiered_pricing_maximum_quantity":null,"tiered_pricing_quantity_step":null,"_links":{"self":[{"href":"https:\/\/www.hoogstra-autosport.nl\/de\/wp-json\/wp\/v2\/product\/13789","targetHints":{"allow":["GET"]}}],"collection":[{"href":"https:\/\/www.hoogstra-autosport.nl\/de\/wp-json\/wp\/v2\/product"}],"about":[{"href":"https:\/\/www.hoogstra-autosport.nl\/de\/wp-json\/wp\/v2\/types\/product"}],"wp:featuredmedia":[{"embeddable":true,"href":"https:\/\/www.hoogstra-autosport.nl\/de\/wp-json\/wp\/v2\/media\/93522"}],"wp:attachment":[{"href":"https:\/\/www.hoogstra-autosport.nl\/de\/wp-json\/wp\/v2\/media?parent=13789"}],"wp:term":[{"taxonomy":"product_brand","embeddable":true,"href":"https:\/\/www.hoogstra-autosport.nl\/de\/wp-json\/wp\/v2\/product_brand?post=13789"},{"taxonomy":"product_cat","embeddable":true,"href":"https:\/\/www.hoogstra-autosport.nl\/de\/wp-json\/wp\/v2\/product_cat?post=13789"},{"taxonomy":"product_tag","embeddable":true,"href":"https:\/\/www.hoogstra-autosport.nl\/de\/wp-json\/wp\/v2\/product_tag?post=13789"}],"curies":[{"name":"wp","href":"https:\/\/api.w.org\/{rel}","templated":true}]}}