{"id":13560,"date":"2018-10-29T17:34:35","date_gmt":"2018-10-29T16:34:35","guid":{"rendered":"http:\/\/hoogstra-autosport.nl\/?product=pedaal-box-obp-racing-kabelOBPKC011"},"modified":"2025-12-12T10:52:57","modified_gmt":"2025-12-12T09:52:57","slug":"pedaal-box-obp-racing-kabelobpkc011","status":"publish","type":"product","link":"https:\/\/www.hoogstra-autosport.nl\/de\/produkt\/pedaal-box-obp-racing-kabelobpkc011\/","title":{"rendered":"Pedal Box OBP Rennkabel"},"content":{"rendered":"<p>Kitcar Pedalbox Kabelkupplung<\/p>\n<p>Enth\u00e4lt 2 Hauptzylinder<\/p>\n<p>Breite 24 cm<\/p>\n<p>H\u00f6he 28 cm<\/p>\n<p>Zylinder mit Gewinde haben einen 3\/8-Ausgang und einen 7\/16-Eingang<\/p>\n<p>Kit Auto Kabel Kupplung Pedal Box OBPKC011<\/p>\n<p>Kit contents: 3 Pedal Kit Car Cable Clutch Pedal Box with Bias Bar &amp; 2x Master Cylinders.<\/p>\n<p>Gr\u00f6\u00dfe: 275mm (H) x 242 (B) x 130 (T) (Ungef\u00e4hre Ma\u00dfe)<\/p>\n<p>SUPER-BUDGET-PREIS F\u00dcR SIE KIT-CAR-ENTHUSIASTEN.<\/p>\n<p>Sie k\u00f6nnen jetzt ein hochwertiges obp-Produkt zu einem erstaunlichen Preis erhalten.<\/p>\n<p>Kit Car Pedal Box Universal Car Fitment, dies wird alle Arten von Kit Car passen. Luego, Tiger, MK, Westfield, Locost, Haynes Roadster etc.<\/p>\n<p>Die Pedalbox wird mit einem 25 mm x 25 mm gro\u00dfen Ausschnitt auf der R\u00fcckseite geliefert, der \u00fcber die untere Schiene im Fu\u00dfraum passt.<\/p>\n<p>Das Ger\u00e4t wird an der Stirnwand befestigt und mit dem Boden verschraubt.<\/p>\n<p>Diese Einheit wurde von obp, dem f\u00fchrenden Hersteller von Pedalboxen in Europa, speziell f\u00fcr Kit Car-Enthusiasten entwickelt und hergestellt.<\/p>\n<p>Obp stellt alle diese Produkte in England her.<\/p>","protected":false},"excerpt":{"rendered":"<p>Kitcar pedaal box Kabel Koppeling Inclusief 2 hoofdremcilinders Breed 24 cm Hoog 28 cm Draad cilinders is 3\/8 uitgang en 7\/16 ingang Kit Car Cable Clutch Pedal Box OBPKC011 Kit contents: 3 Pedal Kit Car Cable Clutch Pedal Box with Bias Bar &amp; 2x Master Cylinders. Size: 275mm (H) x 242 (W) x 130 (D) [&hellip;]<\/p>\n","protected":false},"featured_media":95209,"template":"","meta":{"_acf_changed":false},"product_brand":[],"product_cat":[2761],"product_tag":[],"class_list":{"0":"post-13560","1":"product","2":"type-product","3":"status-publish","4":"has-post-thumbnail","6":"product_cat-pedaal-boxen","7":"product_shipping_class-4016","9":"first","10":"instock","11":"taxable","12":"shipping-taxable","13":"purchasable","14":"product-type-simple"},"acf":[],"yoast_head":"<!-- This site is optimized with the Yoast SEO plugin v27.1.1 - https:\/\/yoast.com\/product\/yoast-seo-wordpress\/ -->\n<title>Pedaal Box OBP racing Kabel - Hoogstra Autosport<\/title>\n<meta name=\"robots\" content=\"index, follow, max-snippet:-1, max-image-preview:large, max-video-preview:-1\" \/>\n<link rel=\"canonical\" href=\"https:\/\/www.hoogstra-autosport.nl\/de\/produkt\/pedaal-box-obp-racing-kabelobpkc011\/\" \/>\n<meta property=\"og:locale\" content=\"de_DE\" \/>\n<meta property=\"og:type\" content=\"article\" \/>\n<meta property=\"og:title\" content=\"Pedaal Box OBP racing Kabel - Hoogstra Autosport\" \/>\n<meta property=\"og:description\" content=\"Kitcar pedaal box Kabel Koppeling Inclusief 2 hoofdremcilinders Breed 24 cm Hoog 28 cm Draad cilinders is 3\/8 uitgang en 7\/16 ingang Kit Car Cable Clutch Pedal Box OBPKC011 Kit contents: 3 Pedal Kit Car Cable Clutch Pedal Box with Bias Bar &amp; 2x Master Cylinders. Size: 275mm (H) x 242 (W) x 130 (D) [&hellip;]\" \/>\n<meta property=\"og:url\" content=\"https:\/\/www.hoogstra-autosport.nl\/de\/produkt\/pedaal-box-obp-racing-kabelobpkc011\/\" \/>\n<meta property=\"og:site_name\" content=\"Hoogstra Autosport\" \/>\n<meta property=\"article:modified_time\" content=\"2025-12-12T09:52:57+00:00\" \/>\n<meta property=\"og:image\" content=\"https:\/\/www.hoogstra-autosport.nl\/teamkoen\/wp-content\/uploads\/2018\/10\/Untitled-Project-80.jpg\" \/>\n\t<meta property=\"og:image:width\" content=\"1080\" \/>\n\t<meta property=\"og:image:height\" content=\"1080\" \/>\n\t<meta property=\"og:image:type\" content=\"image\/jpeg\" \/>\n<meta name=\"twitter:card\" content=\"summary_large_image\" \/>\n<meta name=\"twitter:label1\" content=\"Gesch\u00e4tzte Lesezeit\" \/>\n\t<meta name=\"twitter:data1\" content=\"2\u00a0Minuten\" \/>\n<script type=\"application\/ld+json\" class=\"yoast-schema-graph\">{\"@context\":\"https:\/\/schema.org\",\"@graph\":[{\"@type\":\"WebPage\",\"@id\":\"https:\/\/www.hoogstra-autosport.nl\/product\/pedaal-box-obp-racing-kabelobpkc011\/\",\"url\":\"https:\/\/www.hoogstra-autosport.nl\/product\/pedaal-box-obp-racing-kabelobpkc011\/\",\"name\":\"Pedaal Box OBP racing Kabel - Hoogstra Autosport\",\"isPartOf\":{\"@id\":\"https:\/\/www.hoogstra-autosport.nl\/#website\"},\"primaryImageOfPage\":{\"@id\":\"https:\/\/www.hoogstra-autosport.nl\/product\/pedaal-box-obp-racing-kabelobpkc011\/#primaryimage\"},\"image\":{\"@id\":\"https:\/\/www.hoogstra-autosport.nl\/product\/pedaal-box-obp-racing-kabelobpkc011\/#primaryimage\"},\"thumbnailUrl\":\"https:\/\/www.hoogstra-autosport.nl\/teamkoen\/wp-content\/uploads\/2018\/10\/Untitled-Project-80.jpg\",\"datePublished\":\"2018-10-29T16:34:35+00:00\",\"dateModified\":\"2025-12-12T09:52:57+00:00\",\"breadcrumb\":{\"@id\":\"https:\/\/www.hoogstra-autosport.nl\/product\/pedaal-box-obp-racing-kabelobpkc011\/#breadcrumb\"},\"inLanguage\":\"de\",\"potentialAction\":[{\"@type\":\"ReadAction\",\"target\":[\"https:\/\/www.hoogstra-autosport.nl\/product\/pedaal-box-obp-racing-kabelobpkc011\/\"]}]},{\"@type\":\"ImageObject\",\"inLanguage\":\"de\",\"@id\":\"https:\/\/www.hoogstra-autosport.nl\/product\/pedaal-box-obp-racing-kabelobpkc011\/#primaryimage\",\"url\":\"https:\/\/www.hoogstra-autosport.nl\/teamkoen\/wp-content\/uploads\/2018\/10\/Untitled-Project-80.jpg\",\"contentUrl\":\"https:\/\/www.hoogstra-autosport.nl\/teamkoen\/wp-content\/uploads\/2018\/10\/Untitled-Project-80.jpg\",\"width\":1080,\"height\":1080},{\"@type\":\"BreadcrumbList\",\"@id\":\"https:\/\/www.hoogstra-autosport.nl\/product\/pedaal-box-obp-racing-kabelobpkc011\/#breadcrumb\",\"itemListElement\":[{\"@type\":\"ListItem\",\"position\":1,\"name\":\"Home\",\"item\":\"https:\/\/www.hoogstra-autosport.nl\/\"},{\"@type\":\"ListItem\",\"position\":2,\"name\":\"Remmen\",\"item\":\"https:\/\/www.hoogstra-autosport.nl\/product-categorie\/remmen-2\/\"},{\"@type\":\"ListItem\",\"position\":3,\"name\":\"Pedaal Boxen\",\"item\":\"https:\/\/www.hoogstra-autosport.nl\/product-categorie\/remmen-2\/pedaal-boxen\/\"},{\"@type\":\"ListItem\",\"position\":4,\"name\":\"Pedaal Box OBP racing Kabel\"}]},{\"@type\":\"WebSite\",\"@id\":\"https:\/\/www.hoogstra-autosport.nl\/#website\",\"url\":\"https:\/\/www.hoogstra-autosport.nl\/\",\"name\":\"Hoogstra Autosport\",\"description\":\"Performance Autosport Parts!\",\"potentialAction\":[{\"@type\":\"SearchAction\",\"target\":{\"@type\":\"EntryPoint\",\"urlTemplate\":\"https:\/\/www.hoogstra-autosport.nl\/?s={search_term_string}\"},\"query-input\":{\"@type\":\"PropertyValueSpecification\",\"valueRequired\":true,\"valueName\":\"search_term_string\"}}],\"inLanguage\":\"de\"}]}<\/script>\n<!-- \/ Yoast SEO plugin. -->","yoast_head_json":{"title":"Pedaal Box OBP racing Kabel - Hoogstra Autosport","robots":{"index":"index","follow":"follow","max-snippet":"max-snippet:-1","max-image-preview":"max-image-preview:large","max-video-preview":"max-video-preview:-1"},"canonical":"https:\/\/www.hoogstra-autosport.nl\/de\/produkt\/pedaal-box-obp-racing-kabelobpkc011\/","og_locale":"de_DE","og_type":"article","og_title":"Pedaal Box OBP racing Kabel - Hoogstra Autosport","og_description":"Kitcar pedaal box Kabel Koppeling Inclusief 2 hoofdremcilinders Breed 24 cm Hoog 28 cm Draad cilinders is 3\/8 uitgang en 7\/16 ingang Kit Car Cable Clutch Pedal Box OBPKC011 Kit contents: 3 Pedal Kit Car Cable Clutch Pedal Box with Bias Bar &amp; 2x Master Cylinders. Size: 275mm (H) x 242 (W) x 130 (D) [&hellip;]","og_url":"https:\/\/www.hoogstra-autosport.nl\/de\/produkt\/pedaal-box-obp-racing-kabelobpkc011\/","og_site_name":"Hoogstra Autosport","article_modified_time":"2025-12-12T09:52:57+00:00","og_image":[{"width":1080,"height":1080,"url":"https:\/\/www.hoogstra-autosport.nl\/teamkoen\/wp-content\/uploads\/2018\/10\/Untitled-Project-80.jpg","type":"image\/jpeg"}],"twitter_card":"summary_large_image","twitter_misc":{"Gesch\u00e4tzte Lesezeit":"2\u00a0Minuten"},"schema":{"@context":"https:\/\/schema.org","@graph":[{"@type":"WebPage","@id":"https:\/\/www.hoogstra-autosport.nl\/product\/pedaal-box-obp-racing-kabelobpkc011\/","url":"https:\/\/www.hoogstra-autosport.nl\/product\/pedaal-box-obp-racing-kabelobpkc011\/","name":"Pedaal Box OBP racing Kabel - Hoogstra Autosport","isPartOf":{"@id":"https:\/\/www.hoogstra-autosport.nl\/#website"},"primaryImageOfPage":{"@id":"https:\/\/www.hoogstra-autosport.nl\/product\/pedaal-box-obp-racing-kabelobpkc011\/#primaryimage"},"image":{"@id":"https:\/\/www.hoogstra-autosport.nl\/product\/pedaal-box-obp-racing-kabelobpkc011\/#primaryimage"},"thumbnailUrl":"https:\/\/www.hoogstra-autosport.nl\/teamkoen\/wp-content\/uploads\/2018\/10\/Untitled-Project-80.jpg","datePublished":"2018-10-29T16:34:35+00:00","dateModified":"2025-12-12T09:52:57+00:00","breadcrumb":{"@id":"https:\/\/www.hoogstra-autosport.nl\/product\/pedaal-box-obp-racing-kabelobpkc011\/#breadcrumb"},"inLanguage":"de","potentialAction":[{"@type":"ReadAction","target":["https:\/\/www.hoogstra-autosport.nl\/product\/pedaal-box-obp-racing-kabelobpkc011\/"]}]},{"@type":"ImageObject","inLanguage":"de","@id":"https:\/\/www.hoogstra-autosport.nl\/product\/pedaal-box-obp-racing-kabelobpkc011\/#primaryimage","url":"https:\/\/www.hoogstra-autosport.nl\/teamkoen\/wp-content\/uploads\/2018\/10\/Untitled-Project-80.jpg","contentUrl":"https:\/\/www.hoogstra-autosport.nl\/teamkoen\/wp-content\/uploads\/2018\/10\/Untitled-Project-80.jpg","width":1080,"height":1080},{"@type":"BreadcrumbList","@id":"https:\/\/www.hoogstra-autosport.nl\/product\/pedaal-box-obp-racing-kabelobpkc011\/#breadcrumb","itemListElement":[{"@type":"ListItem","position":1,"name":"Home","item":"https:\/\/www.hoogstra-autosport.nl\/"},{"@type":"ListItem","position":2,"name":"Remmen","item":"https:\/\/www.hoogstra-autosport.nl\/product-categorie\/remmen-2\/"},{"@type":"ListItem","position":3,"name":"Pedaal Boxen","item":"https:\/\/www.hoogstra-autosport.nl\/product-categorie\/remmen-2\/pedaal-boxen\/"},{"@type":"ListItem","position":4,"name":"Pedaal Box OBP racing Kabel"}]},{"@type":"WebSite","@id":"https:\/\/www.hoogstra-autosport.nl\/#website","url":"https:\/\/www.hoogstra-autosport.nl\/","name":"Hoogstra Autosport","description":"Performance Autosport Parts!","potentialAction":[{"@type":"SearchAction","target":{"@type":"EntryPoint","urlTemplate":"https:\/\/www.hoogstra-autosport.nl\/?s={search_term_string}"},"query-input":{"@type":"PropertyValueSpecification","valueRequired":true,"valueName":"search_term_string"}}],"inLanguage":"de"}]}},"tiered_pricing_type":"fixed","tiered_pricing_fixed_rules":[],"tiered_pricing_product_settings":{"layout":"default","base_unit_name":{"singular":null,"plural":null},"default_variation":null},"tiered_pricing_minimum_quantity":null,"tiered_pricing_roles_data":[],"tiered_pricing_percentage_rules":[],"tiered_pricing_maximum_quantity":null,"tiered_pricing_quantity_step":null,"_links":{"self":[{"href":"https:\/\/www.hoogstra-autosport.nl\/de\/wp-json\/wp\/v2\/product\/13560","targetHints":{"allow":["GET"]}}],"collection":[{"href":"https:\/\/www.hoogstra-autosport.nl\/de\/wp-json\/wp\/v2\/product"}],"about":[{"href":"https:\/\/www.hoogstra-autosport.nl\/de\/wp-json\/wp\/v2\/types\/product"}],"wp:featuredmedia":[{"embeddable":true,"href":"https:\/\/www.hoogstra-autosport.nl\/de\/wp-json\/wp\/v2\/media\/95209"}],"wp:attachment":[{"href":"https:\/\/www.hoogstra-autosport.nl\/de\/wp-json\/wp\/v2\/media?parent=13560"}],"wp:term":[{"taxonomy":"product_brand","embeddable":true,"href":"https:\/\/www.hoogstra-autosport.nl\/de\/wp-json\/wp\/v2\/product_brand?post=13560"},{"taxonomy":"product_cat","embeddable":true,"href":"https:\/\/www.hoogstra-autosport.nl\/de\/wp-json\/wp\/v2\/product_cat?post=13560"},{"taxonomy":"product_tag","embeddable":true,"href":"https:\/\/www.hoogstra-autosport.nl\/de\/wp-json\/wp\/v2\/product_tag?post=13560"}],"curies":[{"name":"wp","href":"https:\/\/api.w.org\/{rel}","templated":true}]}}