{"id":13222,"date":"2018-10-03T13:33:52","date_gmt":"2018-10-03T13:33:52","guid":{"rendered":"http:\/\/hoogstra-autosport.nl\/?product=helm-netje-2-helmen"},"modified":"2026-03-02T12:55:45","modified_gmt":"2026-03-02T11:55:45","slug":"helm-netje-2-helmen","status":"publish","type":"product","link":"https:\/\/www.hoogstra-autosport.nl\/de\/produkt\/helm-netje-2-helmen\/","title":{"rendered":"Helmnetz 2 Helme"},"content":{"rendered":"<p>Helmeinsatz f\u00fcr 2 Helme\u00a0<\/p>\n<p>Beltenick\u00ae Helmnetz WN17<\/p>\n<p>- Rallye-Helm Netz.<br \/>\nHalten Sie Ihre teuren Rallye-Helme mit einer Helm-H\u00e4ngematte hinter den Sitzen in gutem Zustand.<br \/>\nWird am \u00dcberrollk\u00e4fig befestigt und h\u00e4lt 2 Helme<\/p>","protected":false},"excerpt":{"rendered":"<p>Helmnetje om je helm in te leggen voor 2 helmen\u00a0 Beltenick\u00ae Helmnetz WN17 \u2022 Rallye helmet net. Keep your expensive rally helmets in good condition with a helmet hammock behind the seats. Attaches to the roll cage and hold 2 helmets<\/p>","protected":false},"featured_media":13223,"template":"","meta":{"_acf_changed":false},"product_brand":[],"product_cat":[4074,2653,2827],"product_tag":[],"class_list":{"0":"post-13222","1":"product","2":"type-product","3":"status-publish","4":"has-post-thumbnail","6":"product_cat-beltenick","7":"product_cat-carroserie-bevestiging","8":"product_cat-raamnetje-afsluitingen","9":"product_shipping_class-4016","11":"first","12":"instock","13":"taxable","14":"shipping-taxable","15":"purchasable","16":"product-type-simple"},"acf":[],"yoast_head":"<!-- This site is optimized with the Yoast SEO plugin v27.1.1 - https:\/\/yoast.com\/product\/yoast-seo-wordpress\/ -->\n<title>Helm Netje 2 Helmen - Hoogstra Autosport<\/title>\n<meta name=\"robots\" content=\"index, follow, max-snippet:-1, max-image-preview:large, max-video-preview:-1\" \/>\n<link rel=\"canonical\" href=\"https:\/\/www.hoogstra-autosport.nl\/de\/produkt\/helm-netje-2-helmen\/\" \/>\n<meta property=\"og:locale\" content=\"de_DE\" \/>\n<meta property=\"og:type\" content=\"article\" \/>\n<meta property=\"og:title\" content=\"Helm Netje 2 Helmen - Hoogstra Autosport\" \/>\n<meta property=\"og:description\" content=\"Helmnetje om je helm in te leggen voor 2 helmen\u00a0 Beltenick\u00ae Helmnetz WN17 \u2022 Rallye helmet net. Keep your expensive rally helmets in good condition with a helmet hammock behind the seats. Attaches to the roll cage and hold 2 helmets\" \/>\n<meta property=\"og:url\" content=\"https:\/\/www.hoogstra-autosport.nl\/de\/produkt\/helm-netje-2-helmen\/\" \/>\n<meta property=\"og:site_name\" content=\"Hoogstra Autosport\" \/>\n<meta property=\"article:modified_time\" content=\"2026-03-02T11:55:45+00:00\" \/>\n<meta property=\"og:image\" content=\"https:\/\/www.hoogstra-autosport.nl\/teamkoen\/content\/uploads\/catalog\/product\/Helmnetje20Wn1720.jpg\" \/>\n\t<meta property=\"og:image:width\" content=\"469\" \/>\n\t<meta property=\"og:image:height\" content=\"558\" \/>\n\t<meta property=\"og:image:type\" content=\"image\/jpeg\" \/>\n<meta name=\"twitter:card\" content=\"summary_large_image\" \/>\n<script type=\"application\/ld+json\" class=\"yoast-schema-graph\">{\"@context\":\"https:\/\/schema.org\",\"@graph\":[{\"@type\":\"WebPage\",\"@id\":\"https:\/\/www.hoogstra-autosport.nl\/product\/helm-netje-2-helmen\/\",\"url\":\"https:\/\/www.hoogstra-autosport.nl\/product\/helm-netje-2-helmen\/\",\"name\":\"Helm Netje 2 Helmen - Hoogstra Autosport\",\"isPartOf\":{\"@id\":\"https:\/\/www.hoogstra-autosport.nl\/#website\"},\"primaryImageOfPage\":{\"@id\":\"https:\/\/www.hoogstra-autosport.nl\/product\/helm-netje-2-helmen\/#primaryimage\"},\"image\":{\"@id\":\"https:\/\/www.hoogstra-autosport.nl\/product\/helm-netje-2-helmen\/#primaryimage\"},\"thumbnailUrl\":\"https:\/\/www.hoogstra-autosport.nl\/teamkoen\/wp-content\/uploads\/catalog\/product\/Helmnetje20Wn1720.jpg\",\"datePublished\":\"2018-10-03T13:33:52+00:00\",\"dateModified\":\"2026-03-02T11:55:45+00:00\",\"breadcrumb\":{\"@id\":\"https:\/\/www.hoogstra-autosport.nl\/product\/helm-netje-2-helmen\/#breadcrumb\"},\"inLanguage\":\"de\",\"potentialAction\":[{\"@type\":\"ReadAction\",\"target\":[\"https:\/\/www.hoogstra-autosport.nl\/product\/helm-netje-2-helmen\/\"]}]},{\"@type\":\"ImageObject\",\"inLanguage\":\"de\",\"@id\":\"https:\/\/www.hoogstra-autosport.nl\/product\/helm-netje-2-helmen\/#primaryimage\",\"url\":\"https:\/\/www.hoogstra-autosport.nl\/teamkoen\/wp-content\/uploads\/catalog\/product\/Helmnetje20Wn1720.jpg\",\"contentUrl\":\"https:\/\/www.hoogstra-autosport.nl\/teamkoen\/wp-content\/uploads\/catalog\/product\/Helmnetje20Wn1720.jpg\",\"width\":469,\"height\":558},{\"@type\":\"BreadcrumbList\",\"@id\":\"https:\/\/www.hoogstra-autosport.nl\/product\/helm-netje-2-helmen\/#breadcrumb\",\"itemListElement\":[{\"@type\":\"ListItem\",\"position\":1,\"name\":\"Home\",\"item\":\"https:\/\/www.hoogstra-autosport.nl\/\"},{\"@type\":\"ListItem\",\"position\":2,\"name\":\"Merken\",\"item\":\"https:\/\/www.hoogstra-autosport.nl\/product-categorie\/merken\/\"},{\"@type\":\"ListItem\",\"position\":3,\"name\":\"Beltenick\",\"item\":\"https:\/\/www.hoogstra-autosport.nl\/product-categorie\/merken\/beltenick\/\"},{\"@type\":\"ListItem\",\"position\":4,\"name\":\"Helm Netje 2 Helmen\"}]},{\"@type\":\"WebSite\",\"@id\":\"https:\/\/www.hoogstra-autosport.nl\/#website\",\"url\":\"https:\/\/www.hoogstra-autosport.nl\/\",\"name\":\"Hoogstra Autosport\",\"description\":\"Performance Autosport Parts!\",\"potentialAction\":[{\"@type\":\"SearchAction\",\"target\":{\"@type\":\"EntryPoint\",\"urlTemplate\":\"https:\/\/www.hoogstra-autosport.nl\/?s={search_term_string}\"},\"query-input\":{\"@type\":\"PropertyValueSpecification\",\"valueRequired\":true,\"valueName\":\"search_term_string\"}}],\"inLanguage\":\"de\"}]}<\/script>\n<!-- \/ Yoast SEO plugin. -->","yoast_head_json":{"title":"Helm Netje 2 Helmen - Hoogstra Autosport","robots":{"index":"index","follow":"follow","max-snippet":"max-snippet:-1","max-image-preview":"max-image-preview:large","max-video-preview":"max-video-preview:-1"},"canonical":"https:\/\/www.hoogstra-autosport.nl\/de\/produkt\/helm-netje-2-helmen\/","og_locale":"de_DE","og_type":"article","og_title":"Helm Netje 2 Helmen - Hoogstra Autosport","og_description":"Helmnetje om je helm in te leggen voor 2 helmen\u00a0 Beltenick\u00ae Helmnetz WN17 \u2022 Rallye helmet net. Keep your expensive rally helmets in good condition with a helmet hammock behind the seats. Attaches to the roll cage and hold 2 helmets","og_url":"https:\/\/www.hoogstra-autosport.nl\/de\/produkt\/helm-netje-2-helmen\/","og_site_name":"Hoogstra Autosport","article_modified_time":"2026-03-02T11:55:45+00:00","og_image":[{"width":469,"height":558,"url":"https:\/\/www.hoogstra-autosport.nl\/teamkoen\/content\/uploads\/catalog\/product\/Helmnetje20Wn1720.jpg","type":"image\/jpeg"}],"twitter_card":"summary_large_image","schema":{"@context":"https:\/\/schema.org","@graph":[{"@type":"WebPage","@id":"https:\/\/www.hoogstra-autosport.nl\/product\/helm-netje-2-helmen\/","url":"https:\/\/www.hoogstra-autosport.nl\/product\/helm-netje-2-helmen\/","name":"Helm Netje 2 Helmen - Hoogstra Autosport","isPartOf":{"@id":"https:\/\/www.hoogstra-autosport.nl\/#website"},"primaryImageOfPage":{"@id":"https:\/\/www.hoogstra-autosport.nl\/product\/helm-netje-2-helmen\/#primaryimage"},"image":{"@id":"https:\/\/www.hoogstra-autosport.nl\/product\/helm-netje-2-helmen\/#primaryimage"},"thumbnailUrl":"https:\/\/www.hoogstra-autosport.nl\/teamkoen\/wp-content\/uploads\/catalog\/product\/Helmnetje20Wn1720.jpg","datePublished":"2018-10-03T13:33:52+00:00","dateModified":"2026-03-02T11:55:45+00:00","breadcrumb":{"@id":"https:\/\/www.hoogstra-autosport.nl\/product\/helm-netje-2-helmen\/#breadcrumb"},"inLanguage":"de","potentialAction":[{"@type":"ReadAction","target":["https:\/\/www.hoogstra-autosport.nl\/product\/helm-netje-2-helmen\/"]}]},{"@type":"ImageObject","inLanguage":"de","@id":"https:\/\/www.hoogstra-autosport.nl\/product\/helm-netje-2-helmen\/#primaryimage","url":"https:\/\/www.hoogstra-autosport.nl\/teamkoen\/wp-content\/uploads\/catalog\/product\/Helmnetje20Wn1720.jpg","contentUrl":"https:\/\/www.hoogstra-autosport.nl\/teamkoen\/wp-content\/uploads\/catalog\/product\/Helmnetje20Wn1720.jpg","width":469,"height":558},{"@type":"BreadcrumbList","@id":"https:\/\/www.hoogstra-autosport.nl\/product\/helm-netje-2-helmen\/#breadcrumb","itemListElement":[{"@type":"ListItem","position":1,"name":"Home","item":"https:\/\/www.hoogstra-autosport.nl\/"},{"@type":"ListItem","position":2,"name":"Merken","item":"https:\/\/www.hoogstra-autosport.nl\/product-categorie\/merken\/"},{"@type":"ListItem","position":3,"name":"Beltenick","item":"https:\/\/www.hoogstra-autosport.nl\/product-categorie\/merken\/beltenick\/"},{"@type":"ListItem","position":4,"name":"Helm Netje 2 Helmen"}]},{"@type":"WebSite","@id":"https:\/\/www.hoogstra-autosport.nl\/#website","url":"https:\/\/www.hoogstra-autosport.nl\/","name":"Hoogstra Autosport","description":"Performance Autosport Parts!","potentialAction":[{"@type":"SearchAction","target":{"@type":"EntryPoint","urlTemplate":"https:\/\/www.hoogstra-autosport.nl\/?s={search_term_string}"},"query-input":{"@type":"PropertyValueSpecification","valueRequired":true,"valueName":"search_term_string"}}],"inLanguage":"de"}]}},"tiered_pricing_type":"fixed","tiered_pricing_fixed_rules":[],"tiered_pricing_product_settings":{"layout":"default","base_unit_name":{"singular":null,"plural":null},"default_variation":null},"tiered_pricing_minimum_quantity":null,"tiered_pricing_roles_data":[],"tiered_pricing_percentage_rules":[],"tiered_pricing_maximum_quantity":null,"tiered_pricing_quantity_step":null,"_links":{"self":[{"href":"https:\/\/www.hoogstra-autosport.nl\/de\/wp-json\/wp\/v2\/product\/13222","targetHints":{"allow":["GET"]}}],"collection":[{"href":"https:\/\/www.hoogstra-autosport.nl\/de\/wp-json\/wp\/v2\/product"}],"about":[{"href":"https:\/\/www.hoogstra-autosport.nl\/de\/wp-json\/wp\/v2\/types\/product"}],"wp:featuredmedia":[{"embeddable":true,"href":"https:\/\/www.hoogstra-autosport.nl\/de\/wp-json\/wp\/v2\/media\/13223"}],"wp:attachment":[{"href":"https:\/\/www.hoogstra-autosport.nl\/de\/wp-json\/wp\/v2\/media?parent=13222"}],"wp:term":[{"taxonomy":"product_brand","embeddable":true,"href":"https:\/\/www.hoogstra-autosport.nl\/de\/wp-json\/wp\/v2\/product_brand?post=13222"},{"taxonomy":"product_cat","embeddable":true,"href":"https:\/\/www.hoogstra-autosport.nl\/de\/wp-json\/wp\/v2\/product_cat?post=13222"},{"taxonomy":"product_tag","embeddable":true,"href":"https:\/\/www.hoogstra-autosport.nl\/de\/wp-json\/wp\/v2\/product_tag?post=13222"}],"curies":[{"name":"wp","href":"https:\/\/api.w.org\/{rel}","templated":true}]}}