{"id":12594,"date":"2018-04-10T10:22:59","date_gmt":"2018-04-10T08:22:59","guid":{"rendered":"http:\/\/hoogstra-autosport.nl\/?product=goodridge-slang-dash-8"},"modified":"2025-11-21T09:43:08","modified_gmt":"2025-11-21T08:43:08","slug":"goodridge-slang-dash-8","status":"publish","type":"product","link":"https:\/\/www.hoogstra-autosport.nl\/de\/produkt\/goodridge-slang-dash-8\/","title":{"rendered":"Goodridge Schlauch Dash 8"},"content":{"rendered":"<p>Originele Goodridge slang dash 8<\/p>\n<p>Innenmantel aus Gummi, geeignet f\u00fcr Brems\u00f6l, Kraftstoff und \u00d6l.<\/p>\n<p>Aufbau: Unser Schlauch besteht aus einer nahtlosen synthetischen CPE-Kautschukseele mit einer in den Gummi einvulkanisierten Edelstahlschicht und einem gewebten Edelstahlmantel. Der Schlauch der Serie 200 hat die h\u00f6chste Korrosions- und Feuerbest\u00e4ndigkeit aller erh\u00e4ltlichen Edelstahlmantelschl\u00e4uche. Er kann f\u00fcr alle synthetischen Kraftstoffe, Benzin, \u00d6l, Alkohol einschlie\u00dflich Methanol und Nitromethan verwendet werden. Die Goodridge-Schl\u00e4uche der Serie 200 repr\u00e4sentieren die beste Qualit\u00e4t bei geflochtenen Schl\u00e4uchen aus Edelstahl, die nach unseren Spezifikationen und exklusiv f\u00fcr Goodridge hergestellt werden. Sein geringes Gewicht und seine Flexibilit\u00e4t sind f\u00fcr eine breite Palette von wiederverwendbaren Armaturen ausgelegt und bieten wesentlichen Schutz gegen Druck, Temperatur, Vibration und Reibung.<\/p>\n<p>Anwendung: Benzin, \u00d6l (alle synthetischen Schmiermittel), K\u00fchlmittel, Methanol, Nitrometan, Wasser<\/p>\n<p>Material der Armatur: Eloxiertes Aluminium (D)<br \/>\n.<\/p>\n<p>Temperaturbereich: -46 bis 150 Grad Celsius.<\/p>\n<p>Dies ist der Qualit\u00e4tsschlauch mit der in den Gummi einvulkanisierten Edelstahlschicht, genau richtig f\u00fcr die sogenannten Cutter-Armaturen<\/p>","protected":false},"excerpt":{"rendered":"<p>Originele Goodridge slang dash 8 Rubber binnenmantel geschikt voor remolie brandstof en olie. Constructie: Onze slang bestaat uit een naadloze syntetische CPE rubberen kern met een in het rubber gevulcaniseerde rvs laag en een geweven RVS mantel. De 200 serie slang heeft de hoogste corrosie en vuur bestendige kwaliteit van iedere beschikbare RVS ommantelde slang [&hellip;]<\/p>\n","protected":false},"featured_media":93494,"template":"","meta":{"_acf_changed":false},"product_brand":[],"product_cat":[2796,2797],"product_tag":[],"class_list":{"0":"post-12594","1":"product","2":"type-product","3":"status-publish","4":"has-post-thumbnail","6":"product_cat-brandstofslang-gewapend-bioe85","7":"product_cat-dash-leidingen","8":"product_shipping_class-4016","10":"first","11":"instock","12":"taxable","13":"shipping-taxable","14":"purchasable","15":"product-type-simple"},"acf":[],"yoast_head":"<!-- This site is optimized with the Yoast SEO plugin v27.1.1 - https:\/\/yoast.com\/product\/yoast-seo-wordpress\/ -->\n<title>Goodridge Slang Dash 8 - Hoogstra Autosport<\/title>\n<meta name=\"robots\" content=\"index, follow, max-snippet:-1, max-image-preview:large, max-video-preview:-1\" \/>\n<link rel=\"canonical\" href=\"https:\/\/www.hoogstra-autosport.nl\/de\/produkt\/goodridge-slang-dash-8\/\" \/>\n<meta property=\"og:locale\" content=\"de_DE\" \/>\n<meta property=\"og:type\" content=\"article\" \/>\n<meta property=\"og:title\" content=\"Goodridge Slang Dash 8 - Hoogstra Autosport\" \/>\n<meta property=\"og:description\" content=\"Originele Goodridge slang dash 8 Rubber binnenmantel geschikt voor remolie brandstof en olie. Constructie: Onze slang bestaat uit een naadloze syntetische CPE rubberen kern met een in het rubber gevulcaniseerde rvs laag en een geweven RVS mantel. De 200 serie slang heeft de hoogste corrosie en vuur bestendige kwaliteit van iedere beschikbare RVS ommantelde slang [&hellip;]\" \/>\n<meta property=\"og:url\" content=\"https:\/\/www.hoogstra-autosport.nl\/de\/produkt\/goodridge-slang-dash-8\/\" \/>\n<meta property=\"og:site_name\" content=\"Hoogstra Autosport\" \/>\n<meta property=\"article:modified_time\" content=\"2025-11-21T08:43:08+00:00\" \/>\n<meta property=\"og:image\" content=\"https:\/\/www.hoogstra-autosport.nl\/teamkoen\/wp-content\/uploads\/2021\/10\/goodridge-scaled.jpg\" \/>\n\t<meta property=\"og:image:width\" content=\"2560\" \/>\n\t<meta property=\"og:image:height\" content=\"2560\" \/>\n\t<meta property=\"og:image:type\" content=\"image\/jpeg\" \/>\n<meta name=\"twitter:card\" content=\"summary_large_image\" \/>\n<meta name=\"twitter:label1\" content=\"Gesch\u00e4tzte Lesezeit\" \/>\n\t<meta name=\"twitter:data1\" content=\"2\u00a0Minuten\" \/>\n<script type=\"application\/ld+json\" class=\"yoast-schema-graph\">{\"@context\":\"https:\/\/schema.org\",\"@graph\":[{\"@type\":\"WebPage\",\"@id\":\"https:\/\/www.hoogstra-autosport.nl\/product\/goodridge-slang-dash-8\/\",\"url\":\"https:\/\/www.hoogstra-autosport.nl\/product\/goodridge-slang-dash-8\/\",\"name\":\"Goodridge Slang Dash 8 - Hoogstra Autosport\",\"isPartOf\":{\"@id\":\"https:\/\/www.hoogstra-autosport.nl\/#website\"},\"primaryImageOfPage\":{\"@id\":\"https:\/\/www.hoogstra-autosport.nl\/product\/goodridge-slang-dash-8\/#primaryimage\"},\"image\":{\"@id\":\"https:\/\/www.hoogstra-autosport.nl\/product\/goodridge-slang-dash-8\/#primaryimage\"},\"thumbnailUrl\":\"https:\/\/www.hoogstra-autosport.nl\/teamkoen\/wp-content\/uploads\/2021\/10\/goodridge-scaled.jpg\",\"datePublished\":\"2018-04-10T08:22:59+00:00\",\"dateModified\":\"2025-11-21T08:43:08+00:00\",\"breadcrumb\":{\"@id\":\"https:\/\/www.hoogstra-autosport.nl\/product\/goodridge-slang-dash-8\/#breadcrumb\"},\"inLanguage\":\"de\",\"potentialAction\":[{\"@type\":\"ReadAction\",\"target\":[\"https:\/\/www.hoogstra-autosport.nl\/product\/goodridge-slang-dash-8\/\"]}]},{\"@type\":\"ImageObject\",\"inLanguage\":\"de\",\"@id\":\"https:\/\/www.hoogstra-autosport.nl\/product\/goodridge-slang-dash-8\/#primaryimage\",\"url\":\"https:\/\/www.hoogstra-autosport.nl\/teamkoen\/wp-content\/uploads\/2021\/10\/goodridge-scaled.jpg\",\"contentUrl\":\"https:\/\/www.hoogstra-autosport.nl\/teamkoen\/wp-content\/uploads\/2021\/10\/goodridge-scaled.jpg\",\"width\":2560,\"height\":2560},{\"@type\":\"BreadcrumbList\",\"@id\":\"https:\/\/www.hoogstra-autosport.nl\/product\/goodridge-slang-dash-8\/#breadcrumb\",\"itemListElement\":[{\"@type\":\"ListItem\",\"position\":1,\"name\":\"Home\",\"item\":\"https:\/\/www.hoogstra-autosport.nl\/\"},{\"@type\":\"ListItem\",\"position\":2,\"name\":\"Motorisch\",\"item\":\"https:\/\/www.hoogstra-autosport.nl\/product-categorie\/auto-techniek\/\"},{\"@type\":\"ListItem\",\"position\":3,\"name\":\"Slangen &amp; Dash Nippels\",\"item\":\"https:\/\/www.hoogstra-autosport.nl\/product-categorie\/auto-techniek\/dash-koppelingen\/\"},{\"@type\":\"ListItem\",\"position\":4,\"name\":\"Dash Leidingen\",\"item\":\"https:\/\/www.hoogstra-autosport.nl\/product-categorie\/auto-techniek\/dash-koppelingen\/dash-leidingen\/\"},{\"@type\":\"ListItem\",\"position\":5,\"name\":\"Goodridge Slang Dash 8\"}]},{\"@type\":\"WebSite\",\"@id\":\"https:\/\/www.hoogstra-autosport.nl\/#website\",\"url\":\"https:\/\/www.hoogstra-autosport.nl\/\",\"name\":\"Hoogstra Autosport\",\"description\":\"Performance Autosport Parts!\",\"potentialAction\":[{\"@type\":\"SearchAction\",\"target\":{\"@type\":\"EntryPoint\",\"urlTemplate\":\"https:\/\/www.hoogstra-autosport.nl\/?s={search_term_string}\"},\"query-input\":{\"@type\":\"PropertyValueSpecification\",\"valueRequired\":true,\"valueName\":\"search_term_string\"}}],\"inLanguage\":\"de\"}]}<\/script>\n<!-- \/ Yoast SEO plugin. -->","yoast_head_json":{"title":"Goodridge Slang Dash 8 - Hoogstra Autosport","robots":{"index":"index","follow":"follow","max-snippet":"max-snippet:-1","max-image-preview":"max-image-preview:large","max-video-preview":"max-video-preview:-1"},"canonical":"https:\/\/www.hoogstra-autosport.nl\/de\/produkt\/goodridge-slang-dash-8\/","og_locale":"de_DE","og_type":"article","og_title":"Goodridge Slang Dash 8 - Hoogstra Autosport","og_description":"Originele Goodridge slang dash 8 Rubber binnenmantel geschikt voor remolie brandstof en olie. Constructie: Onze slang bestaat uit een naadloze syntetische CPE rubberen kern met een in het rubber gevulcaniseerde rvs laag en een geweven RVS mantel. De 200 serie slang heeft de hoogste corrosie en vuur bestendige kwaliteit van iedere beschikbare RVS ommantelde slang [&hellip;]","og_url":"https:\/\/www.hoogstra-autosport.nl\/de\/produkt\/goodridge-slang-dash-8\/","og_site_name":"Hoogstra Autosport","article_modified_time":"2025-11-21T08:43:08+00:00","og_image":[{"width":2560,"height":2560,"url":"https:\/\/www.hoogstra-autosport.nl\/teamkoen\/wp-content\/uploads\/2021\/10\/goodridge-scaled.jpg","type":"image\/jpeg"}],"twitter_card":"summary_large_image","twitter_misc":{"Gesch\u00e4tzte Lesezeit":"2\u00a0Minuten"},"schema":{"@context":"https:\/\/schema.org","@graph":[{"@type":"WebPage","@id":"https:\/\/www.hoogstra-autosport.nl\/product\/goodridge-slang-dash-8\/","url":"https:\/\/www.hoogstra-autosport.nl\/product\/goodridge-slang-dash-8\/","name":"Goodridge Slang Dash 8 - Hoogstra Autosport","isPartOf":{"@id":"https:\/\/www.hoogstra-autosport.nl\/#website"},"primaryImageOfPage":{"@id":"https:\/\/www.hoogstra-autosport.nl\/product\/goodridge-slang-dash-8\/#primaryimage"},"image":{"@id":"https:\/\/www.hoogstra-autosport.nl\/product\/goodridge-slang-dash-8\/#primaryimage"},"thumbnailUrl":"https:\/\/www.hoogstra-autosport.nl\/teamkoen\/wp-content\/uploads\/2021\/10\/goodridge-scaled.jpg","datePublished":"2018-04-10T08:22:59+00:00","dateModified":"2025-11-21T08:43:08+00:00","breadcrumb":{"@id":"https:\/\/www.hoogstra-autosport.nl\/product\/goodridge-slang-dash-8\/#breadcrumb"},"inLanguage":"de","potentialAction":[{"@type":"ReadAction","target":["https:\/\/www.hoogstra-autosport.nl\/product\/goodridge-slang-dash-8\/"]}]},{"@type":"ImageObject","inLanguage":"de","@id":"https:\/\/www.hoogstra-autosport.nl\/product\/goodridge-slang-dash-8\/#primaryimage","url":"https:\/\/www.hoogstra-autosport.nl\/teamkoen\/wp-content\/uploads\/2021\/10\/goodridge-scaled.jpg","contentUrl":"https:\/\/www.hoogstra-autosport.nl\/teamkoen\/wp-content\/uploads\/2021\/10\/goodridge-scaled.jpg","width":2560,"height":2560},{"@type":"BreadcrumbList","@id":"https:\/\/www.hoogstra-autosport.nl\/product\/goodridge-slang-dash-8\/#breadcrumb","itemListElement":[{"@type":"ListItem","position":1,"name":"Home","item":"https:\/\/www.hoogstra-autosport.nl\/"},{"@type":"ListItem","position":2,"name":"Motorisch","item":"https:\/\/www.hoogstra-autosport.nl\/product-categorie\/auto-techniek\/"},{"@type":"ListItem","position":3,"name":"Slangen &amp; Dash Nippels","item":"https:\/\/www.hoogstra-autosport.nl\/product-categorie\/auto-techniek\/dash-koppelingen\/"},{"@type":"ListItem","position":4,"name":"Dash Leidingen","item":"https:\/\/www.hoogstra-autosport.nl\/product-categorie\/auto-techniek\/dash-koppelingen\/dash-leidingen\/"},{"@type":"ListItem","position":5,"name":"Goodridge Slang Dash 8"}]},{"@type":"WebSite","@id":"https:\/\/www.hoogstra-autosport.nl\/#website","url":"https:\/\/www.hoogstra-autosport.nl\/","name":"Hoogstra Autosport","description":"Performance Autosport Parts!","potentialAction":[{"@type":"SearchAction","target":{"@type":"EntryPoint","urlTemplate":"https:\/\/www.hoogstra-autosport.nl\/?s={search_term_string}"},"query-input":{"@type":"PropertyValueSpecification","valueRequired":true,"valueName":"search_term_string"}}],"inLanguage":"de"}]}},"tiered_pricing_type":"fixed","tiered_pricing_fixed_rules":[],"tiered_pricing_product_settings":{"layout":"default","base_unit_name":{"singular":null,"plural":null},"default_variation":null},"tiered_pricing_minimum_quantity":null,"tiered_pricing_roles_data":[],"tiered_pricing_percentage_rules":[],"tiered_pricing_maximum_quantity":null,"tiered_pricing_quantity_step":null,"_links":{"self":[{"href":"https:\/\/www.hoogstra-autosport.nl\/de\/wp-json\/wp\/v2\/product\/12594","targetHints":{"allow":["GET"]}}],"collection":[{"href":"https:\/\/www.hoogstra-autosport.nl\/de\/wp-json\/wp\/v2\/product"}],"about":[{"href":"https:\/\/www.hoogstra-autosport.nl\/de\/wp-json\/wp\/v2\/types\/product"}],"wp:featuredmedia":[{"embeddable":true,"href":"https:\/\/www.hoogstra-autosport.nl\/de\/wp-json\/wp\/v2\/media\/93494"}],"wp:attachment":[{"href":"https:\/\/www.hoogstra-autosport.nl\/de\/wp-json\/wp\/v2\/media?parent=12594"}],"wp:term":[{"taxonomy":"product_brand","embeddable":true,"href":"https:\/\/www.hoogstra-autosport.nl\/de\/wp-json\/wp\/v2\/product_brand?post=12594"},{"taxonomy":"product_cat","embeddable":true,"href":"https:\/\/www.hoogstra-autosport.nl\/de\/wp-json\/wp\/v2\/product_cat?post=12594"},{"taxonomy":"product_tag","embeddable":true,"href":"https:\/\/www.hoogstra-autosport.nl\/de\/wp-json\/wp\/v2\/product_tag?post=12594"}],"curies":[{"name":"wp","href":"https:\/\/api.w.org\/{rel}","templated":true}]}}