{"id":11916,"date":"2017-11-24T10:45:52","date_gmt":"2017-11-24T09:45:52","guid":{"rendered":"http:\/\/hoogstra-autosport.nl\/?product=aluminium-pedaalbox-obpOBPKCP101C"},"modified":"2025-12-12T16:16:47","modified_gmt":"2025-12-12T15:16:47","slug":"aluminium-pedaalbox-obpobpkcp101c","status":"publish","type":"product","link":"https:\/\/www.hoogstra-autosport.nl\/de\/produkt\/aluminium-pedaalbox-obpobpkcp101c\/","title":{"rendered":"Aluminium-Pedalbox OBP"},"content":{"rendered":"<p>Pedal Box<\/p>\n<p>Geeignet f\u00fcr Seilzugkupplung. Inklusive 2 Bremszylindern und Bremswagen.<\/p>\n<p>Premium Kit Auto Kabel Kupplung Pedal Box OBPKCP101C<\/p>\n<p>Kit contents: 3 Pedal Kit Car Cable Clutch Pedal Box with Cable Clutch Converter Mechanism, 1 x Bias Bar &amp; 2 x Master Cylinders<\/p>\n<p>275mm (H) (W Box) \/ 283mm Inc Fixing Lugs) 242mm B X 130mm (T) (Ungef\u00e4hre Gr\u00f6\u00dfen).<\/p>\n<p>Sie erhalten die NEUE V2 Version dieser Pedalbox, die mit Aluminium Billet Pedalen ausgestattet ist.<\/p>\n<p>Sie k\u00f6nnen jetzt ein hochwertiges obp-Produkt zu einem erstaunlichen Preis erhalten.<\/p>\n<p>Kit Car Pedal Box Universal Car Fitment, dies wird alle Arten von Kit Car passen. Luego, Tiger, MK, Westfield, Locost, Haynes Roadster etc.<\/p>\n<p>Die Pedalbox wird mit einem 25 mm x 25 mm gro\u00dfen Ausschnitt auf der R\u00fcckseite geliefert, der \u00fcber die untere Schiene im Fu\u00dfraum passt.<\/p>\n<p>Das Ger\u00e4t wird an der Stirnwand befestigt und mit dem Boden verschraubt.<\/p>\n<p>Diese Einheit wurde von obp, dem f\u00fchrenden Hersteller von Pedalboxen in Europa, speziell f\u00fcr Kit Car-Enthusiasten entwickelt und hergestellt.<\/p>\n<p>Besondere Merkmale V2-Pedalboxen:<\/p>\n<p>Billet-Pedale aus Aluminium in Flugzeugqualit\u00e4t<br \/>\nEinstellbare Bremspedal\u00fcbersetzung von 4,9:1 bis 5,24:1<br \/>\nEinstellbare Brems- und Kupplungspedalbel\u00e4ge nach oben, unten und zur Seite<br \/>\nVerst\u00e4rkte und starre Box<br \/>\n25mm x 25mm Ausschnitt f\u00fcr Fahrgestellschiene<br \/>\nIVA - Kontermuttern zur Verriegelung der Vorspannstange<\/p>\n<p>Vorteile bei der Zusammenarbeit mit obp Motorsports<\/p>\n<p>obp Motorsport Marken oder obp Approved Marken stehen f\u00fcr Sicherheit<br \/>\nVerl\u00e4sslichkeit, Leistung und Preis-Leistungs-Verh\u00e4ltnis<br \/>\nMarkenprodukte 2 Jahre Teilegarantie<br \/>\nIn-House (CAD) und Herstellung<br \/>\nSt\u00e4ndig innovative neue Produkte Made in England<br \/>\nErstaunliche Qualit\u00e4tsprodukte<br \/>\nProaktive Verbesserung unseres Produkts<br \/>\nFantastisches Preis-\/Leistungsverh\u00e4ltnis<br \/>\nGepr\u00fcft und QC-gepr\u00fcft<br \/>\nSchnelle Lieferung<br \/>\nGro\u00dfer Lagerbestand, sofort versandfertig<br \/>\nUnglaubliche Kundenbetreuung<br \/>\nKostenlose obp Tech Sessions<\/p>","protected":false},"excerpt":{"rendered":"<p>Pedaal Box Geschikt voor Kabel koppeling. Meegeleverd 2 remcilinders en remwaag. Premium Kit Car Cable Clutch Pedal Box OBPKCP101C Kit contents: 3 Pedal Kit Car Cable Clutch Pedal Box with Cable Clutch Converter Mechanism, 1 x Bias Bar &amp; 2 x Master Cylinders 275mm (H) (W Box) \/ 283mm Inc Fixing Lugs) 242mm W X [&hellip;]<\/p>\n","protected":false},"featured_media":95245,"template":"","meta":{"_acf_changed":false},"product_brand":[],"product_cat":[2761],"product_tag":[],"class_list":{"0":"post-11916","1":"product","2":"type-product","3":"status-publish","4":"has-post-thumbnail","6":"product_cat-pedaal-boxen","7":"product_shipping_class-4016","9":"first","10":"instock","11":"taxable","12":"shipping-taxable","13":"purchasable","14":"product-type-simple"},"acf":[],"yoast_head":"<!-- This site is optimized with the Yoast SEO plugin v27.1.1 - https:\/\/yoast.com\/product\/yoast-seo-wordpress\/ -->\n<title>Aluminium PedaalBox OBP - Hoogstra Autosport<\/title>\n<meta name=\"robots\" content=\"index, follow, max-snippet:-1, max-image-preview:large, max-video-preview:-1\" \/>\n<link rel=\"canonical\" href=\"https:\/\/www.hoogstra-autosport.nl\/de\/produkt\/aluminium-pedaalbox-obpobpkcp101c\/\" \/>\n<meta property=\"og:locale\" content=\"de_DE\" \/>\n<meta property=\"og:type\" content=\"article\" \/>\n<meta property=\"og:title\" content=\"Aluminium PedaalBox OBP - Hoogstra Autosport\" \/>\n<meta property=\"og:description\" content=\"Pedaal Box Geschikt voor Kabel koppeling. Meegeleverd 2 remcilinders en remwaag. Premium Kit Car Cable Clutch Pedal Box OBPKCP101C Kit contents: 3 Pedal Kit Car Cable Clutch Pedal Box with Cable Clutch Converter Mechanism, 1 x Bias Bar &amp; 2 x Master Cylinders 275mm (H) (W Box) \/ 283mm Inc Fixing Lugs) 242mm W X [&hellip;]\" \/>\n<meta property=\"og:url\" content=\"https:\/\/www.hoogstra-autosport.nl\/de\/produkt\/aluminium-pedaalbox-obpobpkcp101c\/\" \/>\n<meta property=\"og:site_name\" content=\"Hoogstra Autosport\" \/>\n<meta property=\"article:modified_time\" content=\"2025-12-12T15:16:47+00:00\" \/>\n<meta property=\"og:image\" content=\"https:\/\/www.hoogstra-autosport.nl\/teamkoen\/wp-content\/uploads\/2017\/11\/Untitled-Project-92.jpg\" \/>\n\t<meta property=\"og:image:width\" content=\"1080\" \/>\n\t<meta property=\"og:image:height\" content=\"1080\" \/>\n\t<meta property=\"og:image:type\" content=\"image\/jpeg\" \/>\n<meta name=\"twitter:card\" content=\"summary_large_image\" \/>\n<meta name=\"twitter:label1\" content=\"Gesch\u00e4tzte Lesezeit\" \/>\n\t<meta name=\"twitter:data1\" content=\"2\u00a0Minuten\" \/>\n<script type=\"application\/ld+json\" class=\"yoast-schema-graph\">{\"@context\":\"https:\/\/schema.org\",\"@graph\":[{\"@type\":\"WebPage\",\"@id\":\"https:\/\/www.hoogstra-autosport.nl\/product\/aluminium-pedaalbox-obpobpkcp101c\/\",\"url\":\"https:\/\/www.hoogstra-autosport.nl\/product\/aluminium-pedaalbox-obpobpkcp101c\/\",\"name\":\"Aluminium PedaalBox OBP - Hoogstra Autosport\",\"isPartOf\":{\"@id\":\"https:\/\/www.hoogstra-autosport.nl\/#website\"},\"primaryImageOfPage\":{\"@id\":\"https:\/\/www.hoogstra-autosport.nl\/product\/aluminium-pedaalbox-obpobpkcp101c\/#primaryimage\"},\"image\":{\"@id\":\"https:\/\/www.hoogstra-autosport.nl\/product\/aluminium-pedaalbox-obpobpkcp101c\/#primaryimage\"},\"thumbnailUrl\":\"https:\/\/www.hoogstra-autosport.nl\/teamkoen\/wp-content\/uploads\/2017\/11\/Untitled-Project-92.jpg\",\"datePublished\":\"2017-11-24T09:45:52+00:00\",\"dateModified\":\"2025-12-12T15:16:47+00:00\",\"breadcrumb\":{\"@id\":\"https:\/\/www.hoogstra-autosport.nl\/product\/aluminium-pedaalbox-obpobpkcp101c\/#breadcrumb\"},\"inLanguage\":\"de\",\"potentialAction\":[{\"@type\":\"ReadAction\",\"target\":[\"https:\/\/www.hoogstra-autosport.nl\/product\/aluminium-pedaalbox-obpobpkcp101c\/\"]}]},{\"@type\":\"ImageObject\",\"inLanguage\":\"de\",\"@id\":\"https:\/\/www.hoogstra-autosport.nl\/product\/aluminium-pedaalbox-obpobpkcp101c\/#primaryimage\",\"url\":\"https:\/\/www.hoogstra-autosport.nl\/teamkoen\/wp-content\/uploads\/2017\/11\/Untitled-Project-92.jpg\",\"contentUrl\":\"https:\/\/www.hoogstra-autosport.nl\/teamkoen\/wp-content\/uploads\/2017\/11\/Untitled-Project-92.jpg\",\"width\":1080,\"height\":1080},{\"@type\":\"BreadcrumbList\",\"@id\":\"https:\/\/www.hoogstra-autosport.nl\/product\/aluminium-pedaalbox-obpobpkcp101c\/#breadcrumb\",\"itemListElement\":[{\"@type\":\"ListItem\",\"position\":1,\"name\":\"Home\",\"item\":\"https:\/\/www.hoogstra-autosport.nl\/\"},{\"@type\":\"ListItem\",\"position\":2,\"name\":\"Remmen\",\"item\":\"https:\/\/www.hoogstra-autosport.nl\/product-categorie\/remmen-2\/\"},{\"@type\":\"ListItem\",\"position\":3,\"name\":\"Pedaal Boxen\",\"item\":\"https:\/\/www.hoogstra-autosport.nl\/product-categorie\/remmen-2\/pedaal-boxen\/\"},{\"@type\":\"ListItem\",\"position\":4,\"name\":\"Aluminium PedaalBox OBP\"}]},{\"@type\":\"WebSite\",\"@id\":\"https:\/\/www.hoogstra-autosport.nl\/#website\",\"url\":\"https:\/\/www.hoogstra-autosport.nl\/\",\"name\":\"Hoogstra Autosport\",\"description\":\"Performance Autosport Parts!\",\"potentialAction\":[{\"@type\":\"SearchAction\",\"target\":{\"@type\":\"EntryPoint\",\"urlTemplate\":\"https:\/\/www.hoogstra-autosport.nl\/?s={search_term_string}\"},\"query-input\":{\"@type\":\"PropertyValueSpecification\",\"valueRequired\":true,\"valueName\":\"search_term_string\"}}],\"inLanguage\":\"de\"}]}<\/script>\n<!-- \/ Yoast SEO plugin. -->","yoast_head_json":{"title":"Aluminium PedaalBox OBP - Hoogstra Autosport","robots":{"index":"index","follow":"follow","max-snippet":"max-snippet:-1","max-image-preview":"max-image-preview:large","max-video-preview":"max-video-preview:-1"},"canonical":"https:\/\/www.hoogstra-autosport.nl\/de\/produkt\/aluminium-pedaalbox-obpobpkcp101c\/","og_locale":"de_DE","og_type":"article","og_title":"Aluminium PedaalBox OBP - Hoogstra Autosport","og_description":"Pedaal Box Geschikt voor Kabel koppeling. Meegeleverd 2 remcilinders en remwaag. Premium Kit Car Cable Clutch Pedal Box OBPKCP101C Kit contents: 3 Pedal Kit Car Cable Clutch Pedal Box with Cable Clutch Converter Mechanism, 1 x Bias Bar &amp; 2 x Master Cylinders 275mm (H) (W Box) \/ 283mm Inc Fixing Lugs) 242mm W X [&hellip;]","og_url":"https:\/\/www.hoogstra-autosport.nl\/de\/produkt\/aluminium-pedaalbox-obpobpkcp101c\/","og_site_name":"Hoogstra Autosport","article_modified_time":"2025-12-12T15:16:47+00:00","og_image":[{"width":1080,"height":1080,"url":"https:\/\/www.hoogstra-autosport.nl\/teamkoen\/wp-content\/uploads\/2017\/11\/Untitled-Project-92.jpg","type":"image\/jpeg"}],"twitter_card":"summary_large_image","twitter_misc":{"Gesch\u00e4tzte Lesezeit":"2\u00a0Minuten"},"schema":{"@context":"https:\/\/schema.org","@graph":[{"@type":"WebPage","@id":"https:\/\/www.hoogstra-autosport.nl\/product\/aluminium-pedaalbox-obpobpkcp101c\/","url":"https:\/\/www.hoogstra-autosport.nl\/product\/aluminium-pedaalbox-obpobpkcp101c\/","name":"Aluminium PedaalBox OBP - Hoogstra Autosport","isPartOf":{"@id":"https:\/\/www.hoogstra-autosport.nl\/#website"},"primaryImageOfPage":{"@id":"https:\/\/www.hoogstra-autosport.nl\/product\/aluminium-pedaalbox-obpobpkcp101c\/#primaryimage"},"image":{"@id":"https:\/\/www.hoogstra-autosport.nl\/product\/aluminium-pedaalbox-obpobpkcp101c\/#primaryimage"},"thumbnailUrl":"https:\/\/www.hoogstra-autosport.nl\/teamkoen\/wp-content\/uploads\/2017\/11\/Untitled-Project-92.jpg","datePublished":"2017-11-24T09:45:52+00:00","dateModified":"2025-12-12T15:16:47+00:00","breadcrumb":{"@id":"https:\/\/www.hoogstra-autosport.nl\/product\/aluminium-pedaalbox-obpobpkcp101c\/#breadcrumb"},"inLanguage":"de","potentialAction":[{"@type":"ReadAction","target":["https:\/\/www.hoogstra-autosport.nl\/product\/aluminium-pedaalbox-obpobpkcp101c\/"]}]},{"@type":"ImageObject","inLanguage":"de","@id":"https:\/\/www.hoogstra-autosport.nl\/product\/aluminium-pedaalbox-obpobpkcp101c\/#primaryimage","url":"https:\/\/www.hoogstra-autosport.nl\/teamkoen\/wp-content\/uploads\/2017\/11\/Untitled-Project-92.jpg","contentUrl":"https:\/\/www.hoogstra-autosport.nl\/teamkoen\/wp-content\/uploads\/2017\/11\/Untitled-Project-92.jpg","width":1080,"height":1080},{"@type":"BreadcrumbList","@id":"https:\/\/www.hoogstra-autosport.nl\/product\/aluminium-pedaalbox-obpobpkcp101c\/#breadcrumb","itemListElement":[{"@type":"ListItem","position":1,"name":"Home","item":"https:\/\/www.hoogstra-autosport.nl\/"},{"@type":"ListItem","position":2,"name":"Remmen","item":"https:\/\/www.hoogstra-autosport.nl\/product-categorie\/remmen-2\/"},{"@type":"ListItem","position":3,"name":"Pedaal Boxen","item":"https:\/\/www.hoogstra-autosport.nl\/product-categorie\/remmen-2\/pedaal-boxen\/"},{"@type":"ListItem","position":4,"name":"Aluminium PedaalBox OBP"}]},{"@type":"WebSite","@id":"https:\/\/www.hoogstra-autosport.nl\/#website","url":"https:\/\/www.hoogstra-autosport.nl\/","name":"Hoogstra Autosport","description":"Performance Autosport Parts!","potentialAction":[{"@type":"SearchAction","target":{"@type":"EntryPoint","urlTemplate":"https:\/\/www.hoogstra-autosport.nl\/?s={search_term_string}"},"query-input":{"@type":"PropertyValueSpecification","valueRequired":true,"valueName":"search_term_string"}}],"inLanguage":"de"}]}},"tiered_pricing_type":"fixed","tiered_pricing_fixed_rules":[],"tiered_pricing_product_settings":{"layout":"default","base_unit_name":{"singular":null,"plural":null},"default_variation":null},"tiered_pricing_minimum_quantity":null,"tiered_pricing_roles_data":[],"tiered_pricing_percentage_rules":[],"tiered_pricing_maximum_quantity":null,"tiered_pricing_quantity_step":null,"_links":{"self":[{"href":"https:\/\/www.hoogstra-autosport.nl\/de\/wp-json\/wp\/v2\/product\/11916","targetHints":{"allow":["GET"]}}],"collection":[{"href":"https:\/\/www.hoogstra-autosport.nl\/de\/wp-json\/wp\/v2\/product"}],"about":[{"href":"https:\/\/www.hoogstra-autosport.nl\/de\/wp-json\/wp\/v2\/types\/product"}],"wp:featuredmedia":[{"embeddable":true,"href":"https:\/\/www.hoogstra-autosport.nl\/de\/wp-json\/wp\/v2\/media\/95245"}],"wp:attachment":[{"href":"https:\/\/www.hoogstra-autosport.nl\/de\/wp-json\/wp\/v2\/media?parent=11916"}],"wp:term":[{"taxonomy":"product_brand","embeddable":true,"href":"https:\/\/www.hoogstra-autosport.nl\/de\/wp-json\/wp\/v2\/product_brand?post=11916"},{"taxonomy":"product_cat","embeddable":true,"href":"https:\/\/www.hoogstra-autosport.nl\/de\/wp-json\/wp\/v2\/product_cat?post=11916"},{"taxonomy":"product_tag","embeddable":true,"href":"https:\/\/www.hoogstra-autosport.nl\/de\/wp-json\/wp\/v2\/product_tag?post=11916"}],"curies":[{"name":"wp","href":"https:\/\/api.w.org\/{rel}","templated":true}]}}