{"id":11890,"date":"2017-11-14T10:13:50","date_gmt":"2017-11-14T09:13:50","guid":{"rendered":"http:\/\/hoogstra-autosport.nl\/?product=remolie-dot-4-0-lv"},"modified":"2025-12-02T11:04:57","modified_gmt":"2025-12-02T10:04:57","slug":"remolie-dot-4-0-lv","status":"publish","type":"product","link":"https:\/\/www.hoogstra-autosport.nl\/de\/produkt\/remolie-dot-4-0-lv\/","title":{"rendered":"Bremsen\u00f6l Dot 4.0 LV"},"content":{"rendered":"<p>Brems\u00f6l Dot 4 von Eurol.<\/p>\n<p>Einfach gutes Brems\u00f6l mit hohem Siedepunkt, daher f\u00fcr den Wettbewerb geeignet<\/p>\n<p>1 Liter<\/p>\n<p>Eurol DOT 4 LV hat einen hohen Nasssiedepunkt, der das Risiko der Dampfbildung im Bremssystem deutlich reduziert. Dies ist wichtig bei der Verwendung asbestfreier Bremsbel\u00e4ge sowie bei h\u00e4ufigem Bremsen (z. B. im Gebirge und\/oder mit Anh\u00e4nger) und der damit verbundenen h\u00f6heren W\u00e4rmeentwicklung.<\/p>","protected":false},"excerpt":{"rendered":"<p>Remolie Dot 4 van Eurol. Gewoon goede remolie met een hoog kookpunt dus geschikt voor competitie 1 liter Eurol DOT 4 LV heeft een hoog nat kookpunt waardoor de kans op dampvorming in het remsysteem aanzienlijk verkleind wordt. Dit is belangrijk bij het gebruik van asbestvrije remvoeringen, alsmede bij frequent remmen (bv. in de bergen [&hellip;]<\/p>\n","protected":false},"featured_media":94357,"template":"","meta":{"_acf_changed":false},"product_brand":[],"product_cat":[2756,2732],"product_tag":[],"class_list":{"0":"post-11890","1":"product","2":"type-product","3":"status-publish","4":"has-post-thumbnail","6":"product_cat-remolie","7":"product_cat-versnellingsbak-olie-remvloeistof","8":"product_shipping_class-4016","10":"first","11":"instock","12":"taxable","13":"shipping-taxable","14":"purchasable","15":"product-type-simple"},"acf":[],"yoast_head":"<!-- This site is optimized with the Yoast SEO plugin v27.1.1 - https:\/\/yoast.com\/product\/yoast-seo-wordpress\/ -->\n<title>Remolie Dot 4.0 LV - Hoogstra Autosport<\/title>\n<meta name=\"robots\" content=\"index, follow, max-snippet:-1, max-image-preview:large, max-video-preview:-1\" \/>\n<link rel=\"canonical\" href=\"https:\/\/www.hoogstra-autosport.nl\/de\/produkt\/remolie-dot-4-0-lv\/\" \/>\n<meta property=\"og:locale\" content=\"de_DE\" \/>\n<meta property=\"og:type\" content=\"article\" \/>\n<meta property=\"og:title\" content=\"Remolie Dot 4.0 LV - Hoogstra Autosport\" \/>\n<meta property=\"og:description\" content=\"Remolie Dot 4 van Eurol. Gewoon goede remolie met een hoog kookpunt dus geschikt voor competitie 1 liter Eurol DOT 4 LV heeft een hoog nat kookpunt waardoor de kans op dampvorming in het remsysteem aanzienlijk verkleind wordt. Dit is belangrijk bij het gebruik van asbestvrije remvoeringen, alsmede bij frequent remmen (bv. in de bergen [&hellip;]\" \/>\n<meta property=\"og:url\" content=\"https:\/\/www.hoogstra-autosport.nl\/de\/produkt\/remolie-dot-4-0-lv\/\" \/>\n<meta property=\"og:site_name\" content=\"Hoogstra Autosport\" \/>\n<meta property=\"article:modified_time\" content=\"2025-12-02T10:04:57+00:00\" \/>\n<meta property=\"og:image\" content=\"https:\/\/www.hoogstra-autosport.nl\/teamkoen\/wp-content\/uploads\/2017\/11\/Untitled-Project-8.jpg\" \/>\n\t<meta property=\"og:image:width\" content=\"1000\" \/>\n\t<meta property=\"og:image:height\" content=\"1000\" \/>\n\t<meta property=\"og:image:type\" content=\"image\/jpeg\" \/>\n<meta name=\"twitter:card\" content=\"summary_large_image\" \/>\n<meta name=\"twitter:label1\" content=\"Gesch\u00e4tzte Lesezeit\" \/>\n\t<meta name=\"twitter:data1\" content=\"1\u00a0Minute\" \/>\n<script type=\"application\/ld+json\" class=\"yoast-schema-graph\">{\"@context\":\"https:\/\/schema.org\",\"@graph\":[{\"@type\":\"WebPage\",\"@id\":\"https:\/\/www.hoogstra-autosport.nl\/product\/remolie-dot-4-0-lv\/\",\"url\":\"https:\/\/www.hoogstra-autosport.nl\/product\/remolie-dot-4-0-lv\/\",\"name\":\"Remolie Dot 4.0 LV - Hoogstra Autosport\",\"isPartOf\":{\"@id\":\"https:\/\/www.hoogstra-autosport.nl\/#website\"},\"primaryImageOfPage\":{\"@id\":\"https:\/\/www.hoogstra-autosport.nl\/product\/remolie-dot-4-0-lv\/#primaryimage\"},\"image\":{\"@id\":\"https:\/\/www.hoogstra-autosport.nl\/product\/remolie-dot-4-0-lv\/#primaryimage\"},\"thumbnailUrl\":\"https:\/\/www.hoogstra-autosport.nl\/teamkoen\/wp-content\/uploads\/2017\/11\/Untitled-Project-8.jpg\",\"datePublished\":\"2017-11-14T09:13:50+00:00\",\"dateModified\":\"2025-12-02T10:04:57+00:00\",\"breadcrumb\":{\"@id\":\"https:\/\/www.hoogstra-autosport.nl\/product\/remolie-dot-4-0-lv\/#breadcrumb\"},\"inLanguage\":\"de\",\"potentialAction\":[{\"@type\":\"ReadAction\",\"target\":[\"https:\/\/www.hoogstra-autosport.nl\/product\/remolie-dot-4-0-lv\/\"]}]},{\"@type\":\"ImageObject\",\"inLanguage\":\"de\",\"@id\":\"https:\/\/www.hoogstra-autosport.nl\/product\/remolie-dot-4-0-lv\/#primaryimage\",\"url\":\"https:\/\/www.hoogstra-autosport.nl\/teamkoen\/wp-content\/uploads\/2017\/11\/Untitled-Project-8.jpg\",\"contentUrl\":\"https:\/\/www.hoogstra-autosport.nl\/teamkoen\/wp-content\/uploads\/2017\/11\/Untitled-Project-8.jpg\",\"width\":1000,\"height\":1000},{\"@type\":\"BreadcrumbList\",\"@id\":\"https:\/\/www.hoogstra-autosport.nl\/product\/remolie-dot-4-0-lv\/#breadcrumb\",\"itemListElement\":[{\"@type\":\"ListItem\",\"position\":1,\"name\":\"Home\",\"item\":\"https:\/\/www.hoogstra-autosport.nl\/\"},{\"@type\":\"ListItem\",\"position\":2,\"name\":\"Remmen\",\"item\":\"https:\/\/www.hoogstra-autosport.nl\/product-categorie\/remmen-2\/\"},{\"@type\":\"ListItem\",\"position\":3,\"name\":\"Remolie\",\"item\":\"https:\/\/www.hoogstra-autosport.nl\/product-categorie\/remmen-2\/remolie\/\"},{\"@type\":\"ListItem\",\"position\":4,\"name\":\"Remolie Dot 4.0 LV\"}]},{\"@type\":\"WebSite\",\"@id\":\"https:\/\/www.hoogstra-autosport.nl\/#website\",\"url\":\"https:\/\/www.hoogstra-autosport.nl\/\",\"name\":\"Hoogstra Autosport\",\"description\":\"Performance Autosport Parts!\",\"potentialAction\":[{\"@type\":\"SearchAction\",\"target\":{\"@type\":\"EntryPoint\",\"urlTemplate\":\"https:\/\/www.hoogstra-autosport.nl\/?s={search_term_string}\"},\"query-input\":{\"@type\":\"PropertyValueSpecification\",\"valueRequired\":true,\"valueName\":\"search_term_string\"}}],\"inLanguage\":\"de\"}]}<\/script>\n<!-- \/ Yoast SEO plugin. -->","yoast_head_json":{"title":"Remolie Dot 4.0 LV - Hoogstra Autosport","robots":{"index":"index","follow":"follow","max-snippet":"max-snippet:-1","max-image-preview":"max-image-preview:large","max-video-preview":"max-video-preview:-1"},"canonical":"https:\/\/www.hoogstra-autosport.nl\/de\/produkt\/remolie-dot-4-0-lv\/","og_locale":"de_DE","og_type":"article","og_title":"Remolie Dot 4.0 LV - Hoogstra Autosport","og_description":"Remolie Dot 4 van Eurol. Gewoon goede remolie met een hoog kookpunt dus geschikt voor competitie 1 liter Eurol DOT 4 LV heeft een hoog nat kookpunt waardoor de kans op dampvorming in het remsysteem aanzienlijk verkleind wordt. Dit is belangrijk bij het gebruik van asbestvrije remvoeringen, alsmede bij frequent remmen (bv. in de bergen [&hellip;]","og_url":"https:\/\/www.hoogstra-autosport.nl\/de\/produkt\/remolie-dot-4-0-lv\/","og_site_name":"Hoogstra Autosport","article_modified_time":"2025-12-02T10:04:57+00:00","og_image":[{"width":1000,"height":1000,"url":"https:\/\/www.hoogstra-autosport.nl\/teamkoen\/wp-content\/uploads\/2017\/11\/Untitled-Project-8.jpg","type":"image\/jpeg"}],"twitter_card":"summary_large_image","twitter_misc":{"Gesch\u00e4tzte Lesezeit":"1\u00a0Minute"},"schema":{"@context":"https:\/\/schema.org","@graph":[{"@type":"WebPage","@id":"https:\/\/www.hoogstra-autosport.nl\/product\/remolie-dot-4-0-lv\/","url":"https:\/\/www.hoogstra-autosport.nl\/product\/remolie-dot-4-0-lv\/","name":"Remolie Dot 4.0 LV - Hoogstra Autosport","isPartOf":{"@id":"https:\/\/www.hoogstra-autosport.nl\/#website"},"primaryImageOfPage":{"@id":"https:\/\/www.hoogstra-autosport.nl\/product\/remolie-dot-4-0-lv\/#primaryimage"},"image":{"@id":"https:\/\/www.hoogstra-autosport.nl\/product\/remolie-dot-4-0-lv\/#primaryimage"},"thumbnailUrl":"https:\/\/www.hoogstra-autosport.nl\/teamkoen\/wp-content\/uploads\/2017\/11\/Untitled-Project-8.jpg","datePublished":"2017-11-14T09:13:50+00:00","dateModified":"2025-12-02T10:04:57+00:00","breadcrumb":{"@id":"https:\/\/www.hoogstra-autosport.nl\/product\/remolie-dot-4-0-lv\/#breadcrumb"},"inLanguage":"de","potentialAction":[{"@type":"ReadAction","target":["https:\/\/www.hoogstra-autosport.nl\/product\/remolie-dot-4-0-lv\/"]}]},{"@type":"ImageObject","inLanguage":"de","@id":"https:\/\/www.hoogstra-autosport.nl\/product\/remolie-dot-4-0-lv\/#primaryimage","url":"https:\/\/www.hoogstra-autosport.nl\/teamkoen\/wp-content\/uploads\/2017\/11\/Untitled-Project-8.jpg","contentUrl":"https:\/\/www.hoogstra-autosport.nl\/teamkoen\/wp-content\/uploads\/2017\/11\/Untitled-Project-8.jpg","width":1000,"height":1000},{"@type":"BreadcrumbList","@id":"https:\/\/www.hoogstra-autosport.nl\/product\/remolie-dot-4-0-lv\/#breadcrumb","itemListElement":[{"@type":"ListItem","position":1,"name":"Home","item":"https:\/\/www.hoogstra-autosport.nl\/"},{"@type":"ListItem","position":2,"name":"Remmen","item":"https:\/\/www.hoogstra-autosport.nl\/product-categorie\/remmen-2\/"},{"@type":"ListItem","position":3,"name":"Remolie","item":"https:\/\/www.hoogstra-autosport.nl\/product-categorie\/remmen-2\/remolie\/"},{"@type":"ListItem","position":4,"name":"Remolie Dot 4.0 LV"}]},{"@type":"WebSite","@id":"https:\/\/www.hoogstra-autosport.nl\/#website","url":"https:\/\/www.hoogstra-autosport.nl\/","name":"Hoogstra Autosport","description":"Performance Autosport Parts!","potentialAction":[{"@type":"SearchAction","target":{"@type":"EntryPoint","urlTemplate":"https:\/\/www.hoogstra-autosport.nl\/?s={search_term_string}"},"query-input":{"@type":"PropertyValueSpecification","valueRequired":true,"valueName":"search_term_string"}}],"inLanguage":"de"}]}},"tiered_pricing_type":"fixed","tiered_pricing_fixed_rules":[],"tiered_pricing_product_settings":{"layout":"default","base_unit_name":{"singular":null,"plural":null},"default_variation":null},"tiered_pricing_minimum_quantity":null,"tiered_pricing_roles_data":[],"tiered_pricing_percentage_rules":[],"tiered_pricing_maximum_quantity":null,"tiered_pricing_quantity_step":null,"_links":{"self":[{"href":"https:\/\/www.hoogstra-autosport.nl\/de\/wp-json\/wp\/v2\/product\/11890","targetHints":{"allow":["GET"]}}],"collection":[{"href":"https:\/\/www.hoogstra-autosport.nl\/de\/wp-json\/wp\/v2\/product"}],"about":[{"href":"https:\/\/www.hoogstra-autosport.nl\/de\/wp-json\/wp\/v2\/types\/product"}],"wp:featuredmedia":[{"embeddable":true,"href":"https:\/\/www.hoogstra-autosport.nl\/de\/wp-json\/wp\/v2\/media\/94357"}],"wp:attachment":[{"href":"https:\/\/www.hoogstra-autosport.nl\/de\/wp-json\/wp\/v2\/media?parent=11890"}],"wp:term":[{"taxonomy":"product_brand","embeddable":true,"href":"https:\/\/www.hoogstra-autosport.nl\/de\/wp-json\/wp\/v2\/product_brand?post=11890"},{"taxonomy":"product_cat","embeddable":true,"href":"https:\/\/www.hoogstra-autosport.nl\/de\/wp-json\/wp\/v2\/product_cat?post=11890"},{"taxonomy":"product_tag","embeddable":true,"href":"https:\/\/www.hoogstra-autosport.nl\/de\/wp-json\/wp\/v2\/product_tag?post=11890"}],"curies":[{"name":"wp","href":"https:\/\/api.w.org\/{rel}","templated":true}]}}