{"id":11348,"date":"2017-03-06T14:20:57","date_gmt":"2017-03-06T14:20:57","guid":{"rendered":"http:\/\/hoogstra-autosport.nl\/?product=brandvertragende-overall-wulf-zwart-wit"},"modified":"2025-10-03T17:06:23","modified_gmt":"2025-10-03T15:06:23","slug":"brandvertragende-overall-wulf-zwart-wit","status":"publish","type":"product","link":"https:\/\/www.hoogstra-autosport.nl\/de\/produkt\/brandvertragende-overall-wulf-zwart-wit\/","title":{"rendered":"Feuerhemmender Overall Wulf BLACK-WHITE"},"content":{"rendered":"<p>Feuerhemmender Overall einlagig<\/p>\n<p>Wulf Sport<\/p>\n<p>Material: Proban flammhemmend<\/p>\n<p>Erf\u00fcllt die folgenden Anforderungen: ISO14116 :2008 ISO11611 :2007 ISO611612 :2008<\/p>\n<p>Perfekte Passform durch Gummizug. Passt perfekt um den K\u00f6rper, keine Taschen.<\/p>\n<p>Erh\u00e4ltlich in den Ausf\u00fchrungen : Schwarz Wei\u00df Gelb Rot Schwarz Orange Schwarz Blau NEON Schwarz Blau Rot Schwarz<\/p>\n<p>Gr\u00f6\u00dfen : Gr\u00f6\u00dfen sind in s-3xl erh\u00e4ltlich Gr\u00f6\u00dfe L 54 XL56 XXL 58 XXXL 60-62<\/p>\n<p>Am besten, Sie kommen in unser Gesch\u00e4ft und probieren sie an.<\/p>\n<p>EN ISO 11612<\/p>\n<p>Die Bekleidungsnorm ISO 11612 ersetzt die EN 531 und sch\u00fctzt vor Hitze und Flammen. Mit der Bekleidungsnorm ISO 11612 wird der Tr\u00e4ger gegen kurzzeitigen Kontakt mit Flammen, Spritzern von geschmolzenem Metall sowie Strahlungs- und Konvektionshitze gesch\u00fctzt. Im Rahmen dieser Norm werden die Flammwidrigkeit des Gewebes und die W\u00e4rme\u00fcbertragung auf die Haut untersucht. Die Tests messen unter anderem das Risiko von Verbrennungen zweiten Grades.<\/p>\n<p>EN ISO 11612 f\u00fcr die Tr\u00e4gerin oder den Tr\u00e4ger<\/p>\n<p>Die Norm EN ISO 11612 garantiert, dass ein Kleidungsst\u00fcck nicht durchbrennt, wenn es mit einer Flamme in Ber\u00fchrung kommt. Allerdings ist es wichtig, dass die Kleidung sauber ist und der Tr\u00e4ger sich so schnell wie m\u00f6glich von der Flamme entfernt. Andernfalls kann das Kleidungsst\u00fcck dennoch ausbrennen. Die ISO-Norm 11612 bietet dem Tr\u00e4ger Zeit zur Flucht. Wenn er sich von der Gefahr entfernt, erlischt die Flamme auf der Kleidung. Die Dicke des Stoffes sch\u00fctzt den Tr\u00e4ger vor Verbrennungen zweiten Grades.<\/p>\n<p>Entspricht der Norm EN ISO 11612<\/p>\n<p>Der Stoff darf sich nicht entz\u00fcnden und muss die W\u00e4rme\u00fcbertragung auf die Haut so weit wie m\u00f6glich verhindern.<br \/>\nDie Kleidung muss jederzeit den gesamten K\u00f6rper bedecken.<br \/>\nDie Kleidung sollte Funken so weit wie m\u00f6glich verhindern.<\/p>\n<p>Die S\u00e4cke m\u00fcssen abgedeckt sein<br \/>\nFalten oder erh\u00f6hte Kanten m\u00fcssen vermieden werden<\/p>\n<p>Rei\u00dfverschl\u00fcsse sind nicht zu empfehlen, da sie das Ausziehen des Kleidungsst\u00fccks in einer Notsituation erschweren.<br \/>\nMetallverschl\u00fcsse sollten nicht direkt auf der Haut liegen<\/p>\n<p>ISO 11612 und Wartung<\/p>\n<p>Kleidung mit der Norm ISO 11612 muss professionell gepflegt werden, um ihre flammhemmenden Eigenschaften zu erhalten. Der Flammschutz nimmt ab, wenn die Kleidung verschmutzt ist. Es ist daher wichtig, dass die Tr\u00e4ger immer ausreichend saubere Kleidung mit der ISO 11612-Norm zur Hand haben und bei Bedarf wechseln k\u00f6nnen.<\/p>\n<p>Berendsen reinigt die Kleidung regelm\u00e4\u00dfig. Nach jeder Reinigung wird die Qualit\u00e4t der Kleidung \u00fcberpr\u00fcft und, falls erforderlich, repariert. Die Reparaturen werden mit schwer entflammbarem Material und unter Einhaltung der Sicherheitsrichtlinien durchgef\u00fchrt. So entspricht Ihre Kleidung immer den neuesten Standards.<\/p>\n<p>Wichtig<\/p>\n<p>Stellen Sie ausreichend Kleidung zur Verf\u00fcgung, damit sich die Mitarbeiter bei Bedarf jederzeit umziehen k\u00f6nnen.<\/p>\n<p>Der ganze K\u00f6rper muss gesch\u00fctzt werden. Denken Sie also auch an Schuhe, Handschuhe und Gesichtsschutz.<\/p>\n<p>Bei intensiven und risikoreichen Schwei\u00df- und Schleifarbeiten empfehlen wir auch die Verwendung von Schwei\u00dfersch\u00fcrzen. Sowohl f\u00fcr die Sicherheit des Tr\u00e4gers als auch zur Verl\u00e4ngerung der Lebensdauer der Kleidung.<\/p>","protected":false},"excerpt":{"rendered":"<p>Brandvertragende Overall Enkel Laags Wulf Sport Materiaal : Proban Flame Retardent Voldoet aan de volgende eisen : ISO14116 :2008 ISO11611 : 2007 ISO611612 :2008 Perfecte pasvorm dmv elastiek. Sluit heel mooi aan om het lichaam geen plofzak. Leverbaar in modellen : Zwart Wit Zwart Geel Rood Zwart Oranje Zwart Blauw Zwart NEON Zwart Blauw Rood [&hellip;]<\/p>\n","protected":false},"featured_media":91634,"template":"","meta":{"_acf_changed":false},"product_brand":[],"product_cat":[2680],"product_tag":[],"class_list":{"0":"post-11348","1":"product","2":"type-product","3":"status-publish","4":"has-post-thumbnail","6":"product_cat-brandvertragende-overall","7":"product_shipping_class-4016","9":"first","10":"instock","11":"taxable","12":"shipping-taxable","13":"purchasable","14":"product-type-variable"},"acf":[],"yoast_head":"<!-- This site is optimized with the Yoast SEO plugin v27.1.1 - https:\/\/yoast.com\/product\/yoast-seo-wordpress\/ -->\n<title>Brandvertragende Overall Wulf ZWART-WIT - Hoogstra Autosport<\/title>\n<meta name=\"robots\" content=\"index, follow, max-snippet:-1, max-image-preview:large, max-video-preview:-1\" \/>\n<link rel=\"canonical\" href=\"https:\/\/www.hoogstra-autosport.nl\/de\/produkt\/brandvertragende-overall-wulf-zwart-wit\/\" \/>\n<meta property=\"og:locale\" content=\"de_DE\" \/>\n<meta property=\"og:type\" content=\"article\" \/>\n<meta property=\"og:title\" content=\"Brandvertragende Overall Wulf ZWART-WIT - Hoogstra Autosport\" \/>\n<meta property=\"og:description\" content=\"Brandvertragende Overall Enkel Laags Wulf Sport Materiaal : Proban Flame Retardent Voldoet aan de volgende eisen : ISO14116 :2008 ISO11611 : 2007 ISO611612 :2008 Perfecte pasvorm dmv elastiek. Sluit heel mooi aan om het lichaam geen plofzak. Leverbaar in modellen : Zwart Wit Zwart Geel Rood Zwart Oranje Zwart Blauw Zwart NEON Zwart Blauw Rood [&hellip;]\" \/>\n<meta property=\"og:url\" content=\"https:\/\/www.hoogstra-autosport.nl\/de\/produkt\/brandvertragende-overall-wulf-zwart-wit\/\" \/>\n<meta property=\"og:site_name\" content=\"Hoogstra Autosport\" \/>\n<meta property=\"article:modified_time\" content=\"2025-10-03T15:06:23+00:00\" \/>\n<meta property=\"og:image\" content=\"https:\/\/www.hoogstra-autosport.nl\/teamkoen\/wp-content\/uploads\/2023\/05\/Wulf-zwart.jpg\" \/>\n\t<meta property=\"og:image:width\" content=\"1000\" \/>\n\t<meta property=\"og:image:height\" content=\"1000\" \/>\n\t<meta property=\"og:image:type\" content=\"image\/jpeg\" \/>\n<meta name=\"twitter:card\" content=\"summary_large_image\" \/>\n<meta name=\"twitter:label1\" content=\"Gesch\u00e4tzte Lesezeit\" \/>\n\t<meta name=\"twitter:data1\" content=\"3\u00a0Minuten\" \/>\n<script type=\"application\/ld+json\" class=\"yoast-schema-graph\">{\"@context\":\"https:\/\/schema.org\",\"@graph\":[{\"@type\":\"WebPage\",\"@id\":\"https:\/\/www.hoogstra-autosport.nl\/product\/brandvertragende-overall-wulf-zwart-wit\/\",\"url\":\"https:\/\/www.hoogstra-autosport.nl\/product\/brandvertragende-overall-wulf-zwart-wit\/\",\"name\":\"Brandvertragende Overall Wulf ZWART-WIT - Hoogstra Autosport\",\"isPartOf\":{\"@id\":\"https:\/\/www.hoogstra-autosport.nl\/#website\"},\"primaryImageOfPage\":{\"@id\":\"https:\/\/www.hoogstra-autosport.nl\/product\/brandvertragende-overall-wulf-zwart-wit\/#primaryimage\"},\"image\":{\"@id\":\"https:\/\/www.hoogstra-autosport.nl\/product\/brandvertragende-overall-wulf-zwart-wit\/#primaryimage\"},\"thumbnailUrl\":\"https:\/\/www.hoogstra-autosport.nl\/teamkoen\/wp-content\/uploads\/2023\/05\/Wulf-zwart.jpg\",\"datePublished\":\"2017-03-06T14:20:57+00:00\",\"dateModified\":\"2025-10-03T15:06:23+00:00\",\"breadcrumb\":{\"@id\":\"https:\/\/www.hoogstra-autosport.nl\/product\/brandvertragende-overall-wulf-zwart-wit\/#breadcrumb\"},\"inLanguage\":\"de\",\"potentialAction\":[{\"@type\":\"ReadAction\",\"target\":[\"https:\/\/www.hoogstra-autosport.nl\/product\/brandvertragende-overall-wulf-zwart-wit\/\"]}]},{\"@type\":\"ImageObject\",\"inLanguage\":\"de\",\"@id\":\"https:\/\/www.hoogstra-autosport.nl\/product\/brandvertragende-overall-wulf-zwart-wit\/#primaryimage\",\"url\":\"https:\/\/www.hoogstra-autosport.nl\/teamkoen\/wp-content\/uploads\/2023\/05\/Wulf-zwart.jpg\",\"contentUrl\":\"https:\/\/www.hoogstra-autosport.nl\/teamkoen\/wp-content\/uploads\/2023\/05\/Wulf-zwart.jpg\",\"width\":1000,\"height\":1000},{\"@type\":\"BreadcrumbList\",\"@id\":\"https:\/\/www.hoogstra-autosport.nl\/product\/brandvertragende-overall-wulf-zwart-wit\/#breadcrumb\",\"itemListElement\":[{\"@type\":\"ListItem\",\"position\":1,\"name\":\"Home\",\"item\":\"https:\/\/www.hoogstra-autosport.nl\/\"},{\"@type\":\"ListItem\",\"position\":2,\"name\":\"Uitrusting\",\"item\":\"https:\/\/www.hoogstra-autosport.nl\/product-categorie\/autosport-kleding-helmen\/\"},{\"@type\":\"ListItem\",\"position\":3,\"name\":\"Autosport Kleding\",\"item\":\"https:\/\/www.hoogstra-autosport.nl\/product-categorie\/autosport-kleding-helmen\/autosport-kleding\/\"},{\"@type\":\"ListItem\",\"position\":4,\"name\":\"Overalls\",\"item\":\"https:\/\/www.hoogstra-autosport.nl\/product-categorie\/autosport-kleding-helmen\/autosport-kleding\/overalls\/\"},{\"@type\":\"ListItem\",\"position\":5,\"name\":\"Brandvertragende Overall\",\"item\":\"https:\/\/www.hoogstra-autosport.nl\/product-categorie\/autosport-kleding-helmen\/autosport-kleding\/overalls\/brandvertragende-overall\/\"},{\"@type\":\"ListItem\",\"position\":6,\"name\":\"Brandvertragende Overall Wulf ZWART-WIT\"}]},{\"@type\":\"WebSite\",\"@id\":\"https:\/\/www.hoogstra-autosport.nl\/#website\",\"url\":\"https:\/\/www.hoogstra-autosport.nl\/\",\"name\":\"Hoogstra Autosport\",\"description\":\"Performance Autosport Parts!\",\"potentialAction\":[{\"@type\":\"SearchAction\",\"target\":{\"@type\":\"EntryPoint\",\"urlTemplate\":\"https:\/\/www.hoogstra-autosport.nl\/?s={search_term_string}\"},\"query-input\":{\"@type\":\"PropertyValueSpecification\",\"valueRequired\":true,\"valueName\":\"search_term_string\"}}],\"inLanguage\":\"de\"}]}<\/script>\n<!-- \/ Yoast SEO plugin. -->","yoast_head_json":{"title":"Brandvertragende Overall Wulf ZWART-WIT - Hoogstra Autosport","robots":{"index":"index","follow":"follow","max-snippet":"max-snippet:-1","max-image-preview":"max-image-preview:large","max-video-preview":"max-video-preview:-1"},"canonical":"https:\/\/www.hoogstra-autosport.nl\/de\/produkt\/brandvertragende-overall-wulf-zwart-wit\/","og_locale":"de_DE","og_type":"article","og_title":"Brandvertragende Overall Wulf ZWART-WIT - Hoogstra Autosport","og_description":"Brandvertragende Overall Enkel Laags Wulf Sport Materiaal : Proban Flame Retardent Voldoet aan de volgende eisen : ISO14116 :2008 ISO11611 : 2007 ISO611612 :2008 Perfecte pasvorm dmv elastiek. Sluit heel mooi aan om het lichaam geen plofzak. Leverbaar in modellen : Zwart Wit Zwart Geel Rood Zwart Oranje Zwart Blauw Zwart NEON Zwart Blauw Rood [&hellip;]","og_url":"https:\/\/www.hoogstra-autosport.nl\/de\/produkt\/brandvertragende-overall-wulf-zwart-wit\/","og_site_name":"Hoogstra Autosport","article_modified_time":"2025-10-03T15:06:23+00:00","og_image":[{"width":1000,"height":1000,"url":"https:\/\/www.hoogstra-autosport.nl\/teamkoen\/wp-content\/uploads\/2023\/05\/Wulf-zwart.jpg","type":"image\/jpeg"}],"twitter_card":"summary_large_image","twitter_misc":{"Gesch\u00e4tzte Lesezeit":"3\u00a0Minuten"},"schema":{"@context":"https:\/\/schema.org","@graph":[{"@type":"WebPage","@id":"https:\/\/www.hoogstra-autosport.nl\/product\/brandvertragende-overall-wulf-zwart-wit\/","url":"https:\/\/www.hoogstra-autosport.nl\/product\/brandvertragende-overall-wulf-zwart-wit\/","name":"Brandvertragende Overall Wulf ZWART-WIT - Hoogstra Autosport","isPartOf":{"@id":"https:\/\/www.hoogstra-autosport.nl\/#website"},"primaryImageOfPage":{"@id":"https:\/\/www.hoogstra-autosport.nl\/product\/brandvertragende-overall-wulf-zwart-wit\/#primaryimage"},"image":{"@id":"https:\/\/www.hoogstra-autosport.nl\/product\/brandvertragende-overall-wulf-zwart-wit\/#primaryimage"},"thumbnailUrl":"https:\/\/www.hoogstra-autosport.nl\/teamkoen\/wp-content\/uploads\/2023\/05\/Wulf-zwart.jpg","datePublished":"2017-03-06T14:20:57+00:00","dateModified":"2025-10-03T15:06:23+00:00","breadcrumb":{"@id":"https:\/\/www.hoogstra-autosport.nl\/product\/brandvertragende-overall-wulf-zwart-wit\/#breadcrumb"},"inLanguage":"de","potentialAction":[{"@type":"ReadAction","target":["https:\/\/www.hoogstra-autosport.nl\/product\/brandvertragende-overall-wulf-zwart-wit\/"]}]},{"@type":"ImageObject","inLanguage":"de","@id":"https:\/\/www.hoogstra-autosport.nl\/product\/brandvertragende-overall-wulf-zwart-wit\/#primaryimage","url":"https:\/\/www.hoogstra-autosport.nl\/teamkoen\/wp-content\/uploads\/2023\/05\/Wulf-zwart.jpg","contentUrl":"https:\/\/www.hoogstra-autosport.nl\/teamkoen\/wp-content\/uploads\/2023\/05\/Wulf-zwart.jpg","width":1000,"height":1000},{"@type":"BreadcrumbList","@id":"https:\/\/www.hoogstra-autosport.nl\/product\/brandvertragende-overall-wulf-zwart-wit\/#breadcrumb","itemListElement":[{"@type":"ListItem","position":1,"name":"Home","item":"https:\/\/www.hoogstra-autosport.nl\/"},{"@type":"ListItem","position":2,"name":"Uitrusting","item":"https:\/\/www.hoogstra-autosport.nl\/product-categorie\/autosport-kleding-helmen\/"},{"@type":"ListItem","position":3,"name":"Autosport Kleding","item":"https:\/\/www.hoogstra-autosport.nl\/product-categorie\/autosport-kleding-helmen\/autosport-kleding\/"},{"@type":"ListItem","position":4,"name":"Overalls","item":"https:\/\/www.hoogstra-autosport.nl\/product-categorie\/autosport-kleding-helmen\/autosport-kleding\/overalls\/"},{"@type":"ListItem","position":5,"name":"Brandvertragende Overall","item":"https:\/\/www.hoogstra-autosport.nl\/product-categorie\/autosport-kleding-helmen\/autosport-kleding\/overalls\/brandvertragende-overall\/"},{"@type":"ListItem","position":6,"name":"Brandvertragende Overall Wulf ZWART-WIT"}]},{"@type":"WebSite","@id":"https:\/\/www.hoogstra-autosport.nl\/#website","url":"https:\/\/www.hoogstra-autosport.nl\/","name":"Hoogstra Autosport","description":"Performance Autosport Parts!","potentialAction":[{"@type":"SearchAction","target":{"@type":"EntryPoint","urlTemplate":"https:\/\/www.hoogstra-autosport.nl\/?s={search_term_string}"},"query-input":{"@type":"PropertyValueSpecification","valueRequired":true,"valueName":"search_term_string"}}],"inLanguage":"de"}]}},"tiered_pricing_type":"fixed","tiered_pricing_fixed_rules":[],"tiered_pricing_product_settings":{"layout":"default","base_unit_name":{"singular":null,"plural":null},"default_variation":null},"tiered_pricing_minimum_quantity":null,"tiered_pricing_roles_data":[],"tiered_pricing_percentage_rules":[],"tiered_pricing_maximum_quantity":null,"tiered_pricing_quantity_step":null,"_links":{"self":[{"href":"https:\/\/www.hoogstra-autosport.nl\/de\/wp-json\/wp\/v2\/product\/11348","targetHints":{"allow":["GET"]}}],"collection":[{"href":"https:\/\/www.hoogstra-autosport.nl\/de\/wp-json\/wp\/v2\/product"}],"about":[{"href":"https:\/\/www.hoogstra-autosport.nl\/de\/wp-json\/wp\/v2\/types\/product"}],"wp:featuredmedia":[{"embeddable":true,"href":"https:\/\/www.hoogstra-autosport.nl\/de\/wp-json\/wp\/v2\/media\/91634"}],"wp:attachment":[{"href":"https:\/\/www.hoogstra-autosport.nl\/de\/wp-json\/wp\/v2\/media?parent=11348"}],"wp:term":[{"taxonomy":"product_brand","embeddable":true,"href":"https:\/\/www.hoogstra-autosport.nl\/de\/wp-json\/wp\/v2\/product_brand?post=11348"},{"taxonomy":"product_cat","embeddable":true,"href":"https:\/\/www.hoogstra-autosport.nl\/de\/wp-json\/wp\/v2\/product_cat?post=11348"},{"taxonomy":"product_tag","embeddable":true,"href":"https:\/\/www.hoogstra-autosport.nl\/de\/wp-json\/wp\/v2\/product_tag?post=11348"}],"curies":[{"name":"wp","href":"https:\/\/api.w.org\/{rel}","templated":true}]}}