{"id":32,"date":"2019-03-19T13:59:34","date_gmt":"2019-03-19T13:59:34","guid":{"rendered":"http:\/\/hoogstra-autosport.nl\/?page_id=32"},"modified":"2025-09-12T09:33:17","modified_gmt":"2025-09-12T07:33:17","slug":"algemene-voorwaarden","status":"publish","type":"page","link":"https:\/\/www.hoogstra-autosport.nl\/de\/algemene-voorwaarden\/","title":{"rendered":"Allgemeine Bedingungen und Konditionen"},"content":{"rendered":"<p><strong>Hoogstra Autosport B.V.<\/strong><br \/>\nIndustrieweg 26<br \/>\n7921JP Zuidwolde<br \/>\nTelefon: 06- 51 57 89 11<br \/>\nE-Mail: info@hoogstraautosport.nl<\/p>\n<p>Kontonummer:<br \/>\nIBAN: NL97 RABO 0171 2210 60<\/p>\n<p>Diese Bedingungen sind Bestandteil aller mit Hoogstra Autosport abgeschlossenen Angebote und Vertr\u00e4ge, soweit nicht ausdr\u00fccklich schriftlich von ihnen abgewichen wird.<\/p>\n<p><strong>Lieferfrist<\/strong><\/p>\n<p>Produkte, die ab Lager verf\u00fcgbar sind, werden so schnell wie m\u00f6glich nach Bezahlung der Bestellung versandt. Hoogstra Autosport kann f\u00fcr den Versand der bestellten Produkte Versandkosten in Rechnung stellen. Die Lieferung erfolgt an die Hoogstra Autosport bekannte Postanschrift.<\/p>\n<p><strong>Zahlung und Versand<\/strong><\/p>\n<p>Zahlung und Versand erfolgen per Vorauskasse. F\u00fcr die Zahlung verwenden Sie bitte die oben genannte Kontonummer im Namen von Hoogstra Autosport.<\/p>\n<p><strong>Preise<\/strong><\/p>\n<p>Soweit nicht anders angegeben, sind alle Preise in Euro inklusive Mehrwertsteuer angegeben. Aus unseren Verkaufspreisen k\u00f6nnen keine Rechte abgeleitet werden. Es ist m\u00f6glich, dass sich die Preise nach der Bezahlung der Bestellung \u00e4ndern k\u00f6nnen. Wir sind von den Preisen der Rohstoffe\/Lieferanten abh\u00e4ngig. Wir versuchen nat\u00fcrlich, dies so weit wie m\u00f6glich zu vermeiden.<\/p>\n<p><strong>Garantie<\/strong><\/p>\n<p>Hoogstra Autosport bietet keine weitere Garantie auf die gelieferten Waren als die Herstellergarantie. Der Kunde hat die gelieferte Ware sofort nach Erhalt zu pr\u00fcfen. Wenn sich herausstellt, dass das gelieferte Produkt falsch oder unvollst\u00e4ndig ist, muss der Kunde Hoogstra Autosport innerhalb von drei Werktagen nach der Lieferung dar\u00fcber informieren.<\/p>\n<p><strong>Urheberrecht<\/strong><\/p>\n<p>Die auf dieser Website angezeigten Daten, einschlie\u00dflich Text und Fotos, sind Eigentum von Hoogstra Autosport und urheberrechtlich gesch\u00fctzt. Den Nutzern der Website ist es nicht gestattet, den Inhalt der Website zu kopieren. Die Preise auf der Website sind in Euro angegeben und enthalten seit dem 01.10.2012 die 21%-Mehrwertsteuer. Preis\u00e4nderungen und Irrt\u00fcmer sind vorbehalten.<\/p>","protected":false},"excerpt":{"rendered":"<p>Hoogstra Autosport B.V. Industrieweg 24 7921JP Zuidwolde Telefoon: 06- 51 57 89 11 Email: info@hoogstraautosport.nl Rekeningnummer: IBAN: NL97 RABO 0171 2210 60 Deze voorwaarden maken deel uit van alle aanbiedingen en overeenkomsten gesloten met Hoogstra Autosport voor zover daarvan niet uitdrukkelijk schriftelijk is afgeweken. Levertijd Producten die uit voorraad leverbaar zijn, worden zo spoedig mogelijk [&hellip;]<\/p>\n","protected":false},"author":3084,"featured_media":0,"parent":0,"menu_order":0,"comment_status":"closed","ping_status":"closed","template":"","meta":{"_acf_changed":false,"footnotes":""},"class_list":["post-32","page","type-page","status-publish","hentry"],"acf":[],"yoast_head":"<!-- This site is optimized with the Yoast SEO plugin v27.1.1 - https:\/\/yoast.com\/product\/yoast-seo-wordpress\/ -->\n<title>Algemene voorwaarden - Hoogstra Autosport<\/title>\n<meta name=\"robots\" content=\"index, follow, max-snippet:-1, max-image-preview:large, max-video-preview:-1\" \/>\n<link rel=\"canonical\" href=\"https:\/\/www.hoogstra-autosport.nl\/de\/algemene-voorwaarden\/\" \/>\n<meta property=\"og:locale\" content=\"de_DE\" \/>\n<meta property=\"og:type\" content=\"article\" \/>\n<meta property=\"og:title\" content=\"Algemene voorwaarden - Hoogstra Autosport\" \/>\n<meta property=\"og:description\" content=\"Hoogstra Autosport B.V. Industrieweg 24 7921JP Zuidwolde Telefoon: 06- 51 57 89 11 Email: info@hoogstraautosport.nl Rekeningnummer: IBAN: NL97 RABO 0171 2210 60 Deze voorwaarden maken deel uit van alle aanbiedingen en overeenkomsten gesloten met Hoogstra Autosport voor zover daarvan niet uitdrukkelijk schriftelijk is afgeweken. Levertijd Producten die uit voorraad leverbaar zijn, worden zo spoedig mogelijk [&hellip;]\" \/>\n<meta property=\"og:url\" content=\"https:\/\/www.hoogstra-autosport.nl\/de\/algemene-voorwaarden\/\" \/>\n<meta property=\"og:site_name\" content=\"Hoogstra Autosport\" \/>\n<meta property=\"article:modified_time\" content=\"2025-09-12T07:33:17+00:00\" \/>\n<meta name=\"twitter:card\" content=\"summary_large_image\" \/>\n<meta name=\"twitter:label1\" content=\"Gesch\u00e4tzte Lesezeit\" \/>\n\t<meta name=\"twitter:data1\" content=\"2\u00a0Minuten\" \/>\n<script type=\"application\/ld+json\" class=\"yoast-schema-graph\">{\"@context\":\"https:\/\/schema.org\",\"@graph\":[{\"@type\":\"WebPage\",\"@id\":\"https:\/\/www.hoogstra-autosport.nl\/algemene-voorwaarden\/\",\"url\":\"https:\/\/www.hoogstra-autosport.nl\/algemene-voorwaarden\/\",\"name\":\"Algemene voorwaarden - Hoogstra Autosport\",\"isPartOf\":{\"@id\":\"https:\/\/www.hoogstra-autosport.nl\/#website\"},\"datePublished\":\"2019-03-19T13:59:34+00:00\",\"dateModified\":\"2025-09-12T07:33:17+00:00\",\"breadcrumb\":{\"@id\":\"https:\/\/www.hoogstra-autosport.nl\/algemene-voorwaarden\/#breadcrumb\"},\"inLanguage\":\"de\",\"potentialAction\":[{\"@type\":\"ReadAction\",\"target\":[\"https:\/\/www.hoogstra-autosport.nl\/algemene-voorwaarden\/\"]}]},{\"@type\":\"BreadcrumbList\",\"@id\":\"https:\/\/www.hoogstra-autosport.nl\/algemene-voorwaarden\/#breadcrumb\",\"itemListElement\":[{\"@type\":\"ListItem\",\"position\":1,\"name\":\"Home\",\"item\":\"https:\/\/www.hoogstra-autosport.nl\/\"},{\"@type\":\"ListItem\",\"position\":2,\"name\":\"Algemene voorwaarden\"}]},{\"@type\":\"WebSite\",\"@id\":\"https:\/\/www.hoogstra-autosport.nl\/#website\",\"url\":\"https:\/\/www.hoogstra-autosport.nl\/\",\"name\":\"Hoogstra Autosport\",\"description\":\"Performance Autosport Parts!\",\"potentialAction\":[{\"@type\":\"SearchAction\",\"target\":{\"@type\":\"EntryPoint\",\"urlTemplate\":\"https:\/\/www.hoogstra-autosport.nl\/?s={search_term_string}\"},\"query-input\":{\"@type\":\"PropertyValueSpecification\",\"valueRequired\":true,\"valueName\":\"search_term_string\"}}],\"inLanguage\":\"de\"}]}<\/script>\n<!-- \/ Yoast SEO plugin. -->","yoast_head_json":{"title":"Algemene voorwaarden - Hoogstra Autosport","robots":{"index":"index","follow":"follow","max-snippet":"max-snippet:-1","max-image-preview":"max-image-preview:large","max-video-preview":"max-video-preview:-1"},"canonical":"https:\/\/www.hoogstra-autosport.nl\/de\/algemene-voorwaarden\/","og_locale":"de_DE","og_type":"article","og_title":"Algemene voorwaarden - Hoogstra Autosport","og_description":"Hoogstra Autosport B.V. Industrieweg 24 7921JP Zuidwolde Telefoon: 06- 51 57 89 11 Email: info@hoogstraautosport.nl Rekeningnummer: IBAN: NL97 RABO 0171 2210 60 Deze voorwaarden maken deel uit van alle aanbiedingen en overeenkomsten gesloten met Hoogstra Autosport voor zover daarvan niet uitdrukkelijk schriftelijk is afgeweken. Levertijd Producten die uit voorraad leverbaar zijn, worden zo spoedig mogelijk [&hellip;]","og_url":"https:\/\/www.hoogstra-autosport.nl\/de\/algemene-voorwaarden\/","og_site_name":"Hoogstra Autosport","article_modified_time":"2025-09-12T07:33:17+00:00","twitter_card":"summary_large_image","twitter_misc":{"Gesch\u00e4tzte Lesezeit":"2\u00a0Minuten"},"schema":{"@context":"https:\/\/schema.org","@graph":[{"@type":"WebPage","@id":"https:\/\/www.hoogstra-autosport.nl\/algemene-voorwaarden\/","url":"https:\/\/www.hoogstra-autosport.nl\/algemene-voorwaarden\/","name":"Algemene voorwaarden - Hoogstra Autosport","isPartOf":{"@id":"https:\/\/www.hoogstra-autosport.nl\/#website"},"datePublished":"2019-03-19T13:59:34+00:00","dateModified":"2025-09-12T07:33:17+00:00","breadcrumb":{"@id":"https:\/\/www.hoogstra-autosport.nl\/algemene-voorwaarden\/#breadcrumb"},"inLanguage":"de","potentialAction":[{"@type":"ReadAction","target":["https:\/\/www.hoogstra-autosport.nl\/algemene-voorwaarden\/"]}]},{"@type":"BreadcrumbList","@id":"https:\/\/www.hoogstra-autosport.nl\/algemene-voorwaarden\/#breadcrumb","itemListElement":[{"@type":"ListItem","position":1,"name":"Home","item":"https:\/\/www.hoogstra-autosport.nl\/"},{"@type":"ListItem","position":2,"name":"Algemene voorwaarden"}]},{"@type":"WebSite","@id":"https:\/\/www.hoogstra-autosport.nl\/#website","url":"https:\/\/www.hoogstra-autosport.nl\/","name":"Hoogstra Autosport","description":"Performance Autosport Parts!","potentialAction":[{"@type":"SearchAction","target":{"@type":"EntryPoint","urlTemplate":"https:\/\/www.hoogstra-autosport.nl\/?s={search_term_string}"},"query-input":{"@type":"PropertyValueSpecification","valueRequired":true,"valueName":"search_term_string"}}],"inLanguage":"de"}]}},"_links":{"self":[{"href":"https:\/\/www.hoogstra-autosport.nl\/de\/wp-json\/wp\/v2\/pages\/32","targetHints":{"allow":["GET"]}}],"collection":[{"href":"https:\/\/www.hoogstra-autosport.nl\/de\/wp-json\/wp\/v2\/pages"}],"about":[{"href":"https:\/\/www.hoogstra-autosport.nl\/de\/wp-json\/wp\/v2\/types\/page"}],"author":[{"embeddable":true,"href":"https:\/\/www.hoogstra-autosport.nl\/de\/wp-json\/wp\/v2\/users\/3084"}],"replies":[{"embeddable":true,"href":"https:\/\/www.hoogstra-autosport.nl\/de\/wp-json\/wp\/v2\/comments?post=32"}],"version-history":[{"count":7,"href":"https:\/\/www.hoogstra-autosport.nl\/de\/wp-json\/wp\/v2\/pages\/32\/revisions"}],"predecessor-version":[{"id":90659,"href":"https:\/\/www.hoogstra-autosport.nl\/de\/wp-json\/wp\/v2\/pages\/32\/revisions\/90659"}],"wp:attachment":[{"href":"https:\/\/www.hoogstra-autosport.nl\/de\/wp-json\/wp\/v2\/media?parent=32"}],"curies":[{"name":"wp","href":"https:\/\/api.w.org\/{rel}","templated":true}]}}