{"id":26,"date":"2019-03-19T13:48:37","date_gmt":"2019-03-19T13:48:37","guid":{"rendered":"http:\/\/hoogstra-autosport.nl\/?page_id=26"},"modified":"2025-09-12T09:37:18","modified_gmt":"2025-09-12T07:37:18","slug":"over-ons","status":"publish","type":"page","link":"https:\/\/www.hoogstra-autosport.nl\/de\/over-ons\/","title":{"rendered":"\u00dcber uns"},"content":{"rendered":"<div class=\"wp-block-columns is-layout-flex wp-container-core-columns-is-layout-9d6595d7 wp-block-columns-is-layout-flex\">\n<div class=\"wp-block-column is-layout-flow wp-block-column-is-layout-flow\">\n<p>Liebe Motorsportfans,<\/p>\n\n\n\n<p>Hoogstra Autosport B.V. hat am 1. Januar 2011 mit dem Verkauf von Motorsportausr\u00fcstung begonnen. Wir m\u00f6chten Sie gerne mit den Produkten f\u00fcr den Sport versorgen. Sie k\u00f6nnen uns jederzeit f\u00fcr eine Beratung kontaktieren. Aber auch f\u00fcr Fragen \u00fcber bestimmte Produkte.<\/p>\n\n\n\n<p>Viel Spa\u00df auf unserer Website!<\/p>\n\n\n\n<p><strong>Hoogstra Autosport B.V.<\/strong><br>Industriestra\u00dfe 26<br>7921JP Zuidwolde<br>Telefon: 0528-854614<br>E-Mail: info@hoogstraautosport.nl<br>Kontonummer: 1712.21.060 \/ IBAN: NL97 RABO 0171 2210 60<\/p>\n<\/div>\n\n\n\n<div class=\"wp-block-column is-layout-flow wp-block-column-is-layout-flow\">\n<figure class=\"wp-block-image size-full\"><img loading=\"lazy\" decoding=\"async\" width=\"776\" height=\"720\" src=\"https:\/\/www.hoogstra-autosport.nl\/teamkoen\/wp-content\/uploads\/2025\/03\/original-5B0F7734-9A66-43F1-BE08-2583BBF8BD63.jpeg\" alt=\"\" class=\"wp-image-81960\" srcset=\"https:\/\/www.hoogstra-autosport.nl\/teamkoen\/wp-content\/uploads\/2025\/03\/original-5B0F7734-9A66-43F1-BE08-2583BBF8BD63.jpeg 776w, https:\/\/www.hoogstra-autosport.nl\/teamkoen\/wp-content\/uploads\/2025\/03\/original-5B0F7734-9A66-43F1-BE08-2583BBF8BD63-300x278.jpeg 300w, https:\/\/www.hoogstra-autosport.nl\/teamkoen\/wp-content\/uploads\/2025\/03\/original-5B0F7734-9A66-43F1-BE08-2583BBF8BD63-768x713.jpeg 768w, https:\/\/www.hoogstra-autosport.nl\/teamkoen\/wp-content\/uploads\/2025\/03\/original-5B0F7734-9A66-43F1-BE08-2583BBF8BD63-705x654.jpeg 705w, https:\/\/www.hoogstra-autosport.nl\/teamkoen\/wp-content\/uploads\/2025\/03\/original-5B0F7734-9A66-43F1-BE08-2583BBF8BD63-450x418.jpeg 450w, https:\/\/www.hoogstra-autosport.nl\/teamkoen\/wp-content\/uploads\/2025\/03\/original-5B0F7734-9A66-43F1-BE08-2583BBF8BD63-600x557.jpeg 600w\" sizes=\"auto, (max-width: 776px) 100vw, 776px\" \/><\/figure>\n<\/div>\n<\/div>\n\n\n\n<p>&nbsp;<\/p>\n\n\n\n<p>&nbsp;<\/p>","protected":false},"excerpt":{"rendered":"<p>Beste autosport liefhebber, Hoogstra Autosport B.V. is 1 januari 2011 gestart met de verkoop van autosportmaterialen. Wij willen u graag voorzien in de producten voor de sport. Voor advies kunt u ook altijd contact met ons opnemen. Maar ook voor vragen over bepaalde producten. Veel plezier op onze site! Hoogstra Autosport B.V.Industrieweg 267921JP ZuidwoldeTelefoon: 0528-854614Email: [&hellip;]<\/p>\n","protected":false},"author":3084,"featured_media":0,"parent":0,"menu_order":0,"comment_status":"closed","ping_status":"closed","template":"","meta":{"_acf_changed":false,"footnotes":""},"class_list":["post-26","page","type-page","status-publish","hentry"],"acf":[],"yoast_head":"<!-- This site is optimized with the Yoast SEO plugin v27.1.1 - https:\/\/yoast.com\/product\/yoast-seo-wordpress\/ -->\n<title>Over ons - Hoogstra Autosport<\/title>\n<meta name=\"robots\" content=\"index, follow, max-snippet:-1, max-image-preview:large, max-video-preview:-1\" \/>\n<link rel=\"canonical\" href=\"https:\/\/www.hoogstra-autosport.nl\/de\/over-ons\/\" \/>\n<meta property=\"og:locale\" content=\"de_DE\" \/>\n<meta property=\"og:type\" content=\"article\" \/>\n<meta property=\"og:title\" content=\"Over ons - Hoogstra Autosport\" \/>\n<meta property=\"og:description\" content=\"Beste autosport liefhebber, Hoogstra Autosport B.V. is 1 januari 2011 gestart met de verkoop van autosportmaterialen. Wij willen u graag voorzien in de producten voor de sport. Voor advies kunt u ook altijd contact met ons opnemen. Maar ook voor vragen over bepaalde producten. Veel plezier op onze site! Hoogstra Autosport B.V.Industrieweg 267921JP ZuidwoldeTelefoon: 0528-854614Email: [&hellip;]\" \/>\n<meta property=\"og:url\" content=\"https:\/\/www.hoogstra-autosport.nl\/de\/over-ons\/\" \/>\n<meta property=\"og:site_name\" content=\"Hoogstra Autosport\" \/>\n<meta property=\"article:modified_time\" content=\"2025-09-12T07:37:18+00:00\" \/>\n<meta property=\"og:image\" content=\"https:\/\/www.hoogstra-autosport.nl\/teamkoen\/wp-content\/uploads\/2025\/03\/original-5B0F7734-9A66-43F1-BE08-2583BBF8BD63.jpeg\" \/>\n\t<meta property=\"og:image:width\" content=\"776\" \/>\n\t<meta property=\"og:image:height\" content=\"720\" \/>\n\t<meta property=\"og:image:type\" content=\"image\/jpeg\" \/>\n<meta name=\"twitter:card\" content=\"summary_large_image\" \/>\n<meta name=\"twitter:label1\" content=\"Gesch\u00e4tzte Lesezeit\" \/>\n\t<meta name=\"twitter:data1\" content=\"1\u00a0Minute\" \/>\n<script type=\"application\/ld+json\" class=\"yoast-schema-graph\">{\"@context\":\"https:\/\/schema.org\",\"@graph\":[{\"@type\":\"WebPage\",\"@id\":\"https:\/\/www.hoogstra-autosport.nl\/over-ons\/\",\"url\":\"https:\/\/www.hoogstra-autosport.nl\/over-ons\/\",\"name\":\"Over ons - Hoogstra Autosport\",\"isPartOf\":{\"@id\":\"https:\/\/www.hoogstra-autosport.nl\/#website\"},\"primaryImageOfPage\":{\"@id\":\"https:\/\/www.hoogstra-autosport.nl\/over-ons\/#primaryimage\"},\"image\":{\"@id\":\"https:\/\/www.hoogstra-autosport.nl\/over-ons\/#primaryimage\"},\"thumbnailUrl\":\"https:\/\/www.hoogstra-autosport.nl\/teamkoen\/wp-content\/uploads\/2025\/03\/original-5B0F7734-9A66-43F1-BE08-2583BBF8BD63.jpeg\",\"datePublished\":\"2019-03-19T13:48:37+00:00\",\"dateModified\":\"2025-09-12T07:37:18+00:00\",\"breadcrumb\":{\"@id\":\"https:\/\/www.hoogstra-autosport.nl\/over-ons\/#breadcrumb\"},\"inLanguage\":\"de\",\"potentialAction\":[{\"@type\":\"ReadAction\",\"target\":[\"https:\/\/www.hoogstra-autosport.nl\/over-ons\/\"]}]},{\"@type\":\"ImageObject\",\"inLanguage\":\"de\",\"@id\":\"https:\/\/www.hoogstra-autosport.nl\/over-ons\/#primaryimage\",\"url\":\"https:\/\/www.hoogstra-autosport.nl\/teamkoen\/wp-content\/uploads\/2025\/03\/original-5B0F7734-9A66-43F1-BE08-2583BBF8BD63.jpeg\",\"contentUrl\":\"https:\/\/www.hoogstra-autosport.nl\/teamkoen\/wp-content\/uploads\/2025\/03\/original-5B0F7734-9A66-43F1-BE08-2583BBF8BD63.jpeg\"},{\"@type\":\"BreadcrumbList\",\"@id\":\"https:\/\/www.hoogstra-autosport.nl\/over-ons\/#breadcrumb\",\"itemListElement\":[{\"@type\":\"ListItem\",\"position\":1,\"name\":\"Home\",\"item\":\"https:\/\/www.hoogstra-autosport.nl\/\"},{\"@type\":\"ListItem\",\"position\":2,\"name\":\"Over ons\"}]},{\"@type\":\"WebSite\",\"@id\":\"https:\/\/www.hoogstra-autosport.nl\/#website\",\"url\":\"https:\/\/www.hoogstra-autosport.nl\/\",\"name\":\"Hoogstra Autosport\",\"description\":\"Performance Autosport Parts!\",\"potentialAction\":[{\"@type\":\"SearchAction\",\"target\":{\"@type\":\"EntryPoint\",\"urlTemplate\":\"https:\/\/www.hoogstra-autosport.nl\/?s={search_term_string}\"},\"query-input\":{\"@type\":\"PropertyValueSpecification\",\"valueRequired\":true,\"valueName\":\"search_term_string\"}}],\"inLanguage\":\"de\"}]}<\/script>\n<!-- \/ Yoast SEO plugin. -->","yoast_head_json":{"title":"Over ons - Hoogstra Autosport","robots":{"index":"index","follow":"follow","max-snippet":"max-snippet:-1","max-image-preview":"max-image-preview:large","max-video-preview":"max-video-preview:-1"},"canonical":"https:\/\/www.hoogstra-autosport.nl\/de\/over-ons\/","og_locale":"de_DE","og_type":"article","og_title":"Over ons - Hoogstra Autosport","og_description":"Beste autosport liefhebber, Hoogstra Autosport B.V. is 1 januari 2011 gestart met de verkoop van autosportmaterialen. Wij willen u graag voorzien in de producten voor de sport. Voor advies kunt u ook altijd contact met ons opnemen. Maar ook voor vragen over bepaalde producten. Veel plezier op onze site! Hoogstra Autosport B.V.Industrieweg 267921JP ZuidwoldeTelefoon: 0528-854614Email: [&hellip;]","og_url":"https:\/\/www.hoogstra-autosport.nl\/de\/over-ons\/","og_site_name":"Hoogstra Autosport","article_modified_time":"2025-09-12T07:37:18+00:00","og_image":[{"width":776,"height":720,"url":"https:\/\/www.hoogstra-autosport.nl\/teamkoen\/wp-content\/uploads\/2025\/03\/original-5B0F7734-9A66-43F1-BE08-2583BBF8BD63.jpeg","type":"image\/jpeg"}],"twitter_card":"summary_large_image","twitter_misc":{"Gesch\u00e4tzte Lesezeit":"1\u00a0Minute"},"schema":{"@context":"https:\/\/schema.org","@graph":[{"@type":"WebPage","@id":"https:\/\/www.hoogstra-autosport.nl\/over-ons\/","url":"https:\/\/www.hoogstra-autosport.nl\/over-ons\/","name":"Over ons - Hoogstra Autosport","isPartOf":{"@id":"https:\/\/www.hoogstra-autosport.nl\/#website"},"primaryImageOfPage":{"@id":"https:\/\/www.hoogstra-autosport.nl\/over-ons\/#primaryimage"},"image":{"@id":"https:\/\/www.hoogstra-autosport.nl\/over-ons\/#primaryimage"},"thumbnailUrl":"https:\/\/www.hoogstra-autosport.nl\/teamkoen\/wp-content\/uploads\/2025\/03\/original-5B0F7734-9A66-43F1-BE08-2583BBF8BD63.jpeg","datePublished":"2019-03-19T13:48:37+00:00","dateModified":"2025-09-12T07:37:18+00:00","breadcrumb":{"@id":"https:\/\/www.hoogstra-autosport.nl\/over-ons\/#breadcrumb"},"inLanguage":"de","potentialAction":[{"@type":"ReadAction","target":["https:\/\/www.hoogstra-autosport.nl\/over-ons\/"]}]},{"@type":"ImageObject","inLanguage":"de","@id":"https:\/\/www.hoogstra-autosport.nl\/over-ons\/#primaryimage","url":"https:\/\/www.hoogstra-autosport.nl\/teamkoen\/wp-content\/uploads\/2025\/03\/original-5B0F7734-9A66-43F1-BE08-2583BBF8BD63.jpeg","contentUrl":"https:\/\/www.hoogstra-autosport.nl\/teamkoen\/wp-content\/uploads\/2025\/03\/original-5B0F7734-9A66-43F1-BE08-2583BBF8BD63.jpeg"},{"@type":"BreadcrumbList","@id":"https:\/\/www.hoogstra-autosport.nl\/over-ons\/#breadcrumb","itemListElement":[{"@type":"ListItem","position":1,"name":"Home","item":"https:\/\/www.hoogstra-autosport.nl\/"},{"@type":"ListItem","position":2,"name":"Over ons"}]},{"@type":"WebSite","@id":"https:\/\/www.hoogstra-autosport.nl\/#website","url":"https:\/\/www.hoogstra-autosport.nl\/","name":"Hoogstra Autosport","description":"Performance Autosport Parts!","potentialAction":[{"@type":"SearchAction","target":{"@type":"EntryPoint","urlTemplate":"https:\/\/www.hoogstra-autosport.nl\/?s={search_term_string}"},"query-input":{"@type":"PropertyValueSpecification","valueRequired":true,"valueName":"search_term_string"}}],"inLanguage":"de"}]}},"_links":{"self":[{"href":"https:\/\/www.hoogstra-autosport.nl\/de\/wp-json\/wp\/v2\/pages\/26","targetHints":{"allow":["GET"]}}],"collection":[{"href":"https:\/\/www.hoogstra-autosport.nl\/de\/wp-json\/wp\/v2\/pages"}],"about":[{"href":"https:\/\/www.hoogstra-autosport.nl\/de\/wp-json\/wp\/v2\/types\/page"}],"author":[{"embeddable":true,"href":"https:\/\/www.hoogstra-autosport.nl\/de\/wp-json\/wp\/v2\/users\/3084"}],"replies":[{"embeddable":true,"href":"https:\/\/www.hoogstra-autosport.nl\/de\/wp-json\/wp\/v2\/comments?post=26"}],"version-history":[{"count":11,"href":"https:\/\/www.hoogstra-autosport.nl\/de\/wp-json\/wp\/v2\/pages\/26\/revisions"}],"predecessor-version":[{"id":90663,"href":"https:\/\/www.hoogstra-autosport.nl\/de\/wp-json\/wp\/v2\/pages\/26\/revisions\/90663"}],"wp:attachment":[{"href":"https:\/\/www.hoogstra-autosport.nl\/de\/wp-json\/wp\/v2\/media?parent=26"}],"curies":[{"name":"wp","href":"https:\/\/api.w.org\/{rel}","templated":true}]}}